{"id":34574,"date":"2025-02-28T18:05:33","date_gmt":"2025-02-28T17:05:33","guid":{"rendered":"https:\/\/borgunto.com\/?post_type=product&#038;p=34574"},"modified":"2026-05-10T15:37:16","modified_gmt":"2026-05-10T13:37:16","slug":"sacchetto-lavanda","status":"publish","type":"product","link":"https:\/\/borgunto.com\/sv\/produkt\/sacchetto-lavanda\/","title":{"rendered":"Lavendel"},"content":{"rendered":"<article><!-- Nome del prodotto --><\/p>\n<h1>Borgunto lavendel<\/h1>\n<p><!-- Ingredienti --><\/p>\n<p class=\"translation-block\">Ingredienser: 100 % lavendelblommor<\/p>\n<p><!-- Prezzi e spedizione --><\/p>\n<section>\n<h2>Priser och frakt<\/h2>\n<table>\n<thead>\n<tr>\n<th scope=\"col\">V\u00e4ska(r).<\/th>\n<th scope=\"col\">Pris<\/th>\n<th scope=\"col\">Frakt<\/th>\n<\/tr>\n<\/thead>\n<tbody>\n<tr>\n<td>1<\/td>\n<td>2\u00a0\u20ac<\/td>\n<td>8\u00a0\u20ac<\/td>\n<\/tr>\n<tr>\n<td>6<\/td>\n<td>10\u00a0\u20ac<\/td>\n<td>Ing\u00e5r<\/td>\n<\/tr>\n<\/tbody>\n<\/table>\n<\/section>\n<\/article>\n<p><span style=\"color: white;\"> Profumatore d&#8217;ambiente<\/span><br \/>\n<span style=\"color: white;\"> Lavanda Toscana<\/span><br \/>\n<span style=\"color: white;\"> Sacchetto di lavanda<\/span><br \/>\n<span style=\"color: white;\"> Lavanda essiccata<\/span><\/p>","protected":false},"excerpt":{"rendered":"<p><span style=\"color: #1b1919; font-size: 24px;\">Toskansk lavendeldoft f\u00f6r ditt hem<\/span><\/p>\n<section>Uppt\u00e4ck den f\u00f6rtrollande lavendeldoften i eleganta p\u00e5sar, utformade f\u00f6r att ge dina utrymmen en touch av fr\u00e4sch\u00f6r.<\/section>\n<p><!-- Sezione Expertise: Origine e Qualit\u00e0 del Prodotto --><\/p>\n<section>\n<h3>H\u00f6gkvalitativ lavendel fr\u00e5n v\u00e5r egendom<\/h3>\n<p>Dessa p\u00e5sar \u00e4r noggrant tillverkade med h\u00f6gkvalitativa lavendelblommor fr\u00e5n v\u00e5r egendom och erbjuder avslappnande och renande egenskaper, h\u00e5ller insekter borta och bevarar fr\u00e4sch\u00f6ren hos kl\u00e4der och tyger.<\/p>\n<p><!-- E-E-A-T: Lista benefici strutturata per Google \"Product Highlights\" --><\/p>\n<ul>\n<li class=\"translation-block\"><strong>Avslappnande egenskaper:<\/strong> fr\u00e4mjar dagligt v\u00e4lbefinnande<\/li>\n<li class=\"translation-block\">Reng\u00f6rande effekt: frisk och naturlig milj\u00f6<\/li>\n<li class=\"translation-block\"><strong>Naturligt skydd<\/strong>de h\u00e5ller insekter borta<\/li>\n<li class=\"translation-block\"><strong>Textilv\u00e5rd:<\/strong> bevarar fr\u00e4sch\u00f6ren hos kl\u00e4der och linne<\/li>\n<\/ul>\n<\/section>\n<p><!-- Sezione Use Cases: Experience + Practical Value --><\/p>\n<section>\n<h3>Kompakt design f\u00f6r alla utrymmen<\/h3>\n<p>Den kompakta designen g\u00f6r dem idealiska f\u00f6r l\u00e5dor, sk\u00e5p och \u00e4ven tr\u00e5nga utrymmen, och f\u00f6rvandlar varje \u00f6ppning till ett \u00f6gonblick av sensorisk njutning.<\/p>\n<p><!-- Lista contesti d'uso per rich snippet --><\/p>\n<ul>\n<li>Linne l\u00e5dor och garderob<\/li>\n<li>Garderober och garderober<\/li>\n<li>Bilplatser, resv\u00e4skor, bokhyllor<\/li>\n<li>Avkopplingsh\u00f6rnor och sovrum<\/li>\n<\/ul>\n<\/section>\n<p><!-- Sezione Trust + Authoritativeness: Valori del Brand --><\/p>\n<section>\n<h3>Toskansk tradition och naturligt v\u00e4lbefinnande<\/h3>\n<p>Perfekt f\u00f6r vardagsbruk eller som presentid\u00e9, v\u00e5ra lavendelp\u00e5sar kombinerar tradition och v\u00e4lbefinnande, f\u00f6r ett hem som alltid \u00e4r v\u00e4lkomnande och v\u00e4ldoftande.<\/p>\n<p><!-- E-E-A-T Badges visivi per Trustworthiness --><\/p>\n<div class=\"eea-t-badges translation-block\"><span>\ud83c\udf3f Hantverksm\u00e4ssig produkt<\/span><br>\n<span>\ud83c\udfe1 Certifierad toskansk egendom<\/span><br>\n<span>\u2728 100 % naturlig<\/span><br>\n<span>\ud83c\udf81 H\u00e5llbar presentid\u00e9<\/span><\/div>\n<\/section>\n<p><!-- === PULSANTI CIRCOLARI AMAZON &#038; EBAY === --><\/p>\n<div style=\"margin: 20px 0; padding: 15px 0; display: flex; gap: 16px; justify-content: flex-start; flex-wrap: wrap;\">\n<p>  <!-- Amazon Circular Button --><br \/>\n  <a href=\"https:\/\/www.amazon.it\/Borgunto%C2%AE-Sacchetti-Lavanda-Pezzi-Purificanti\/dp\/B0DXFYKW4M?ref_=ast_sto_dp&#038;th=1&#038;psc=\" \n     target=\"_blank\" \n     rel=\"noopener noreferrer\" \n     style=\"display: flex; align-items: center; justify-content: center; width: 60px; height: 60px; border-radius: 50%; text-decoration: none !important; background: linear-gradient(135deg, #FF9900, #FFB14D); color: #232F3E; box-shadow: 0 4px 12px rgba(0,0,0,0.15); transition: all 0.3s ease; position: relative; border: 2px solid transparent;\"\n     onmouseover=\"this.style.transform='scale(1.08)'; this.style.boxShadow='0 6px 20px rgba(0,0,0,0.25)';\"\n     onmouseout=\"this.style.transform='scale(1)'; this.style.boxShadow='0 4px 12px rgba(0,0,0,0.15)';\"><br \/>\n    <img decoding=\"async\" src=\"https:\/\/cdn.iconscout.com\/icon\/free\/png-256\/free-amazon-logo-icon-svg-download-png-1583154.png?f=webp\" \n         alt=\"Amazon\" \n         style=\"width: 32px !important; height: 32px !important; object-fit: contain; display: block;\"><br \/>\n    <span style=\"position: absolute; bottom: -35px; left: 50%; transform: translateX(-50%); white-space: nowrap; font-size: 12px; font-weight: 600; color: #333; opacity: 0; transition: opacity 0.2s; pointer-events: none;\">Acquista su Amazon<\/span><br \/>\n  <\/a><\/p>\n<p>  <!-- eBay Circular Button --><br \/>\n  <a href=\"https:\/\/www.ebay.it\/itm\/376807446319?itmmeta=01KNXZCTEMEAS7BXZTJBF6JMJH&#038;hash=item57bb79572f:g:lQkAAeSwU2NpTo0T\" \n     target=\"_blank\" \n     rel=\"noopener noreferrer\" \n     style=\"display: flex; align-items: center; justify-content: center; width: 60px; height: 60px; border-radius: 50%; text-decoration: none !important; background: linear-gradient(135deg, #E53238 0%, #0064D2 50%, #F5AF02 100%); background-size: 200% 200%; color: white; box-shadow: 0 4px 12px rgba(0,0,0,0.15); transition: all 0.3s ease; position: relative; border: 2px solid transparent;\"\n     onmouseover=\"this.style.transform='scale(1.08)'; this.style.boxShadow='0 6px 20px rgba(0,0,0,0.25)'; this.style.backgroundPosition='right center';\"\n     onmouseout=\"this.style.transform='scale(1)'; this.style.boxShadow='0 4px 12px rgba(0,0,0,0.15)'; this.style.backgroundPosition='left center';\"><br \/>\n    <img decoding=\"async\" src=\"https:\/\/storage.googleapis.com\/msgsndr\/z6XdTU91SOnHw123nyir\/media\/67c87de08123744ce68ae3c9.webp\" \n         alt=\"eBay\" \n         style=\"width: 32px !important; height: 32px !important; object-fit: contain; display: block;\"><br \/>\n    <span style=\"position: absolute; bottom: -35px; left: 50%; transform: translateX(-50%); white-space: nowrap; font-size: 12px; font-weight: 600; color: #333; opacity: 0; transition: opacity 0.2s; pointer-events: none;\">Acquista su eBay<\/span><br \/>\n  <\/a><\/p>\n<\/div>\n<p><!-- === FINE PULSANTI CIRCOLARI === --><\/p>","protected":false},"featured_media":37692,"comment_status":"open","ping_status":"closed","template":"","meta":[],"product_brand":[],"product_cat":[110],"product_tag":[479,478,75,513,74],"class_list":{"0":"post-34574","1":"product","2":"type-product","3":"status-publish","4":"has-post-thumbnail","6":"product_cat-sfiziosita","7":"product_tag-lavanda-toscana","8":"product_tag-profumatore-dambiente","9":"product_tag-qualita","10":"product_tag-sacchetto-di-lavanda","11":"product_tag-toscano","13":"first","14":"instock","15":"shipping-taxable","16":"purchasable","17":"product-type-simple"},"yoast_head":"<!-- This site is optimized with the Yoast SEO Premium plugin v24.0 (Yoast SEO v27.2) - https:\/\/yoast.com\/product\/yoast-seo-premium-wordpress\/ -->\n<title>Sacchetto Lavanda Artigianale | Profumo Naturale Toscana<\/title>\n<meta name=\"description\" content=\"Sacchetti di lavanda toscana essiccata: profumano naturalmente armadi e cassetti, tengono lontani gli insetti. Artigianali, 100% naturali.\" \/>\n<meta name=\"robots\" content=\"index, follow, max-snippet:-1, max-image-preview:large, max-video-preview:-1\" \/>\n<link rel=\"canonical\" href=\"https:\/\/borgunto.com\/sv\/produkt\/sacchetto-lavanda\/\" \/>\n<meta property=\"og:locale\" content=\"sv_SE\" \/>\n<meta property=\"og:type\" content=\"article\" \/>\n<meta property=\"og:title\" content=\"Lavanda\" \/>\n<meta property=\"og:description\" content=\"Sacchetti di lavanda toscana essiccata: profumano naturalmente armadi e cassetti, tengono lontani gli insetti. Artigianali, 100% naturali.\" \/>\n<meta property=\"og:url\" content=\"https:\/\/borgunto.com\/sv\/produkt\/sacchetto-lavanda\/\" \/>\n<meta property=\"og:site_name\" content=\"Azienda Agricola Borgunto - I nostri vini Chianti\" \/>\n<meta property=\"article:publisher\" content=\"https:\/\/www.facebook.com\/borguntooilwinetuscany\" \/>\n<meta property=\"article:modified_time\" content=\"2026-05-10T13:37:16+00:00\" \/>\n<meta property=\"og:image\" content=\"https:\/\/borgunto.com\/wp-content\/uploads\/2025\/02\/Lavanda.webp\" \/>\n\t<meta property=\"og:image:width\" content=\"2050\" \/>\n\t<meta property=\"og:image:height\" content=\"2042\" \/>\n\t<meta property=\"og:image:type\" content=\"image\/webp\" \/>\n<meta name=\"twitter:card\" content=\"summary_large_image\" \/>\n<meta name=\"twitter:label1\" content=\"Ber\u00e4knad l\u00e4stid\" \/>\n\t<meta name=\"twitter:data1\" content=\"1 minut\" \/>\n<script type=\"application\/ld+json\" class=\"yoast-schema-graph\">{\"@context\":\"https:\/\/schema.org\",\"@graph\":[{\"@type\":\"WebPage\",\"@id\":\"https:\/\/borgunto.com\/prodotto\/sacchetto-lavanda\/\",\"url\":\"https:\/\/borgunto.com\/prodotto\/sacchetto-lavanda\/\",\"name\":\"Sacchetto Lavanda Artigianale | Profumo Naturale Toscana\",\"isPartOf\":{\"@id\":\"https:\/\/borgunto.com\/#website\"},\"primaryImageOfPage\":{\"@id\":\"https:\/\/borgunto.com\/prodotto\/sacchetto-lavanda\/#primaryimage\"},\"image\":{\"@id\":\"https:\/\/borgunto.com\/prodotto\/sacchetto-lavanda\/#primaryimage\"},\"thumbnailUrl\":\"https:\/\/borgunto.com\/wp-content\/uploads\/2025\/02\/Lavanda.webp\",\"datePublished\":\"2025-02-28T17:05:33+00:00\",\"dateModified\":\"2026-05-10T13:37:16+00:00\",\"description\":\"Sacchetti di lavanda toscana essiccata: profumano naturalmente armadi e cassetti, tengono lontani gli insetti. Artigianali, 100% naturali.\",\"breadcrumb\":{\"@id\":\"https:\/\/borgunto.com\/prodotto\/sacchetto-lavanda\/#breadcrumb\"},\"inLanguage\":\"sv-SE\",\"potentialAction\":[{\"@type\":\"ReadAction\",\"target\":[\"https:\/\/borgunto.com\/prodotto\/sacchetto-lavanda\/\"]}]},{\"@type\":\"ImageObject\",\"inLanguage\":\"sv-SE\",\"@id\":\"https:\/\/borgunto.com\/prodotto\/sacchetto-lavanda\/#primaryimage\",\"url\":\"https:\/\/borgunto.com\/wp-content\/uploads\/2025\/02\/Lavanda.webp\",\"contentUrl\":\"https:\/\/borgunto.com\/wp-content\/uploads\/2025\/02\/Lavanda.webp\",\"width\":2050,\"height\":2042,\"caption\":\"Sacchetti Profumati Lavanda Borgunto - Lavanda Naturale Toscana\"},{\"@type\":\"BreadcrumbList\",\"@id\":\"https:\/\/borgunto.com\/prodotto\/sacchetto-lavanda\/#breadcrumb\",\"itemListElement\":[{\"@type\":\"ListItem\",\"position\":1,\"name\":\"Home\",\"item\":\"https:\/\/borgunto.com\/\"},{\"@type\":\"ListItem\",\"position\":2,\"name\":\"Shop\",\"item\":\"https:\/\/borgunto.com\/shop\/\"},{\"@type\":\"ListItem\",\"position\":3,\"name\":\"Lavanda\"}]},{\"@type\":\"WebSite\",\"@id\":\"https:\/\/borgunto.com\/#website\",\"url\":\"https:\/\/borgunto.com\/\",\"name\":\"Azienda Agricola Borgunto - Olio, Chianti e Tartufo Italiano\",\"description\":\"\",\"publisher\":{\"@id\":\"https:\/\/borgunto.com\/#organization\"},\"potentialAction\":[{\"@type\":\"SearchAction\",\"target\":{\"@type\":\"EntryPoint\",\"urlTemplate\":\"https:\/\/borgunto.com\/?s={search_term_string}\"},\"query-input\":{\"@type\":\"PropertyValueSpecification\",\"valueRequired\":true,\"valueName\":\"search_term_string\"}}],\"inLanguage\":\"sv-SE\"},{\"@type\":\"Organization\",\"@id\":\"https:\/\/borgunto.com\/#organization\",\"name\":\"Azienda Agricola Borgunto - Olio, Chianti e Tartufo Italiano\",\"url\":\"https:\/\/borgunto.com\/\",\"logo\":{\"@type\":\"ImageObject\",\"inLanguage\":\"sv-SE\",\"@id\":\"https:\/\/borgunto.com\/#\/schema\/logo\/image\/\",\"url\":\"https:\/\/borgunto.com\/wp-content\/uploads\/2021\/04\/cropped-Logo-Borgunto.png\",\"contentUrl\":\"https:\/\/borgunto.com\/wp-content\/uploads\/2021\/04\/cropped-Logo-Borgunto.png\",\"width\":562,\"height\":354,\"caption\":\"Azienda Agricola Borgunto - Olio, Chianti e Tartufo Italiano\"},\"image\":{\"@id\":\"https:\/\/borgunto.com\/#\/schema\/logo\/image\/\"},\"sameAs\":[\"https:\/\/www.facebook.com\/borguntooilwinetuscany\"]}]}<\/script>\n<!-- \/ Yoast SEO Premium plugin. -->","yoast_head_json":{"title":"Sacchetto Lavanda Artigianale | Profumo Naturale Toscana","description":"Sacchetti di lavanda toscana essiccata: profumano naturalmente armadi e cassetti, tengono lontani gli insetti. Artigianali, 100% naturali.","robots":{"index":"index","follow":"follow","max-snippet":"max-snippet:-1","max-image-preview":"max-image-preview:large","max-video-preview":"max-video-preview:-1"},"canonical":"https:\/\/borgunto.com\/sv\/produkt\/sacchetto-lavanda\/","og_locale":"sv_SE","og_type":"article","og_title":"Lavanda","og_description":"Sacchetti di lavanda toscana essiccata: profumano naturalmente armadi e cassetti, tengono lontani gli insetti. Artigianali, 100% naturali.","og_url":"https:\/\/borgunto.com\/sv\/produkt\/sacchetto-lavanda\/","og_site_name":"Azienda Agricola Borgunto - I nostri vini Chianti","article_publisher":"https:\/\/www.facebook.com\/borguntooilwinetuscany","article_modified_time":"2026-05-10T13:37:16+00:00","og_image":[{"width":2050,"height":2042,"url":"https:\/\/borgunto.com\/wp-content\/uploads\/2025\/02\/Lavanda.webp","type":"image\/webp"}],"twitter_card":"summary_large_image","twitter_misc":{"Ber\u00e4knad l\u00e4stid":"1 minut"},"schema":{"@context":"https:\/\/schema.org","@graph":[{"@type":"WebPage","@id":"https:\/\/borgunto.com\/prodotto\/sacchetto-lavanda\/","url":"https:\/\/borgunto.com\/prodotto\/sacchetto-lavanda\/","name":"Sacchetto Lavanda Artigianale | Profumo Naturale Toscana","isPartOf":{"@id":"https:\/\/borgunto.com\/#website"},"primaryImageOfPage":{"@id":"https:\/\/borgunto.com\/prodotto\/sacchetto-lavanda\/#primaryimage"},"image":{"@id":"https:\/\/borgunto.com\/prodotto\/sacchetto-lavanda\/#primaryimage"},"thumbnailUrl":"https:\/\/borgunto.com\/wp-content\/uploads\/2025\/02\/Lavanda.webp","datePublished":"2025-02-28T17:05:33+00:00","dateModified":"2026-05-10T13:37:16+00:00","description":"Sacchetti di lavanda toscana essiccata: profumano naturalmente armadi e cassetti, tengono lontani gli insetti. Artigianali, 100% naturali.","breadcrumb":{"@id":"https:\/\/borgunto.com\/prodotto\/sacchetto-lavanda\/#breadcrumb"},"inLanguage":"sv-SE","potentialAction":[{"@type":"ReadAction","target":["https:\/\/borgunto.com\/prodotto\/sacchetto-lavanda\/"]}]},{"@type":"ImageObject","inLanguage":"sv-SE","@id":"https:\/\/borgunto.com\/prodotto\/sacchetto-lavanda\/#primaryimage","url":"https:\/\/borgunto.com\/wp-content\/uploads\/2025\/02\/Lavanda.webp","contentUrl":"https:\/\/borgunto.com\/wp-content\/uploads\/2025\/02\/Lavanda.webp","width":2050,"height":2042,"caption":"Sacchetti Profumati Lavanda Borgunto - Lavanda Naturale Toscana"},{"@type":"BreadcrumbList","@id":"https:\/\/borgunto.com\/prodotto\/sacchetto-lavanda\/#breadcrumb","itemListElement":[{"@type":"ListItem","position":1,"name":"Home","item":"https:\/\/borgunto.com\/"},{"@type":"ListItem","position":2,"name":"Shop","item":"https:\/\/borgunto.com\/shop\/"},{"@type":"ListItem","position":3,"name":"Lavanda"}]},{"@type":"WebSite","@id":"https:\/\/borgunto.com\/#website","url":"https:\/\/borgunto.com\/","name":"Azienda Agricola Borgunto - Olio, Chianti e Tartufo Italiano","description":"","publisher":{"@id":"https:\/\/borgunto.com\/#organization"},"potentialAction":[{"@type":"SearchAction","target":{"@type":"EntryPoint","urlTemplate":"https:\/\/borgunto.com\/?s={search_term_string}"},"query-input":{"@type":"PropertyValueSpecification","valueRequired":true,"valueName":"search_term_string"}}],"inLanguage":"sv-SE"},{"@type":"Organization","@id":"https:\/\/borgunto.com\/#organization","name":"Azienda Agricola Borgunto - Olio, Chianti e Tartufo Italiano","url":"https:\/\/borgunto.com\/","logo":{"@type":"ImageObject","inLanguage":"sv-SE","@id":"https:\/\/borgunto.com\/#\/schema\/logo\/image\/","url":"https:\/\/borgunto.com\/wp-content\/uploads\/2021\/04\/cropped-Logo-Borgunto.png","contentUrl":"https:\/\/borgunto.com\/wp-content\/uploads\/2021\/04\/cropped-Logo-Borgunto.png","width":562,"height":354,"caption":"Azienda Agricola Borgunto - Olio, Chianti e Tartufo Italiano"},"image":{"@id":"https:\/\/borgunto.com\/#\/schema\/logo\/image\/"},"sameAs":["https:\/\/www.facebook.com\/borguntooilwinetuscany"]}]}},"jetpack_sharing_enabled":true,"_links":{"self":[{"href":"https:\/\/borgunto.com\/sv\/wp-json\/wp\/v2\/product\/34574","targetHints":{"allow":["GET"]}}],"collection":[{"href":"https:\/\/borgunto.com\/sv\/wp-json\/wp\/v2\/product"}],"about":[{"href":"https:\/\/borgunto.com\/sv\/wp-json\/wp\/v2\/types\/product"}],"replies":[{"embeddable":true,"href":"https:\/\/borgunto.com\/sv\/wp-json\/wp\/v2\/comments?post=34574"}],"wp:featuredmedia":[{"embeddable":true,"href":"https:\/\/borgunto.com\/sv\/wp-json\/wp\/v2\/media\/37692"}],"wp:attachment":[{"href":"https:\/\/borgunto.com\/sv\/wp-json\/wp\/v2\/media?parent=34574"}],"wp:term":[{"taxonomy":"product_brand","embeddable":true,"href":"https:\/\/borgunto.com\/sv\/wp-json\/wp\/v2\/product_brand?post=34574"},{"taxonomy":"product_cat","embeddable":true,"href":"https:\/\/borgunto.com\/sv\/wp-json\/wp\/v2\/product_cat?post=34574"},{"taxonomy":"product_tag","embeddable":true,"href":"https:\/\/borgunto.com\/sv\/wp-json\/wp\/v2\/product_tag?post=34574"}],"curies":[{"name":"wp","href":"https:\/\/api.w.org\/{rel}","templated":true}]}}