                                                                                                                                                                                                                                                                                                                                                                                                                                                                                                                                                                                                                                                                                                                                                                                                                                                                                                                                                                                                                                                                {"id":38132,"date":"2026-01-31T16:30:42","date_gmt":"2026-01-31T15:30:42","guid":{"rendered":"https:\/\/borgunto.com\/?page_id=38132"},"modified":"2026-02-01T16:10:46","modified_gmt":"2026-02-01T15:10:46","slug":"la-potatura","status":"publish","type":"page","link":"https:\/\/borgunto.com\/sv\/la-potatura\/","title":{"rendered":"La Potatura"},"content":{"rendered":"<div class=\"wpb-content-wrapper\"><div class=\"vc_row wpb_row vc_row-fluid\"><div class=\"wpb_column vc_column_container vc_col-sm-12\"><div class=\"vc_column-inner\"><div class=\"wpb_wrapper\">\n\t<div class=\"wpb_text_column wpb_content_element\" >\n\t\t<div class=\"wpb_wrapper\">\n\t\t\t<article class=\"blog-post olive-pruning-tuscany\">\n<header>\n<h1>Besk\u00e4rning av olivlundar i Toscana: Mellan tradition och modern teknik<\/h1>\n<\/header>\n<section class=\"introduction\">\n<p class=\"translation-block\">Besk\u00e4rning av olivtr\u00e4d i Toscana \u00e4r en ur\u00e5ldrig f\u00e4rdighet, frukten av \u00e5rhundraden av jordbrukserfarenhet, som idag \u00e4r integrerad med de modernaste agronomiska teknikerna. M\u00e5let f\u00f6rblir of\u00f6r\u00e4ndrat: att f\u00e5 en extra jungfruolja av h\u00f6gsta kvalitet, det ber\u00f6mda toskanska gr\u00f6na guldet.<\/p>\n<p>F\u00f6r att uppn\u00e5 detta resultat r\u00e4cker det inte att bara \"reng\u00f6ra\" tr\u00e4det; det \u00e4r n\u00f6dv\u00e4ndigt att styra dess tillv\u00e4xt och se till att varje oliv f\u00e5r r\u00e4tt m\u00e4ngd ljus, luft och n\u00e4rings\u00e4mnen.<\/p>\n<\/section>\n<section class=\"quality-parameters\">\n<h2>Oljekvalitet: Grundl\u00e4ggande parametrar<\/h2>\n<p class=\"translation-block\">Att sk\u00f6ta en olivlund p\u00e5 r\u00e4tt s\u00e4tt inneb\u00e4r att arbeta med blicken riktad mot kvarnen och f\u00f6rest\u00e4lla sig den sensoriska profilen hos den slutliga oljan fr\u00e5n besk\u00e4rningsstadiet och fram\u00e5t. I Toscana \u00e4r kvalitet faktiskt n\u00e4ra kopplad till tv\u00e5 grundl\u00e4ggande parametrar:<\/p>\n<ul>\n<li><strong>H\u00f6g koncentration av polyfenoler<\/strong><\/li>\n<li><strong>L\u00e5g syra<\/strong><\/li>\n<\/ul>\n<p>B\u00e5da \u00e4r beroende av olivernas h\u00e4lsa vid sk\u00f6rdetid. Ett alltf\u00f6r tjockt tr\u00e4dkrona skapar ett fuktigt mikroklimat som gynnar:<\/p>\n<ul>\n<li class=\"translation-block\">oljeflugan (Bactrocera oleae)<\/li>\n<li>svampsjukdomar som p\u00e5f\u00e5gel\u00f6gon<\/li>\n<\/ul>\n<p>Av denna anledning m\u00e5ste besk\u00e4rning syfta till att s\u00e4kerst\u00e4lla maximalt ljus och ventilation. Ett blad som st\u00e4ndigt st\u00e5r i skugga producerar inte energi genom fotosyntes, utan ber\u00f6var snarare v\u00e4xten resurser, vilket f\u00f6rs\u00e4mrar produktionen.<\/p>\n<\/section>\n<section class=\"training-system\">\n<h2>Tr\u00e4ningssystemet: den polykoniska vasen<\/h2>\n<p class=\"translation-block\">F\u00f6r de som str\u00e4var efter excellens \u00e4r det l\u00e4mpligaste valet den polykoniska vasen, en struktur som inkluderar:<\/p>\n<ul>\n<li>3 eller 4 prim\u00e4ra grenar<\/li>\n<li>grenar med bra avst\u00e5nd fr\u00e5n varandra<\/li>\n<li>yttre utveckling<\/li>\n<\/ul>\n<p class=\"translation-block\">Varje gren slutar i en tunn spets, kallad en pil, som kontrollerar apikala dominanser. Denna \u00e5tg\u00e4rd begr\u00e4nsar tillv\u00e4xten av vertikala rotskott och uppr\u00e4tth\u00e5ller produktionen i de laterala och nedre omr\u00e5dena, vilka \u00e4r mer balanserade och l\u00e4ttare att sk\u00f6rda.<\/p>\n<p class=\"translation-block\">En annan viktig aspekt \u00e4r att *t\u00f6mma* mitten av tr\u00e4dkronan. En fri mitt m\u00f6jligg\u00f6r effektiv luftcirkulation, vilket minskar luftfuktigheten och risken f\u00f6r sjukdomar.<\/p>\n<\/section>\n<section class=\"strategic-cuts\">\n<h2>Strategiska nedsk\u00e4rningar vid besk\u00e4rning<\/h2>\n<p>Effektiv besk\u00e4rning kr\u00e4ver f\u00f6rm\u00e5gan att skilja p\u00e5 vad som ska elimineras:<\/p>\n<h3>Objekt att ta bort<\/h3>\n<ul>\n<li class=\"translation-block\">Skottar och skott:: de v\u00e4xer p\u00e5 grenarna respektive vid stammens bas och avl\u00e4gsnar sav utan att producera oliver<\/li>\n<li><strong>Rami esauriti<\/strong>: l&#8217;olivo fruttifica sui rami dell&#8217;anno precedente; quelli gi\u00e0 produttivi e penduli vanno rimossi per favorire il rinnovo<\/li>\n<\/ul>\n<p>\u00c8 essenziale rispettare il <strong>collare del ramo<\/strong>, evitando tagli a filo del tronco che impedirebbero una corretta cicatrizzazione e favorirebbero carie del legno.<\/p>\n<\/section>\n<section class=\"timing-tools\">\n<h2>Besk\u00e4rningsperiod och utrustning<\/h2>\n<p class=\"translation-block\">I Toscana \u00e4r den ideala tiden f\u00f6r besk\u00e4rning senvinter, vanligtvis mars, n\u00e4r risken f\u00f6r frost \u00e4r \u00f6ver. Det \u00e4r viktigt att anv\u00e4nda:<\/p>\n<ul>\n<li>vassa saxar och s\u00e5gar<\/li>\n<li>rena och desinficerade verktyg<\/li>\n<\/ul>\n<p>Efter besk\u00e4rning skyddar en kopparbaserad behandling s\u00e5ren och f\u00f6rhindrar svampinfektioner p\u00e5 v\u00e5ren.<\/p>\n<\/section>\n<section class=\"conclusion\">\n<h2>Slutsatser: F\u00f6rdelarna med korrekt besk\u00e4rning<\/h2>\n<p>Besk\u00e4rning utf\u00f6rd med omsorg:<\/p>\n<ul>\n<li>minskar den produktiva v\u00e4xlingen<\/li>\n<li>f\u00f6rb\u00e4ttrar olivernas h\u00e4lsa<\/li>\n<li>f\u00f6rst\u00e4rker oljans aromer och kvalitet<\/li>\n<\/ul>\n<p class=\"translation-block\">Bra olivolja f\u00f6ds f\u00f6rst och fr\u00e4mst p\u00e5 f\u00e4lten, tack vare medvetna val som kombinerar tradition, observation och modern teknologi, vilket bevarar den toskanska olivodlingens identitet \u00f6ver tid.<\/p>\n<p class=\"location-tag\">Erfarenhet och tradition av toskansk olivodling, fr\u00e5n Arezzos landsbygd till produktion av extra jungfruolivolja av h\u00f6g kvalitet.<\/p>\n<\/section>\n<footer class=\"article-meta\"><\/footer>\n<\/article>\n\n\t\t<\/div>\n\t<\/div>\n<\/div><\/div><\/div><\/div>\n<!-- \/wp:post-content --><\/div>","protected":false},"excerpt":{"rendered":"La Potatura dell'Oliveto in Toscana: Tra Tradizione e Tecnica Moderna La potatura dell'olivo in Toscana \u00e8 un sapere antico, frutto","protected":false},"author":3,"featured_media":0,"parent":0,"menu_order":0,"comment_status":"closed","ping_status":"closed","template":"","meta":{"footnotes":""},"class_list":["post-38132","page","type-page","status-publish","hentry"],"yoast_head":"<!-- This site is optimized with the Yoast SEO Premium plugin v24.0 (Yoast SEO v27.2) - https:\/\/yoast.com\/product\/yoast-seo-premium-wordpress\/ -->\n<title>La Potatura - Azienda Agricola Borgunto - I nostri vini Chianti<\/title>\n<meta name=\"robots\" content=\"index, follow, max-snippet:-1, max-image-preview:large, max-video-preview:-1\" \/>\n<link rel=\"canonical\" href=\"https:\/\/borgunto.com\/sv\/la-potatura\/\" \/>\n<meta property=\"og:locale\" content=\"sv_SE\" \/>\n<meta property=\"og:type\" content=\"article\" \/>\n<meta property=\"og:title\" content=\"La Potatura\" \/>\n<meta property=\"og:url\" content=\"https:\/\/borgunto.com\/sv\/la-potatura\/\" \/>\n<meta property=\"og:site_name\" content=\"Azienda Agricola Borgunto - I nostri vini Chianti\" \/>\n<meta property=\"article:publisher\" content=\"https:\/\/www.facebook.com\/borguntooilwinetuscany\" \/>\n<meta property=\"article:modified_time\" content=\"2026-02-01T15:10:46+00:00\" \/>\n<meta name=\"twitter:card\" content=\"summary_large_image\" \/>\n<meta name=\"twitter:label1\" content=\"Ber\u00e4knad l\u00e4stid\" \/>\n\t<meta name=\"twitter:data1\" content=\"3 minuter\" \/>\n<script type=\"application\/ld+json\" class=\"yoast-schema-graph\">{\"@context\":\"https:\/\/schema.org\",\"@graph\":[{\"@type\":\"WebPage\",\"@id\":\"https:\/\/borgunto.com\/la-potatura\/\",\"url\":\"https:\/\/borgunto.com\/la-potatura\/\",\"name\":\"La Potatura - Azienda Agricola Borgunto - I nostri vini Chianti\",\"isPartOf\":{\"@id\":\"https:\/\/borgunto.com\/#website\"},\"datePublished\":\"2026-01-31T15:30:42+00:00\",\"dateModified\":\"2026-02-01T15:10:46+00:00\",\"breadcrumb\":{\"@id\":\"https:\/\/borgunto.com\/la-potatura\/#breadcrumb\"},\"inLanguage\":\"sv-SE\",\"potentialAction\":[{\"@type\":\"ReadAction\",\"target\":[\"https:\/\/borgunto.com\/la-potatura\/\"]}]},{\"@type\":\"BreadcrumbList\",\"@id\":\"https:\/\/borgunto.com\/la-potatura\/#breadcrumb\",\"itemListElement\":[{\"@type\":\"ListItem\",\"position\":1,\"name\":\"Home\",\"item\":\"https:\/\/borgunto.com\/\"},{\"@type\":\"ListItem\",\"position\":2,\"name\":\"La Potatura\"}]},{\"@type\":\"WebSite\",\"@id\":\"https:\/\/borgunto.com\/#website\",\"url\":\"https:\/\/borgunto.com\/\",\"name\":\"Azienda Agricola Borgunto - Olio, Chianti e Tartufo Italiano\",\"description\":\"\",\"publisher\":{\"@id\":\"https:\/\/borgunto.com\/#organization\"},\"potentialAction\":[{\"@type\":\"SearchAction\",\"target\":{\"@type\":\"EntryPoint\",\"urlTemplate\":\"https:\/\/borgunto.com\/?s={search_term_string}\"},\"query-input\":{\"@type\":\"PropertyValueSpecification\",\"valueRequired\":true,\"valueName\":\"search_term_string\"}}],\"inLanguage\":\"sv-SE\"},{\"@type\":\"Organization\",\"@id\":\"https:\/\/borgunto.com\/#organization\",\"name\":\"Azienda Agricola Borgunto - Olio, Chianti e Tartufo Italiano\",\"url\":\"https:\/\/borgunto.com\/\",\"logo\":{\"@type\":\"ImageObject\",\"inLanguage\":\"sv-SE\",\"@id\":\"https:\/\/borgunto.com\/#\/schema\/logo\/image\/\",\"url\":\"https:\/\/borgunto.com\/wp-content\/uploads\/2021\/04\/cropped-Logo-Borgunto.png\",\"contentUrl\":\"https:\/\/borgunto.com\/wp-content\/uploads\/2021\/04\/cropped-Logo-Borgunto.png\",\"width\":562,\"height\":354,\"caption\":\"Azienda Agricola Borgunto - Olio, Chianti e Tartufo Italiano\"},\"image\":{\"@id\":\"https:\/\/borgunto.com\/#\/schema\/logo\/image\/\"},\"sameAs\":[\"https:\/\/www.facebook.com\/borguntooilwinetuscany\"]}]}<\/script>\n<!-- \/ Yoast SEO Premium plugin. -->","yoast_head_json":{"title":"La Potatura - Azienda Agricola Borgunto - I nostri vini Chianti","robots":{"index":"index","follow":"follow","max-snippet":"max-snippet:-1","max-image-preview":"max-image-preview:large","max-video-preview":"max-video-preview:-1"},"canonical":"https:\/\/borgunto.com\/sv\/la-potatura\/","og_locale":"sv_SE","og_type":"article","og_title":"La Potatura","og_url":"https:\/\/borgunto.com\/sv\/la-potatura\/","og_site_name":"Azienda Agricola Borgunto - I nostri vini Chianti","article_publisher":"https:\/\/www.facebook.com\/borguntooilwinetuscany","article_modified_time":"2026-02-01T15:10:46+00:00","twitter_card":"summary_large_image","twitter_misc":{"Ber\u00e4knad l\u00e4stid":"3 minuter"},"schema":{"@context":"https:\/\/schema.org","@graph":[{"@type":"WebPage","@id":"https:\/\/borgunto.com\/la-potatura\/","url":"https:\/\/borgunto.com\/la-potatura\/","name":"La Potatura - Azienda Agricola Borgunto - I nostri vini Chianti","isPartOf":{"@id":"https:\/\/borgunto.com\/#website"},"datePublished":"2026-01-31T15:30:42+00:00","dateModified":"2026-02-01T15:10:46+00:00","breadcrumb":{"@id":"https:\/\/borgunto.com\/la-potatura\/#breadcrumb"},"inLanguage":"sv-SE","potentialAction":[{"@type":"ReadAction","target":["https:\/\/borgunto.com\/la-potatura\/"]}]},{"@type":"BreadcrumbList","@id":"https:\/\/borgunto.com\/la-potatura\/#breadcrumb","itemListElement":[{"@type":"ListItem","position":1,"name":"Home","item":"https:\/\/borgunto.com\/"},{"@type":"ListItem","position":2,"name":"La Potatura"}]},{"@type":"WebSite","@id":"https:\/\/borgunto.com\/#website","url":"https:\/\/borgunto.com\/","name":"Azienda Agricola Borgunto - Olio, Chianti e Tartufo Italiano","description":"","publisher":{"@id":"https:\/\/borgunto.com\/#organization"},"potentialAction":[{"@type":"SearchAction","target":{"@type":"EntryPoint","urlTemplate":"https:\/\/borgunto.com\/?s={search_term_string}"},"query-input":{"@type":"PropertyValueSpecification","valueRequired":true,"valueName":"search_term_string"}}],"inLanguage":"sv-SE"},{"@type":"Organization","@id":"https:\/\/borgunto.com\/#organization","name":"Azienda Agricola Borgunto - Olio, Chianti e Tartufo Italiano","url":"https:\/\/borgunto.com\/","logo":{"@type":"ImageObject","inLanguage":"sv-SE","@id":"https:\/\/borgunto.com\/#\/schema\/logo\/image\/","url":"https:\/\/borgunto.com\/wp-content\/uploads\/2021\/04\/cropped-Logo-Borgunto.png","contentUrl":"https:\/\/borgunto.com\/wp-content\/uploads\/2021\/04\/cropped-Logo-Borgunto.png","width":562,"height":354,"caption":"Azienda Agricola Borgunto - Olio, Chianti e Tartufo Italiano"},"image":{"@id":"https:\/\/borgunto.com\/#\/schema\/logo\/image\/"},"sameAs":["https:\/\/www.facebook.com\/borguntooilwinetuscany"]}]}},"jetpack_sharing_enabled":true,"_links":{"self":[{"href":"https:\/\/borgunto.com\/sv\/wp-json\/wp\/v2\/pages\/38132","targetHints":{"allow":["GET"]}}],"collection":[{"href":"https:\/\/borgunto.com\/sv\/wp-json\/wp\/v2\/pages"}],"about":[{"href":"https:\/\/borgunto.com\/sv\/wp-json\/wp\/v2\/types\/page"}],"author":[{"embeddable":true,"href":"https:\/\/borgunto.com\/sv\/wp-json\/wp\/v2\/users\/3"}],"replies":[{"embeddable":true,"href":"https:\/\/borgunto.com\/sv\/wp-json\/wp\/v2\/comments?post=38132"}],"version-history":[{"count":2,"href":"https:\/\/borgunto.com\/sv\/wp-json\/wp\/v2\/pages\/38132\/revisions"}],"predecessor-version":[{"id":38135,"href":"https:\/\/borgunto.com\/sv\/wp-json\/wp\/v2\/pages\/38132\/revisions\/38135"}],"wp:attachment":[{"href":"https:\/\/borgunto.com\/sv\/wp-json\/wp\/v2\/media?parent=38132"}],"curies":[{"name":"wp","href":"https:\/\/api.w.org\/{rel}","templated":true}]}}