                                                                                                                                                                                                                                                                                                                                                                                                                                                                                                                                                                                                                                                                                                                                                                                                                                                                                                                                                                                                                                                                {"id":35511,"date":"2024-03-25T09:26:05","date_gmt":"2024-03-25T08:26:05","guid":{"rendered":"https:\/\/borgunto.com\/bio-dop-odling\/"},"modified":"2025-08-04T15:38:33","modified_gmt":"2025-08-04T13:38:33","slug":"bio-dop-odling","status":"publish","type":"page","link":"https:\/\/borgunto.com\/sv\/bio-dop-odling\/","title":{"rendered":"BIO\/DOP-odling"},"content":{"rendered":"<div class=\"wpb-content-wrapper\"><div class=\"vc_row wpb_row vc_row-fluid\"><div class=\"wpb_column vc_column_container vc_col-sm-12\"><div class=\"vc_column-inner\"><div class=\"wpb_wrapper\">\n\t<div class=\"wpb_text_column wpb_content_element\" >\n\t\t<div class=\"wpb_wrapper\">\n\t\t\t<section>\n<h2>Ekologiskt jordbruk och skyddade ursprungsbeteckningar (SUB): kvalitet, h\u00e5llbarhet och tradition<\/h2>\n<p><strong>Ekologisk odling<\/strong> och <strong>skyddade ursprungsbeteckningar (SUB)<\/strong> \u00e4r tv\u00e5 olika men kompletterande metoder inom det moderna jordbruket. B\u00e5da syftar till att <strong>bevara kvaliteten p\u00e5 jordbruksprodukter<\/strong>, <strong>fr\u00e4mja milj\u00f6m\u00e4ssig h\u00e5llbarhet<\/strong> och <strong>skydda regionala traditioner<\/strong>. <\/p>\n<h3>Ekologisk odling<\/h3>\n<p><strong>Ekologisk odling<\/strong> \u00e4r ett jordbrukssystem som undviker anv\u00e4ndning av syntetiska bek\u00e4mpningsmedel, konstg\u00f6dsel och GMO. Det bygger p\u00e5 naturliga metoder f\u00f6r att skydda markens, milj\u00f6ns och konsumenternas h\u00e4lsa. <\/p>\n<ul>\n<li><strong>Respekt f\u00f6r milj\u00f6n:<\/strong> anv\u00e4ndning av v\u00e4xelbruk, kompost och naturliga g\u00f6dningsmedel f\u00f6r att berika jorden.<\/li>\n<li><strong>Inga kemiska bek\u00e4mpningsmedel:<\/strong> naturlig skadedjursbek\u00e4mpning f\u00f6r att undvika skador p\u00e5 h\u00e4lsa och ekosystem.<\/li>\n<li><strong>Nej till GMO:<\/strong> total uteslutning av genetiskt modifierade organismer f\u00f6r att skydda den biologiska m\u00e5ngfalden.<\/li>\n<li>H\u00e4lsa <strong>och v\u00e4lbefinnande<\/strong>: h\u00e4lsosammare produkter med f\u00e4rre kemiska restprodukter och h\u00f6gre n\u00e4ringsv\u00e4rde.<\/li>\n<li><strong>Sp\u00e5rbarhet:<\/strong> certifierad leveranskedja fr\u00e5n jord till bord f\u00f6r att garantera \u00e4kthet och transparens.<\/li>\n<\/ul>\n<h3>Skyddad ursprungsbeteckning (SUB)<\/h3>\n<p><strong>SUB<\/strong> \u00e4r ett europeiskt certifieringssystem som <strong>skyddar typiska produkter<\/strong> som \u00e4r knutna till ett visst omr\u00e5de och som framst\u00e4lls enligt traditionella metoder.<\/p>\n<ul>\n<li><strong>Geografiskt ursprung:<\/strong> produktion som \u00e4r knuten till ett visst omr\u00e5de med unika egenskaper.<\/li>\n<li><strong>Traditionella metoder:<\/strong> respekt f\u00f6r tekniker som f\u00f6rts vidare genom generationer.<\/li>\n<li><strong>Kvalitetskontroll:<\/strong> strikta standarder som garanteras av certifieringsorgan.<\/li>\n<li><strong>F\u00f6rb\u00e4ttring av den lokala kulturen:<\/strong> bevarande av kulinariska och kulturella traditioner.<\/li>\n<\/ul>\n<h3>Bio- och DOP-egenskaperna hos vin och olja i Toscana<\/h3>\n<p>I <strong>Toscana<\/strong> \u00e4r <strong>ekologisk vin- och oljeproduktion<\/strong> det perfekta uttrycket f\u00f6r en balans mellan <strong>tradition och h\u00e5llbarhet.<\/strong> Lokala vin- och olivodlare anv\u00e4nder milj\u00f6v\u00e4nliga metoder och undviker kemiska bek\u00e4mpningsmedel och syntetiska g\u00f6dningsmedel. <\/p>\n<p><strong>Ekologiska viner fr\u00e5n Toscana<\/strong>, inklusive m\u00e4rken som <strong>Chianti Classico<\/strong> och <strong>Brunello di Montalcino<\/strong>, representerar omr\u00e5dets excellens. M\u00e5nga av dessa viner \u00e4r ocks\u00e5 <strong>PDO-certifierade<\/strong>, vilket garanterar deras \u00e4kthet och koppling till den toskanska terroiren. <\/p>\n<p>P\u00e5 samma s\u00e4tt uppskattas<strong>ekologisk extra jungfruolivolja<\/strong> som produceras i Toscana f\u00f6r sin intensiva, fruktiga smak, resultatet av odling som respekterar naturen och gamla jordbrukstraditioner.<\/p>\n<p>Toscana visar hur <strong>kvalitet, respekt f\u00f6r milj\u00f6n och f\u00f6rb\u00e4ttring av territoriet<\/strong> kan samexistera i en dygdig och framtidsinriktad jordbruksmodell.<\/p>\n<\/section>\n\n\t\t<\/div>\n\t<\/div>\n<\/div><\/div><\/div><\/div>\n<\/div>","protected":false},"excerpt":{"rendered":"Ekologiskt jordbruk och skyddade ursprungsbeteckningar (SUB): kvalitet, h\u00e5llbarhet och tradition Ekologisk odling och skyddade ursprungsbeteckningar (SUB) \u00e4r tv\u00e5 olika men","protected":false},"author":3,"featured_media":0,"parent":0,"menu_order":0,"comment_status":"closed","ping_status":"closed","template":"","meta":{"footnotes":""},"class_list":["post-35511","page","type-page","status-publish","hentry"],"yoast_head":"<!-- This site is optimized with the Yoast SEO Premium plugin v24.0 (Yoast SEO v27.2) - https:\/\/yoast.com\/product\/yoast-seo-premium-wordpress\/ -->\n<title>Vin och olja i Toscana - BIO\/DOP-odling - borgunto.com<\/title>\n<meta name=\"description\" content=\"V\u00e5r certifierade ekologiska odling och v\u00e5ra produkter med skyddad ursprungsbeteckning Borgunto: kvalitet, h\u00e5llbarhet och tradition vid noll km.\" \/>\n<meta name=\"robots\" content=\"index, follow, max-snippet:-1, max-image-preview:large, max-video-preview:-1\" \/>\n<link rel=\"canonical\" href=\"https:\/\/borgunto.com\/sv\/bio-dop-odling\/\" \/>\n<meta property=\"og:locale\" content=\"sv_SE\" \/>\n<meta property=\"og:type\" content=\"article\" \/>\n<meta property=\"og:title\" content=\"BIO\/DOP-odling\" \/>\n<meta property=\"og:description\" content=\"V\u00e5r certifierade ekologiska odling och v\u00e5ra produkter med skyddad ursprungsbeteckning Borgunto: kvalitet, h\u00e5llbarhet och tradition vid noll km.\" \/>\n<meta property=\"og:url\" content=\"https:\/\/borgunto.com\/sv\/bio-dop-odling\/\" \/>\n<meta property=\"og:site_name\" content=\"Azienda Agricola Borgunto - I nostri vini Chianti\" \/>\n<meta property=\"article:publisher\" content=\"https:\/\/www.facebook.com\/borguntooilwinetuscany\" \/>\n<meta property=\"article:modified_time\" content=\"2025-08-04T13:38:33+00:00\" \/>\n<meta name=\"twitter:card\" content=\"summary_large_image\" \/>\n<meta name=\"twitter:label1\" content=\"Ber\u00e4knad l\u00e4stid\" \/>\n\t<meta name=\"twitter:data1\" content=\"2 minuter\" \/>\n<script type=\"application\/ld+json\" class=\"yoast-schema-graph\">{\"@context\":\"https:\/\/schema.org\",\"@graph\":[{\"@type\":\"WebPage\",\"@id\":\"https:\/\/borgunto.com\/sv\/bio-dop-odling\/\",\"url\":\"https:\/\/borgunto.com\/sv\/bio-dop-odling\/\",\"name\":\"Vin och olja i Toscana - BIO\/DOP-odling - borgunto.com\",\"isPartOf\":{\"@id\":\"https:\/\/borgunto.com\/#website\"},\"datePublished\":\"2024-03-25T08:26:05+00:00\",\"dateModified\":\"2025-08-04T13:38:33+00:00\",\"description\":\"V\u00e5r certifierade ekologiska odling och v\u00e5ra produkter med skyddad ursprungsbeteckning Borgunto: kvalitet, h\u00e5llbarhet och tradition vid noll km.\",\"breadcrumb\":{\"@id\":\"https:\/\/borgunto.com\/sv\/bio-dop-odling\/#breadcrumb\"},\"inLanguage\":\"sv-SE\",\"potentialAction\":[{\"@type\":\"ReadAction\",\"target\":[\"https:\/\/borgunto.com\/sv\/bio-dop-odling\/\"]}]},{\"@type\":\"BreadcrumbList\",\"@id\":\"https:\/\/borgunto.com\/sv\/bio-dop-odling\/#breadcrumb\",\"itemListElement\":[{\"@type\":\"ListItem\",\"position\":1,\"name\":\"Home\",\"item\":\"https:\/\/borgunto.com\/\"},{\"@type\":\"ListItem\",\"position\":2,\"name\":\"BIO\/DOP-odling\"}]},{\"@type\":\"WebSite\",\"@id\":\"https:\/\/borgunto.com\/#website\",\"url\":\"https:\/\/borgunto.com\/\",\"name\":\"Azienda Agricola Borgunto - Olio, Chianti e Tartufo Italiano\",\"description\":\"\",\"publisher\":{\"@id\":\"https:\/\/borgunto.com\/#organization\"},\"potentialAction\":[{\"@type\":\"SearchAction\",\"target\":{\"@type\":\"EntryPoint\",\"urlTemplate\":\"https:\/\/borgunto.com\/?s={search_term_string}\"},\"query-input\":{\"@type\":\"PropertyValueSpecification\",\"valueRequired\":true,\"valueName\":\"search_term_string\"}}],\"inLanguage\":\"sv-SE\"},{\"@type\":\"Organization\",\"@id\":\"https:\/\/borgunto.com\/#organization\",\"name\":\"Azienda Agricola Borgunto - Olio, Chianti e Tartufo Italiano\",\"url\":\"https:\/\/borgunto.com\/\",\"logo\":{\"@type\":\"ImageObject\",\"inLanguage\":\"sv-SE\",\"@id\":\"https:\/\/borgunto.com\/#\/schema\/logo\/image\/\",\"url\":\"https:\/\/borgunto.com\/wp-content\/uploads\/2021\/04\/cropped-Logo-Borgunto.png\",\"contentUrl\":\"https:\/\/borgunto.com\/wp-content\/uploads\/2021\/04\/cropped-Logo-Borgunto.png\",\"width\":562,\"height\":354,\"caption\":\"Azienda Agricola Borgunto - Olio, Chianti e Tartufo Italiano\"},\"image\":{\"@id\":\"https:\/\/borgunto.com\/#\/schema\/logo\/image\/\"},\"sameAs\":[\"https:\/\/www.facebook.com\/borguntooilwinetuscany\"]}]}<\/script>\n<!-- \/ Yoast SEO Premium plugin. -->","yoast_head_json":{"title":"Vin och olja i Toscana - BIO\/DOP-odling - borgunto.com","description":"V\u00e5r certifierade ekologiska odling och v\u00e5ra produkter med skyddad ursprungsbeteckning Borgunto: kvalitet, h\u00e5llbarhet och tradition vid noll km.","robots":{"index":"index","follow":"follow","max-snippet":"max-snippet:-1","max-image-preview":"max-image-preview:large","max-video-preview":"max-video-preview:-1"},"canonical":"https:\/\/borgunto.com\/sv\/bio-dop-odling\/","og_locale":"sv_SE","og_type":"article","og_title":"BIO\/DOP-odling","og_description":"V\u00e5r certifierade ekologiska odling och v\u00e5ra produkter med skyddad ursprungsbeteckning Borgunto: kvalitet, h\u00e5llbarhet och tradition vid noll km.","og_url":"https:\/\/borgunto.com\/sv\/bio-dop-odling\/","og_site_name":"Azienda Agricola Borgunto - I nostri vini Chianti","article_publisher":"https:\/\/www.facebook.com\/borguntooilwinetuscany","article_modified_time":"2025-08-04T13:38:33+00:00","twitter_card":"summary_large_image","twitter_misc":{"Ber\u00e4knad l\u00e4stid":"2 minuter"},"schema":{"@context":"https:\/\/schema.org","@graph":[{"@type":"WebPage","@id":"https:\/\/borgunto.com\/sv\/bio-dop-odling\/","url":"https:\/\/borgunto.com\/sv\/bio-dop-odling\/","name":"Vin och olja i Toscana - BIO\/DOP-odling - borgunto.com","isPartOf":{"@id":"https:\/\/borgunto.com\/#website"},"datePublished":"2024-03-25T08:26:05+00:00","dateModified":"2025-08-04T13:38:33+00:00","description":"V\u00e5r certifierade ekologiska odling och v\u00e5ra produkter med skyddad ursprungsbeteckning Borgunto: kvalitet, h\u00e5llbarhet och tradition vid noll km.","breadcrumb":{"@id":"https:\/\/borgunto.com\/sv\/bio-dop-odling\/#breadcrumb"},"inLanguage":"sv-SE","potentialAction":[{"@type":"ReadAction","target":["https:\/\/borgunto.com\/sv\/bio-dop-odling\/"]}]},{"@type":"BreadcrumbList","@id":"https:\/\/borgunto.com\/sv\/bio-dop-odling\/#breadcrumb","itemListElement":[{"@type":"ListItem","position":1,"name":"Home","item":"https:\/\/borgunto.com\/"},{"@type":"ListItem","position":2,"name":"BIO\/DOP-odling"}]},{"@type":"WebSite","@id":"https:\/\/borgunto.com\/#website","url":"https:\/\/borgunto.com\/","name":"Azienda Agricola Borgunto - Olio, Chianti e Tartufo Italiano","description":"","publisher":{"@id":"https:\/\/borgunto.com\/#organization"},"potentialAction":[{"@type":"SearchAction","target":{"@type":"EntryPoint","urlTemplate":"https:\/\/borgunto.com\/?s={search_term_string}"},"query-input":{"@type":"PropertyValueSpecification","valueRequired":true,"valueName":"search_term_string"}}],"inLanguage":"sv-SE"},{"@type":"Organization","@id":"https:\/\/borgunto.com\/#organization","name":"Azienda Agricola Borgunto - Olio, Chianti e Tartufo Italiano","url":"https:\/\/borgunto.com\/","logo":{"@type":"ImageObject","inLanguage":"sv-SE","@id":"https:\/\/borgunto.com\/#\/schema\/logo\/image\/","url":"https:\/\/borgunto.com\/wp-content\/uploads\/2021\/04\/cropped-Logo-Borgunto.png","contentUrl":"https:\/\/borgunto.com\/wp-content\/uploads\/2021\/04\/cropped-Logo-Borgunto.png","width":562,"height":354,"caption":"Azienda Agricola Borgunto - Olio, Chianti e Tartufo Italiano"},"image":{"@id":"https:\/\/borgunto.com\/#\/schema\/logo\/image\/"},"sameAs":["https:\/\/www.facebook.com\/borguntooilwinetuscany"]}]}},"jetpack_sharing_enabled":true,"_links":{"self":[{"href":"https:\/\/borgunto.com\/sv\/wp-json\/wp\/v2\/pages\/35511","targetHints":{"allow":["GET"]}}],"collection":[{"href":"https:\/\/borgunto.com\/sv\/wp-json\/wp\/v2\/pages"}],"about":[{"href":"https:\/\/borgunto.com\/sv\/wp-json\/wp\/v2\/types\/page"}],"author":[{"embeddable":true,"href":"https:\/\/borgunto.com\/sv\/wp-json\/wp\/v2\/users\/3"}],"replies":[{"embeddable":true,"href":"https:\/\/borgunto.com\/sv\/wp-json\/wp\/v2\/comments?post=35511"}],"version-history":[{"count":1,"href":"https:\/\/borgunto.com\/sv\/wp-json\/wp\/v2\/pages\/35511\/revisions"}],"predecessor-version":[{"id":35512,"href":"https:\/\/borgunto.com\/sv\/wp-json\/wp\/v2\/pages\/35511\/revisions\/35512"}],"wp:attachment":[{"href":"https:\/\/borgunto.com\/sv\/wp-json\/wp\/v2\/media?parent=35511"}],"curies":[{"name":"wp","href":"https:\/\/api.w.org\/{rel}","templated":true}]}}