                                                                                                                                                                                                                                                                                                                                                                                                                                                                                                                                                                                                                                                                                                                                                                                                                                                                                                                                                                                                                                                                {"id":32266,"date":"2024-05-19T23:13:41","date_gmt":"2024-05-19T21:13:41","guid":{"rendered":"https:\/\/borgunto.com\/?page_id=32266"},"modified":"2026-01-11T13:06:10","modified_gmt":"2026-01-11T12:06:10","slug":"wine-tasting-2","status":"publish","type":"page","link":"https:\/\/borgunto.com\/sv\/wine-tasting-2\/","title":{"rendered":"Vinprovning"},"content":{"rendered":"<div class=\"wpb-content-wrapper\"><div class=\"vc_row wpb_row vc_row-fluid\"><div class=\"wpb_column vc_column_container vc_col-sm-12\"><div class=\"vc_column-inner\"><div class=\"wpb_wrapper\">\n\t<div class=\"wpb_raw_code wpb_raw_html wpb_content_element\" >\n\t\t<div class=\"wpb_wrapper\">\n\t\t\t<h1>Vinprovningsupplevelse \u2013 Borgunto<\/h1>\r\n\r\n<p class=\"translation-block\">Upplev en unik upplevelse bland Toscanas autentiska smaker med v\u00e5r *vinprovningstur i Arezzokullarna*. P\u00e5 v\u00e5r ving\u00e5rd i Arezzo v\u00e4lkomnar vi dig med passion f\u00f6r att hj\u00e4lpa dig uppt\u00e4cka aromerna fr\u00e5n Chianti DOCG, elegansen i v\u00e5ra reservat och essensen av extra jungfruolja och hantverksm\u00e4ssiga tryffelspecialiteter.<\/p>\r\n\r\n<h2>Vad v\u00e4ntar dig?<\/h2>\r\n<p>V\u00e5r avsmakningsmeny inkluderar:<\/p>\r\n\r\n<ul>\r\n  <li>Guidad provsmakning av 3 utvalda viner: Chianti DOCG, Chianti Riserva och IGT r\u00f6tt vin<\/li>\r\n  <li>Kombinerar med exklusiva Borgunto-produkter: 100 % italiensk EVO-olja, hantverksm\u00e4ssig sylt och tryffel<\/li>\r\n  <li>En f\u00f6rstahandsber\u00e4ttelse om v\u00e5r produktionsmetod och v\u00e5r koppling till Arezzo-omr\u00e5det.<\/li>\r\n  <li>Valfritt bes\u00f6k i ving\u00e5rdarna och vink\u00e4llaren (vid bokning)<\/li>\r\n<\/ul>\r\n\r\n<p><em>Kolla in hela menyn nedan:<\/em><\/p>\r\n\r\n<img decoding=\"async\" src=\"https:\/\/borgunto.com\/wp-content\/uploads\/2025\/07\/paginawinetasting1.webp\" alt=\"Men\u00f9 degustazione Borgunto \u2013 vini, olio e specialit\u00e0\" loading=\"lazy\" \/>\r\n<img decoding=\"async\" src=\"https:\/\/borgunto.com\/wp-content\/uploads\/2025\/07\/paginawinetasting2.webp\" alt=\"Dettaglio esperienza enogastronomica Borgunto \u2013 Arezzo\" loading=\"lazy\" \/>\r\n\r\n<h2>Boka din provning<\/h2>\r\n<p>Tillg\u00e4ngligt dagligen efter bokning. Perfekt f\u00f6r par, v\u00e4nner eller privata turer f\u00f6r att uppt\u00e4cka autentiskt italienskt hantverk.<\/p>\r\n\r\n<div class=\"cta-buttons translation-block\" style=\"margin: 20px 0;\"><a href=\"tel:+393922380541\" class=\"button\" target=\"_self\">Ring nu<\/a> <a href=\"https:\/\/wa.me\/393922380541\" target=\"_blank\" rel=\"noopener\" class=\"button\">Skriv till oss p\u00e5 WhatsApp<\/a><\/div>\r\n\r\n<p class=\"translation-block\"><strong>\ud83d\udccd Plats:<\/strong> Arezzo, Toscana<br>\n<strong>\ud83d\udd52 \u00d6ppettider:<\/strong> 10:00 \u2013 19:00 (bokning kr\u00e4vs)<\/p>\r\n\r\n<p>Missa inte chansen att njuta av det b\u00e4sta av Italiens vinproduktionstradition, direkt fr\u00e5n v\u00e5r k\u00e4llare.<\/p>\n\t\t<\/div>\n\t<\/div>\n<\/div><\/div><\/div><\/div>\n<\/div>","protected":false},"excerpt":{"rendered":"Esperienza di Degustazione Vini \u2013 Borgunto Vivi un momento unico tra i sapori autentici della Toscana con il nostro percorso","protected":false},"author":3,"featured_media":0,"parent":0,"menu_order":0,"comment_status":"closed","ping_status":"closed","template":"","meta":{"footnotes":""},"class_list":["post-32266","page","type-page","status-publish","hentry"],"yoast_head":"<!-- This site is optimized with the Yoast SEO Premium plugin v24.0 (Yoast SEO v27.2) - https:\/\/yoast.com\/product\/yoast-seo-premium-wordpress\/ -->\n<title>Azienda Agricola Arezzo | Wine Tasting Experience | Borgunto<\/title>\n<meta name=\"description\" content=\"Prenota la tua degustazione vini nei Colli Aretini: Chianti DOCG, Riserva e specialit\u00e0 al tartufo. Esperienza autentica ad Arezzo.\" \/>\n<meta name=\"robots\" content=\"index, follow, max-snippet:-1, max-image-preview:large, max-video-preview:-1\" \/>\n<link rel=\"canonical\" href=\"https:\/\/borgunto.com\/sv\/wine-tasting-2\/\" \/>\n<meta property=\"og:locale\" content=\"sv_SE\" \/>\n<meta property=\"og:type\" content=\"article\" \/>\n<meta property=\"og:title\" content=\"Wine tasting\" \/>\n<meta property=\"og:description\" content=\"Prenota la tua degustazione vini nei Colli Aretini: Chianti DOCG, Riserva e specialit\u00e0 al tartufo. Esperienza autentica ad Arezzo.\" \/>\n<meta property=\"og:url\" content=\"https:\/\/borgunto.com\/sv\/wine-tasting-2\/\" \/>\n<meta property=\"og:site_name\" content=\"Azienda Agricola Borgunto - I nostri vini Chianti\" \/>\n<meta property=\"article:publisher\" content=\"https:\/\/www.facebook.com\/borguntooilwinetuscany\" \/>\n<meta property=\"article:modified_time\" content=\"2026-01-11T12:06:10+00:00\" \/>\n<meta name=\"twitter:card\" content=\"summary_large_image\" \/>\n<meta name=\"twitter:label1\" content=\"Ber\u00e4knad l\u00e4stid\" \/>\n\t<meta name=\"twitter:data1\" content=\"1 minut\" \/>\n<script type=\"application\/ld+json\" class=\"yoast-schema-graph\">{\"@context\":\"https:\/\/schema.org\",\"@graph\":[{\"@type\":\"WebPage\",\"@id\":\"https:\/\/borgunto.com\/wine-tasting-2\/\",\"url\":\"https:\/\/borgunto.com\/wine-tasting-2\/\",\"name\":\"Azienda Agricola Arezzo | Wine Tasting Experience | Borgunto\",\"isPartOf\":{\"@id\":\"https:\/\/borgunto.com\/#website\"},\"datePublished\":\"2024-05-19T21:13:41+00:00\",\"dateModified\":\"2026-01-11T12:06:10+00:00\",\"description\":\"Prenota la tua degustazione vini nei Colli Aretini: Chianti DOCG, Riserva e specialit\u00e0 al tartufo. Esperienza autentica ad Arezzo.\",\"breadcrumb\":{\"@id\":\"https:\/\/borgunto.com\/wine-tasting-2\/#breadcrumb\"},\"inLanguage\":\"sv-SE\",\"potentialAction\":[{\"@type\":\"ReadAction\",\"target\":[\"https:\/\/borgunto.com\/wine-tasting-2\/\"]}]},{\"@type\":\"BreadcrumbList\",\"@id\":\"https:\/\/borgunto.com\/wine-tasting-2\/#breadcrumb\",\"itemListElement\":[{\"@type\":\"ListItem\",\"position\":1,\"name\":\"Home\",\"item\":\"https:\/\/borgunto.com\/\"},{\"@type\":\"ListItem\",\"position\":2,\"name\":\"Wine tasting\"}]},{\"@type\":\"WebSite\",\"@id\":\"https:\/\/borgunto.com\/#website\",\"url\":\"https:\/\/borgunto.com\/\",\"name\":\"Azienda Agricola Borgunto - Olio, Chianti e Tartufo Italiano\",\"description\":\"\",\"publisher\":{\"@id\":\"https:\/\/borgunto.com\/#organization\"},\"potentialAction\":[{\"@type\":\"SearchAction\",\"target\":{\"@type\":\"EntryPoint\",\"urlTemplate\":\"https:\/\/borgunto.com\/?s={search_term_string}\"},\"query-input\":{\"@type\":\"PropertyValueSpecification\",\"valueRequired\":true,\"valueName\":\"search_term_string\"}}],\"inLanguage\":\"sv-SE\"},{\"@type\":\"Organization\",\"@id\":\"https:\/\/borgunto.com\/#organization\",\"name\":\"Azienda Agricola Borgunto - Olio, Chianti e Tartufo Italiano\",\"url\":\"https:\/\/borgunto.com\/\",\"logo\":{\"@type\":\"ImageObject\",\"inLanguage\":\"sv-SE\",\"@id\":\"https:\/\/borgunto.com\/#\/schema\/logo\/image\/\",\"url\":\"https:\/\/borgunto.com\/wp-content\/uploads\/2021\/04\/cropped-Logo-Borgunto.png\",\"contentUrl\":\"https:\/\/borgunto.com\/wp-content\/uploads\/2021\/04\/cropped-Logo-Borgunto.png\",\"width\":562,\"height\":354,\"caption\":\"Azienda Agricola Borgunto - Olio, Chianti e Tartufo Italiano\"},\"image\":{\"@id\":\"https:\/\/borgunto.com\/#\/schema\/logo\/image\/\"},\"sameAs\":[\"https:\/\/www.facebook.com\/borguntooilwinetuscany\"]}]}<\/script>\n<!-- \/ Yoast SEO Premium plugin. -->","yoast_head_json":{"title":"Azienda Agricola Arezzo | Wine Tasting Experience | Borgunto","description":"Prenota la tua degustazione vini nei Colli Aretini: Chianti DOCG, Riserva e specialit\u00e0 al tartufo. Esperienza autentica ad Arezzo.","robots":{"index":"index","follow":"follow","max-snippet":"max-snippet:-1","max-image-preview":"max-image-preview:large","max-video-preview":"max-video-preview:-1"},"canonical":"https:\/\/borgunto.com\/sv\/wine-tasting-2\/","og_locale":"sv_SE","og_type":"article","og_title":"Wine tasting","og_description":"Prenota la tua degustazione vini nei Colli Aretini: Chianti DOCG, Riserva e specialit\u00e0 al tartufo. Esperienza autentica ad Arezzo.","og_url":"https:\/\/borgunto.com\/sv\/wine-tasting-2\/","og_site_name":"Azienda Agricola Borgunto - I nostri vini Chianti","article_publisher":"https:\/\/www.facebook.com\/borguntooilwinetuscany","article_modified_time":"2026-01-11T12:06:10+00:00","twitter_card":"summary_large_image","twitter_misc":{"Ber\u00e4knad l\u00e4stid":"1 minut"},"schema":{"@context":"https:\/\/schema.org","@graph":[{"@type":"WebPage","@id":"https:\/\/borgunto.com\/wine-tasting-2\/","url":"https:\/\/borgunto.com\/wine-tasting-2\/","name":"Azienda Agricola Arezzo | Wine Tasting Experience | Borgunto","isPartOf":{"@id":"https:\/\/borgunto.com\/#website"},"datePublished":"2024-05-19T21:13:41+00:00","dateModified":"2026-01-11T12:06:10+00:00","description":"Prenota la tua degustazione vini nei Colli Aretini: Chianti DOCG, Riserva e specialit\u00e0 al tartufo. Esperienza autentica ad Arezzo.","breadcrumb":{"@id":"https:\/\/borgunto.com\/wine-tasting-2\/#breadcrumb"},"inLanguage":"sv-SE","potentialAction":[{"@type":"ReadAction","target":["https:\/\/borgunto.com\/wine-tasting-2\/"]}]},{"@type":"BreadcrumbList","@id":"https:\/\/borgunto.com\/wine-tasting-2\/#breadcrumb","itemListElement":[{"@type":"ListItem","position":1,"name":"Home","item":"https:\/\/borgunto.com\/"},{"@type":"ListItem","position":2,"name":"Wine tasting"}]},{"@type":"WebSite","@id":"https:\/\/borgunto.com\/#website","url":"https:\/\/borgunto.com\/","name":"Azienda Agricola Borgunto - Olio, Chianti e Tartufo Italiano","description":"","publisher":{"@id":"https:\/\/borgunto.com\/#organization"},"potentialAction":[{"@type":"SearchAction","target":{"@type":"EntryPoint","urlTemplate":"https:\/\/borgunto.com\/?s={search_term_string}"},"query-input":{"@type":"PropertyValueSpecification","valueRequired":true,"valueName":"search_term_string"}}],"inLanguage":"sv-SE"},{"@type":"Organization","@id":"https:\/\/borgunto.com\/#organization","name":"Azienda Agricola Borgunto - Olio, Chianti e Tartufo Italiano","url":"https:\/\/borgunto.com\/","logo":{"@type":"ImageObject","inLanguage":"sv-SE","@id":"https:\/\/borgunto.com\/#\/schema\/logo\/image\/","url":"https:\/\/borgunto.com\/wp-content\/uploads\/2021\/04\/cropped-Logo-Borgunto.png","contentUrl":"https:\/\/borgunto.com\/wp-content\/uploads\/2021\/04\/cropped-Logo-Borgunto.png","width":562,"height":354,"caption":"Azienda Agricola Borgunto - Olio, Chianti e Tartufo Italiano"},"image":{"@id":"https:\/\/borgunto.com\/#\/schema\/logo\/image\/"},"sameAs":["https:\/\/www.facebook.com\/borguntooilwinetuscany"]}]}},"jetpack_sharing_enabled":true,"_links":{"self":[{"href":"https:\/\/borgunto.com\/sv\/wp-json\/wp\/v2\/pages\/32266","targetHints":{"allow":["GET"]}}],"collection":[{"href":"https:\/\/borgunto.com\/sv\/wp-json\/wp\/v2\/pages"}],"about":[{"href":"https:\/\/borgunto.com\/sv\/wp-json\/wp\/v2\/types\/page"}],"author":[{"embeddable":true,"href":"https:\/\/borgunto.com\/sv\/wp-json\/wp\/v2\/users\/3"}],"replies":[{"embeddable":true,"href":"https:\/\/borgunto.com\/sv\/wp-json\/wp\/v2\/comments?post=32266"}],"version-history":[{"count":12,"href":"https:\/\/borgunto.com\/sv\/wp-json\/wp\/v2\/pages\/32266\/revisions"}],"predecessor-version":[{"id":38033,"href":"https:\/\/borgunto.com\/sv\/wp-json\/wp\/v2\/pages\/32266\/revisions\/38033"}],"wp:attachment":[{"href":"https:\/\/borgunto.com\/sv\/wp-json\/wp\/v2\/media?parent=32266"}],"curies":[{"name":"wp","href":"https:\/\/api.w.org\/{rel}","templated":true}]}}