                                                                                                                                                                                                                                                                                                                                                                                                                                                                                                                                                                                                                                                                                                                                                                                                                                                                                                                                                                                                                                                                {"id":33217,"date":"2024-03-25T09:26:05","date_gmt":"2024-03-25T08:26:05","guid":{"rendered":"https:\/\/borgunto.com\/bio-dop-anbau\/"},"modified":"2025-07-25T16:03:23","modified_gmt":"2025-07-25T14:03:23","slug":"la-coltivazione-bio-dop","status":"publish","type":"page","link":"https:\/\/borgunto.com\/ru\/la-coltivazione-bio-dop\/","title":{"rendered":"BIO\/DOP-Anbau"},"content":{"rendered":"<div class=\"wpb-content-wrapper\"><div class=\"vc_row wpb_row vc_row-fluid\"><div class=\"wpb_column vc_column_container vc_col-sm-12\"><div class=\"vc_column-inner\"><div class=\"wpb_wrapper\">\n\t<div class=\"wpb_text_column wpb_content_element\" >\n\t\t<div class=\"wpb_wrapper\">\n\t\t\t<div class=\"wp-block-columns\">\n<div class=\"wp-block-column is-layout-flow wp-block-column-is-layout-flow\">\n<h2 class=\"wp-block-heading\">BIO-\/DOP-ANBAU<\/h2>\n<\/div>\n<\/div>\n<p><!-- \/wp:post-content --><br \/>\n<!-- wp:columns --><\/p>\n<div class=\"wp-block-columns\"><!-- wp:column --><\/p>\n<div class=\"wp-block-column\">\n<p><!-- wp:freeform {\"translatedWithWPMLTM\":\"1\"} -->Der \u00f6kologische Landbau und die gesch\u00fctzte Ursprungsbezeichnung (g.U.) sind zwei unterschiedliche, aber sich erg\u00e4nzende Ans\u00e4tze in der Landwirtschaft, die darauf abzielen, die Qualit\u00e4t landwirtschaftlicher Erzeugnisse zu erhalten, die \u00f6kologische Nachhaltigkeit zu f\u00f6rdern und regionale Traditionen zu sch\u00fctzen. In diesem unver\u00f6ffentlichten Text gehen wir auf den \u00f6kologischen Anbau und das System der gesch\u00fctzten Ursprungsbezeichnung ein und stellen ihre Grunds\u00e4tze und Vorteile heraus.<\/p>\n<p>\u00d6kologischer Anbau <strong>(Bio)<\/strong> Der \u00f6kologische Anbau ist ein landwirtschaftliches System, das darauf abzielt, Produkte ohne den Einsatz von synthetischen Pestiziden, chemischen D\u00fcngemitteln oder genetisch ver\u00e4nderten Organismen (GVO) anzubauen. Zu den wichtigsten Grunds\u00e4tzen des \u00f6kologischen Anbaus geh\u00f6ren:<\/p>\n<ul>\n<li><strong>Respekt vor der<\/strong> Umwelt: Biobauern streben danach, im Einklang mit ihrer Umgebung zu wirtschaften. Das bedeutet, dass sie nachhaltige Anbaupraktiken anwenden, wie z.B. Fruchtwechsel und die Verwendung von Kompost und Dung zur Verbesserung der Bodenfruchtbarkeit.<\/li>\n<li><strong>Verzicht auf chemische Pestizide:<\/strong> In der \u00f6kologischen Landwirtschaft werden Sch\u00e4dlings- und Krankheitsbek\u00e4mpfungsmethoden bevorzugt, die auf nat\u00fcrlichen Ans\u00e4tzen wie der biologischen Bek\u00e4mpfung beruhen, um den Einsatz von chemischen Pestiziden zu vermeiden, die f\u00fcr die menschliche Gesundheit und das \u00d6kosystem sch\u00e4dlich sind.<\/li>\n<li><strong>Nein zu GVO:<\/strong> Der \u00f6kologische Landbau verbietet die Verwendung von gentechnisch ver\u00e4nderten Organismen und f\u00f6rdert so die Erhaltung der biologischen Vielfalt und die Vermeidung von genetischer Kontamination.<\/li>\n<li><strong>Gesundheit und Wohlbefinden:<\/strong> Bioprodukte gelten oft als ges\u00fcnder, weil sie weniger chemische Pestizidr\u00fcckst\u00e4nde enthalten und ein besseres N\u00e4hrwertprofil haben k\u00f6nnen.<\/li>\n<li><strong>R\u00fcckverfolgbarkeit:<\/strong> Bio-Lebensmittel unterliegen oft strengen Kontrollen und werden vom Feld bis auf den Tisch zur\u00fcckverfolgt, um ihre Authentizit\u00e4t zu gew\u00e4hrleisten.<\/li>\n<\/ul>\n<p><!-- \/wp:freeform -->\n<\/div>\n<p><!-- \/wp:column -->\n<\/div>\n<p><!-- \/wp:columns --><br \/>\n<!-- wp:columns --><\/p>\n<div class=\"wp-block-columns\"><!-- wp:column --><\/p>\n<div class=\"wp-block-column\"><!-- wp:freeform {\"translatedWithWPMLTM\":\"1\"} --><\/p>\n<h3>Gesch\u00fctzte Ursprungsbezeichnung (g.U.)<\/h3>\n<p>Die g.U. ist ein Zertifizierungssystem, das traditionelle, hochwertige Lebensmittel aus bestimmten geografischen Regionen sch\u00fctzt und f\u00f6rdert. Zu den wichtigsten Grunds\u00e4tzen der g.U. geh\u00f6ren:<\/p>\n<ul>\n<li><strong>Geografischer Ursprung:<\/strong> Erzeugnisse mit g.U. m\u00fcssen in einer bestimmten geografischen Region angebaut, erzeugt und verarbeitet werden, was zur Erhaltung der lokalen kulinarischen Traditionen beitr\u00e4gt.<\/li>\n<li><strong>Traditionelle Methoden:<\/strong> Die g.U. erfordert h\u00e4ufig die Anwendung traditioneller Produktionsmethoden, die von Generation zu Generation weitergegeben werden k\u00f6nnen.<\/li>\n<li><strong>Qualit\u00e4tskontrolle:<\/strong> Die g.U.-Produkte unterliegen einer strengen Qualit\u00e4tskontrolle und m\u00fcssen bestimmte Standards erf\u00fcllen, um zertifiziert zu werden.<\/li>\n<li><strong>Aufwertung der lokalen Kultur:<\/strong> Die g.U. tr\u00e4gt dazu bei, die kulinarischen Traditionen und die kulturelle Identit\u00e4t der Erzeugerregionen zu bewahren.<\/li>\n<\/ul>\n<p><!-- \/wp:freeform -->\n<\/div>\n<p><!-- \/wp:column -->\n<\/div>\n<p><!-- \/wp:columns --><br \/>\n<!-- wp:columns --><\/p>\n<div class=\"wp-block-columns\"><!-- wp:column --><\/p>\n<div class=\"wp-block-column\"><!-- wp:heading {\"translatedWithWPMLTM\":\"1\"} --><\/p>\n<h2 class=\"wp-block-heading\">DIE BIO- UND DOP-SORTEN VON WEIN UND \u00d6L IN DER TOSKANA<\/h2>\n<p><!-- \/wp:heading -->\n<\/div>\n<p><!-- \/wp:column -->\n<\/div>\n<p><!-- \/wp:columns --><br \/>\n<!-- wp:columns --><\/p>\n<div class=\"wp-block-columns\"><!-- wp:column --><\/p>\n<div class=\"wp-block-column\">\n<!-- wp:freeform {\"translatedWithWPMLTM\":\"1\"} -->In der Toskana ist die biologische Wein- und \u00d6lproduktion eine unglaubliche Synthese aus Tradition und Nachhaltigkeit. Hier setzen die Wein- und Olivenbauern auf umweltfreundliche Anbaumethoden und verzichten auf synthetische Pestizide und chemische D\u00fcngemittel.<br \/>Diese biologischen Weinberge und Olivenhaine gedeihen unter der Sonne der Toskana und tragen dazu bei, die einzigartige Landschaft der Region zu erhalten. Das biologische toskanische native Oliven\u00f6l extra ist ein wahrer Schatz mit einem reichen, fruchtigen Geschmack. In den Weinbergen werden auch au\u00dfergew\u00f6hnliche Bio-Weine produziert, darunter Chianti Classico und Brunello di Montalcino. Viele dieser Weine sind auch als Denominazione di Origine Protetta (DOP) zertifiziert, was ihre Authentizit\u00e4t und ihre Verbundenheit mit dem toskanischen Gebiet garantiert. Die Toskana ist das perfekte Beispiel daf\u00fcr, wie Tradition und Nachhaltigkeit bei der Produktion von hochwertigem Wein und \u00d6l nebeneinander bestehen k\u00f6nnen.<\/p>\n<p><!-- \/wp:freeform -->\n<\/div>\n<p><!-- \/wp:column -->\n<\/div>\n<p><!-- \/wp:columns --><\/p>\n<p>&nbsp;<\/p>\n\n\t\t<\/div>\n\t<\/div>\n<\/div><\/div><\/div><\/div>\n<\/div>","protected":false},"excerpt":{"rendered":"BIO-\/DOP-ANBAU Der \u00f6kologische Landbau und die gesch\u00fctzte Ursprungsbezeichnung (g.U.) sind zwei unterschiedliche, aber sich erg\u00e4nzende Ans\u00e4tze in der Landwirtschaft, die","protected":false},"author":3,"featured_media":0,"parent":0,"menu_order":0,"comment_status":"closed","ping_status":"closed","template":"","meta":{"footnotes":""},"class_list":["post-33217","page","type-page","status-publish","hentry"],"yoast_head":"<!-- This site is optimized with the Yoast SEO Premium plugin v24.0 (Yoast SEO v27.2) - https:\/\/yoast.com\/product\/yoast-seo-premium-wordpress\/ -->\n<title>Borgunto Farm - Chianti-Wein und toskanisches Oliven\u00f6l BIO\/DOP-Anbau -<\/title>\n<meta name=\"robots\" content=\"index, follow, max-snippet:-1, max-image-preview:large, max-video-preview:-1\" \/>\n<link rel=\"canonical\" href=\"https:\/\/borgunto.com\/ru\/la-coltivazione-bio-dop\/\" \/>\n<meta property=\"og:locale\" content=\"ru_RU\" \/>\n<meta property=\"og:type\" content=\"article\" \/>\n<meta property=\"og:title\" content=\"BIO\/DOP-Anbau\" \/>\n<meta property=\"og:url\" content=\"https:\/\/borgunto.com\/ru\/la-coltivazione-bio-dop\/\" \/>\n<meta property=\"og:site_name\" content=\"Azienda Agricola Borgunto - I nostri vini Chianti\" \/>\n<meta property=\"article:publisher\" content=\"https:\/\/www.facebook.com\/borguntooilwinetuscany\" \/>\n<meta property=\"article:modified_time\" content=\"2025-07-25T14:03:23+00:00\" \/>\n<meta name=\"twitter:card\" content=\"summary_large_image\" \/>\n<meta name=\"twitter:label1\" content=\"\u041f\u0440\u0438\u043c\u0435\u0440\u043d\u043e\u0435 \u0432\u0440\u0435\u043c\u044f \u0434\u043b\u044f \u0447\u0442\u0435\u043d\u0438\u044f\" \/>\n\t<meta name=\"twitter:data1\" content=\"3 \u043c\u0438\u043d\u0443\u0442\u044b\" \/>\n<script type=\"application\/ld+json\" class=\"yoast-schema-graph\">{\"@context\":\"https:\/\/schema.org\",\"@graph\":[{\"@type\":\"WebPage\",\"@id\":\"https:\/\/borgunto.com\/de\/la-coltivazione-bio-dop\/\",\"url\":\"https:\/\/borgunto.com\/de\/la-coltivazione-bio-dop\/\",\"name\":\"Borgunto Farm - Chianti-Wein und toskanisches Oliven\u00f6l BIO\/DOP-Anbau -\",\"isPartOf\":{\"@id\":\"https:\/\/borgunto.com\/#website\"},\"datePublished\":\"2024-03-25T08:26:05+00:00\",\"dateModified\":\"2025-07-25T14:03:23+00:00\",\"breadcrumb\":{\"@id\":\"https:\/\/borgunto.com\/de\/la-coltivazione-bio-dop\/#breadcrumb\"},\"inLanguage\":\"ru-RU\",\"potentialAction\":[{\"@type\":\"ReadAction\",\"target\":[\"https:\/\/borgunto.com\/de\/la-coltivazione-bio-dop\/\"]}]},{\"@type\":\"BreadcrumbList\",\"@id\":\"https:\/\/borgunto.com\/de\/la-coltivazione-bio-dop\/#breadcrumb\",\"itemListElement\":[{\"@type\":\"ListItem\",\"position\":1,\"name\":\"Home\",\"item\":\"https:\/\/borgunto.com\/\"},{\"@type\":\"ListItem\",\"position\":2,\"name\":\"BIO\/DOP-Anbau\"}]},{\"@type\":\"WebSite\",\"@id\":\"https:\/\/borgunto.com\/#website\",\"url\":\"https:\/\/borgunto.com\/\",\"name\":\"Azienda Agricola Borgunto - Olio, Chianti e Tartufo Italiano\",\"description\":\"\",\"publisher\":{\"@id\":\"https:\/\/borgunto.com\/#organization\"},\"potentialAction\":[{\"@type\":\"SearchAction\",\"target\":{\"@type\":\"EntryPoint\",\"urlTemplate\":\"https:\/\/borgunto.com\/?s={search_term_string}\"},\"query-input\":{\"@type\":\"PropertyValueSpecification\",\"valueRequired\":true,\"valueName\":\"search_term_string\"}}],\"inLanguage\":\"ru-RU\"},{\"@type\":\"Organization\",\"@id\":\"https:\/\/borgunto.com\/#organization\",\"name\":\"Azienda Agricola Borgunto - Olio, Chianti e Tartufo Italiano\",\"url\":\"https:\/\/borgunto.com\/\",\"logo\":{\"@type\":\"ImageObject\",\"inLanguage\":\"ru-RU\",\"@id\":\"https:\/\/borgunto.com\/#\/schema\/logo\/image\/\",\"url\":\"https:\/\/borgunto.com\/wp-content\/uploads\/2021\/04\/cropped-Logo-Borgunto.png\",\"contentUrl\":\"https:\/\/borgunto.com\/wp-content\/uploads\/2021\/04\/cropped-Logo-Borgunto.png\",\"width\":562,\"height\":354,\"caption\":\"Azienda Agricola Borgunto - Olio, Chianti e Tartufo Italiano\"},\"image\":{\"@id\":\"https:\/\/borgunto.com\/#\/schema\/logo\/image\/\"},\"sameAs\":[\"https:\/\/www.facebook.com\/borguntooilwinetuscany\"]}]}<\/script>\n<!-- \/ Yoast SEO Premium plugin. -->","yoast_head_json":{"title":"Borgunto Farm - Chianti-Wein und toskanisches Oliven\u00f6l BIO\/DOP-Anbau -","robots":{"index":"index","follow":"follow","max-snippet":"max-snippet:-1","max-image-preview":"max-image-preview:large","max-video-preview":"max-video-preview:-1"},"canonical":"https:\/\/borgunto.com\/ru\/la-coltivazione-bio-dop\/","og_locale":"ru_RU","og_type":"article","og_title":"BIO\/DOP-Anbau","og_url":"https:\/\/borgunto.com\/ru\/la-coltivazione-bio-dop\/","og_site_name":"Azienda Agricola Borgunto - I nostri vini Chianti","article_publisher":"https:\/\/www.facebook.com\/borguntooilwinetuscany","article_modified_time":"2025-07-25T14:03:23+00:00","twitter_card":"summary_large_image","twitter_misc":{"\u041f\u0440\u0438\u043c\u0435\u0440\u043d\u043e\u0435 \u0432\u0440\u0435\u043c\u044f \u0434\u043b\u044f \u0447\u0442\u0435\u043d\u0438\u044f":"3 \u043c\u0438\u043d\u0443\u0442\u044b"},"schema":{"@context":"https:\/\/schema.org","@graph":[{"@type":"WebPage","@id":"https:\/\/borgunto.com\/de\/la-coltivazione-bio-dop\/","url":"https:\/\/borgunto.com\/de\/la-coltivazione-bio-dop\/","name":"Borgunto Farm - Chianti-Wein und toskanisches Oliven\u00f6l BIO\/DOP-Anbau -","isPartOf":{"@id":"https:\/\/borgunto.com\/#website"},"datePublished":"2024-03-25T08:26:05+00:00","dateModified":"2025-07-25T14:03:23+00:00","breadcrumb":{"@id":"https:\/\/borgunto.com\/de\/la-coltivazione-bio-dop\/#breadcrumb"},"inLanguage":"ru-RU","potentialAction":[{"@type":"ReadAction","target":["https:\/\/borgunto.com\/de\/la-coltivazione-bio-dop\/"]}]},{"@type":"BreadcrumbList","@id":"https:\/\/borgunto.com\/de\/la-coltivazione-bio-dop\/#breadcrumb","itemListElement":[{"@type":"ListItem","position":1,"name":"Home","item":"https:\/\/borgunto.com\/"},{"@type":"ListItem","position":2,"name":"BIO\/DOP-Anbau"}]},{"@type":"WebSite","@id":"https:\/\/borgunto.com\/#website","url":"https:\/\/borgunto.com\/","name":"Azienda Agricola Borgunto - Olio, Chianti e Tartufo Italiano","description":"","publisher":{"@id":"https:\/\/borgunto.com\/#organization"},"potentialAction":[{"@type":"SearchAction","target":{"@type":"EntryPoint","urlTemplate":"https:\/\/borgunto.com\/?s={search_term_string}"},"query-input":{"@type":"PropertyValueSpecification","valueRequired":true,"valueName":"search_term_string"}}],"inLanguage":"ru-RU"},{"@type":"Organization","@id":"https:\/\/borgunto.com\/#organization","name":"Azienda Agricola Borgunto - Olio, Chianti e Tartufo Italiano","url":"https:\/\/borgunto.com\/","logo":{"@type":"ImageObject","inLanguage":"ru-RU","@id":"https:\/\/borgunto.com\/#\/schema\/logo\/image\/","url":"https:\/\/borgunto.com\/wp-content\/uploads\/2021\/04\/cropped-Logo-Borgunto.png","contentUrl":"https:\/\/borgunto.com\/wp-content\/uploads\/2021\/04\/cropped-Logo-Borgunto.png","width":562,"height":354,"caption":"Azienda Agricola Borgunto - Olio, Chianti e Tartufo Italiano"},"image":{"@id":"https:\/\/borgunto.com\/#\/schema\/logo\/image\/"},"sameAs":["https:\/\/www.facebook.com\/borguntooilwinetuscany"]}]}},"jetpack_sharing_enabled":true,"_links":{"self":[{"href":"https:\/\/borgunto.com\/ru\/wp-json\/wp\/v2\/pages\/33217","targetHints":{"allow":["GET"]}}],"collection":[{"href":"https:\/\/borgunto.com\/ru\/wp-json\/wp\/v2\/pages"}],"about":[{"href":"https:\/\/borgunto.com\/ru\/wp-json\/wp\/v2\/types\/page"}],"author":[{"embeddable":true,"href":"https:\/\/borgunto.com\/ru\/wp-json\/wp\/v2\/users\/3"}],"replies":[{"embeddable":true,"href":"https:\/\/borgunto.com\/ru\/wp-json\/wp\/v2\/comments?post=33217"}],"version-history":[{"count":5,"href":"https:\/\/borgunto.com\/ru\/wp-json\/wp\/v2\/pages\/33217\/revisions"}],"predecessor-version":[{"id":35133,"href":"https:\/\/borgunto.com\/ru\/wp-json\/wp\/v2\/pages\/33217\/revisions\/35133"}],"wp:attachment":[{"href":"https:\/\/borgunto.com\/ru\/wp-json\/wp\/v2\/media?parent=33217"}],"curies":[{"name":"wp","href":"https:\/\/api.w.org\/{rel}","templated":true}]}}