{"id":34574,"date":"2025-02-28T18:05:33","date_gmt":"2025-02-28T17:05:33","guid":{"rendered":"https:\/\/borgunto.com\/?post_type=product&#038;p=34574"},"modified":"2026-04-24T19:18:31","modified_gmt":"2026-04-24T17:18:31","slug":"sacchetto-lavanda","status":"publish","type":"product","link":"https:\/\/borgunto.com\/pl\/produkt\/sacchetto-lavanda\/","title":{"rendered":"Lawenda"},"content":{"rendered":"<article><!-- Nome del prodotto --><\/p>\n<h1>Lawenda Borgunto<\/h1>\n<p><!-- Ingredienti --><\/p>\n<p class=\"translation-block\">Sk\u0142adniki: 100% kwiat\u00f3w lawendy<\/p>\n<p><!-- Prezzi e spedizione --><\/p>\n<section>\n<h2>Ceny i wysy\u0142ka<\/h2>\n<table>\n<thead>\n<tr>\n<th scope=\"col\">Mn\u00f3stwo).<\/th>\n<th scope=\"col\">Cena<\/th>\n<th scope=\"col\">Wysy\u0142ka<\/th>\n<\/tr>\n<\/thead>\n<tbody>\n<tr>\n<td>1<\/td>\n<td>2\u00a0\u20ac<\/td>\n<td>8\u00a0\u20ac<\/td>\n<\/tr>\n<tr>\n<td>6<\/td>\n<td>10\u00a0\u20ac<\/td>\n<td>Do\u0142\u0105czony<\/td>\n<\/tr>\n<\/tbody>\n<\/table>\n<\/section>\n<\/article>\n<p><span style=\"color: white;\"> Profumatore d&#8217;ambiente<\/span><br \/>\n<span style=\"color: white;\"> Lavanda Toscana<\/span><br \/>\n<span style=\"color: white;\"> Sacchetto di lavanda<\/span><br \/>\n<span style=\"color: white;\"> Lavanda essiccata<\/span><\/p>","protected":false},"excerpt":{"rendered":"<p><span style=\"color: #1b1919; font-size: 24px;\">Zapach toska\u0144skiej lawendy dla Twojego domu<\/span><\/p>\n<section>Odkryj urzekaj\u0105cy zapach lawendy zamkni\u0119ty w eleganckich woreczkach, zaprojektowanych po to, by doda\u0107 odrobin\u0119 \u015bwie\u017co\u015bci do Twoich pomieszcze\u0144.<\/section>\n<p><!-- Sezione Expertise: Origine e Qualit\u00e0 del Prodotto --><\/p>\n<section>\n<h3>Wysokiej jako\u015bci lawenda z naszej posiad\u0142o\u015bci<\/h3>\n<p>Starannie wykonane z wysokiej jako\u015bci kwiat\u00f3w lawendy pochodz\u0105cych z naszej plantacji, te saszetki maj\u0105 w\u0142a\u015bciwo\u015bci relaksuj\u0105ce i oczyszczaj\u0105ce, odstraszaj\u0105 owady i zachowuj\u0105 \u015bwie\u017co\u015b\u0107 ubra\u0144 i tkanin.<\/p>\n<p><!-- E-E-A-T: Lista benefici strutturata per Google \"Product Highlights\" --><\/p>\n<ul>\n<li class=\"translation-block\"><strong>W\u0142a\u015bciwo\u015bci relaksuj\u0105ce:<\/strong> wspomagaj\u0105 codzienne dobre samopoczucie<\/li>\n<li class=\"translation-block\"><strong>Dzia\u0142anie oczyszczaj\u0105ce:<\/strong> \u015bwie\u017ce i naturalne \u015brodowisko<\/li>\n<li class=\"translation-block\"><strong>Naturalna ochrona:<\/strong> odstraszaj\u0105 owady<\/li>\n<li class=\"translation-block\"><strong>Piel\u0119gnacja tkanin:<\/strong> zachowuje \u015bwie\u017co\u015b\u0107 ubra\u0144 i po\u015bcieli<\/li>\n<\/ul>\n<\/section>\n<p><!-- Sezione Use Cases: Experience + Practical Value --><\/p>\n<section>\n<h3>Kompaktowa konstrukcja do ka\u017cdej przestrzeni<\/h3>\n<p>Kompaktowa konstrukcja sprawia, \u017ce \u200b\u200bidealnie nadaj\u0105 si\u0119 do szuflad, szafek, a nawet ciasnych przestrzeni, zmieniaj\u0105c ka\u017cde otwarcie w chwil\u0119 przyjemno\u015bci dla zmys\u0142\u00f3w.<\/p>\n<p><!-- Lista contesti d'uso per rich snippet --><\/p>\n<ul>\n<li>Szuflady na po\u015bciel i szafa<\/li>\n<li>Szafy i garderoby<\/li>\n<li>Miejsca parkingowe, walizki, rega\u0142y na ksi\u0105\u017cki<\/li>\n<li>K\u0105ciki wypoczynkowe i sypialnie<\/li>\n<\/ul>\n<\/section>\n<p><!-- Sezione Trust + Authoritativeness: Valori del Brand --><\/p>\n<section>\n<h3>Toska\u0144ska tradycja i naturalne dobre samopoczucie<\/h3>\n<p>Nasze saszetki z lawend\u0105 idealnie nadaj\u0105 si\u0119 do codziennego u\u017cytku lub jako pomys\u0142 na prezent. \u0141\u0105cz\u0105 w sobie tradycj\u0119 i dobre samopoczucie, tworz\u0105c dom zawsze przyjazny i pachn\u0105cy.<\/p>\n<p><!-- E-E-A-T Badges visivi per Trustworthiness --><\/p>\n<div class=\"eea-t-badges translation-block\"><span>\ud83c\udf3f Produkt rzemie\u015blniczy<\/span><br>\n<span>\ud83c\udfe1 Certyfikowana toska\u0144ska posiad\u0142o\u015b\u0107<\/span><br>\n<span>\u2728 100% naturalny<\/span><br>\n<span>\ud83c\udf81 Pomys\u0142 na zr\u00f3wnowa\u017cony prezent<\/span><\/div>\n<\/section>\n<p><!-- === PULSANTI CIRCOLARI AMAZON &#038; EBAY === --><\/p>\n<div style=\"margin: 20px 0; padding: 15px 0; display: flex; gap: 16px; justify-content: flex-start; flex-wrap: wrap;\">\n<p>  <!-- Amazon Circular Button --><br \/>\n  <a href=\"https:\/\/www.amazon.it\/Borgunto%C2%AE-Sacchetti-Lavanda-Pezzi-Purificanti\/dp\/B0DXFYKW4M?ref_=ast_sto_dp&#038;th=1&#038;psc=\" \n     target=\"_blank\" \n     rel=\"noopener noreferrer\" \n     style=\"display: flex; align-items: center; justify-content: center; width: 60px; height: 60px; border-radius: 50%; text-decoration: none !important; background: linear-gradient(135deg, #FF9900, #FFB14D); color: #232F3E; box-shadow: 0 4px 12px rgba(0,0,0,0.15); transition: all 0.3s ease; position: relative; border: 2px solid transparent;\"\n     onmouseover=\"this.style.transform='scale(1.08)'; this.style.boxShadow='0 6px 20px rgba(0,0,0,0.25)';\"\n     onmouseout=\"this.style.transform='scale(1)'; this.style.boxShadow='0 4px 12px rgba(0,0,0,0.15)';\"><br \/>\n    <img decoding=\"async\" src=\"https:\/\/cdn.iconscout.com\/icon\/free\/png-256\/free-amazon-logo-icon-svg-download-png-1583154.png?f=webp\" \n         alt=\"Amazon\" \n         style=\"width: 32px !important; height: 32px !important; object-fit: contain; display: block;\"><br \/>\n    <span style=\"position: absolute; bottom: -35px; left: 50%; transform: translateX(-50%); white-space: nowrap; font-size: 12px; font-weight: 600; color: #333; opacity: 0; transition: opacity 0.2s; pointer-events: none;\">Acquista su Amazon<\/span><br \/>\n  <\/a><\/p>\n<p>  <!-- eBay Circular Button --><br \/>\n  <a href=\"https:\/\/www.ebay.it\/itm\/376807446319?itmmeta=01KNXZCTEMEAS7BXZTJBF6JMJH&#038;hash=item57bb79572f:g:lQkAAeSwU2NpTo0T\" \n     target=\"_blank\" \n     rel=\"noopener noreferrer\" \n     style=\"display: flex; align-items: center; justify-content: center; width: 60px; height: 60px; border-radius: 50%; text-decoration: none !important; background: linear-gradient(135deg, #E53238 0%, #0064D2 50%, #F5AF02 100%); background-size: 200% 200%; color: white; box-shadow: 0 4px 12px rgba(0,0,0,0.15); transition: all 0.3s ease; position: relative; border: 2px solid transparent;\"\n     onmouseover=\"this.style.transform='scale(1.08)'; this.style.boxShadow='0 6px 20px rgba(0,0,0,0.25)'; this.style.backgroundPosition='right center';\"\n     onmouseout=\"this.style.transform='scale(1)'; this.style.boxShadow='0 4px 12px rgba(0,0,0,0.15)'; this.style.backgroundPosition='left center';\"><br \/>\n    <img decoding=\"async\" src=\"https:\/\/storage.googleapis.com\/msgsndr\/z6XdTU91SOnHw123nyir\/media\/67c87de08123744ce68ae3c9.webp\" \n         alt=\"eBay\" \n         style=\"width: 32px !important; height: 32px !important; object-fit: contain; display: block;\"><br \/>\n    <span style=\"position: absolute; bottom: -35px; left: 50%; transform: translateX(-50%); white-space: nowrap; font-size: 12px; font-weight: 600; color: #333; opacity: 0; transition: opacity 0.2s; pointer-events: none;\">Acquista su eBay<\/span><br \/>\n  <\/a><\/p>\n<\/div>\n<p><!-- === FINE PULSANTI CIRCOLARI === --><\/p>","protected":false},"featured_media":37692,"comment_status":"open","ping_status":"closed","template":"","meta":[],"product_brand":[],"product_cat":[110],"product_tag":[479,478,75,513,74],"class_list":{"0":"post-34574","1":"product","2":"type-product","3":"status-publish","4":"has-post-thumbnail","6":"product_cat-sfiziosita","7":"product_tag-lavanda-toscana","8":"product_tag-profumatore-dambiente","9":"product_tag-qualita","10":"product_tag-sacchetto-di-lavanda","11":"product_tag-toscano","13":"first","14":"instock","15":"shipping-taxable","16":"purchasable","17":"product-type-simple"},"yoast_head":"<!-- This site is optimized with the Yoast SEO Premium plugin v24.0 (Yoast SEO v27.2) - https:\/\/yoast.com\/product\/yoast-seo-premium-wordpress\/ -->\n<title>Sacchetto Lavanda Artigianale | Profumo Naturale Toscana<\/title>\n<meta name=\"description\" content=\"Sacchetti di lavanda toscana essiccata: profumano naturalmente armadi e cassetti, tengono lontani gli insetti. Artigianali, 100% naturali.\" \/>\n<meta name=\"robots\" content=\"index, follow, max-snippet:-1, max-image-preview:large, max-video-preview:-1\" \/>\n<link rel=\"canonical\" href=\"https:\/\/borgunto.com\/pl\/produkt\/sacchetto-lavanda\/\" \/>\n<meta property=\"og:locale\" content=\"pl_PL\" \/>\n<meta property=\"og:type\" content=\"article\" \/>\n<meta property=\"og:title\" content=\"Lavanda\" \/>\n<meta property=\"og:description\" content=\"Sacchetti di lavanda toscana essiccata: profumano naturalmente armadi e cassetti, tengono lontani gli insetti. Artigianali, 100% naturali.\" \/>\n<meta property=\"og:url\" content=\"https:\/\/borgunto.com\/pl\/produkt\/sacchetto-lavanda\/\" \/>\n<meta property=\"og:site_name\" content=\"Azienda Agricola Borgunto - I nostri vini Chianti\" \/>\n<meta property=\"article:publisher\" content=\"https:\/\/www.facebook.com\/borguntooilwinetuscany\" \/>\n<meta property=\"article:modified_time\" content=\"2026-04-24T17:18:31+00:00\" \/>\n<meta property=\"og:image\" content=\"https:\/\/borgunto.com\/wp-content\/uploads\/2025\/02\/Lavanda.webp\" \/>\n\t<meta property=\"og:image:width\" content=\"2050\" \/>\n\t<meta property=\"og:image:height\" content=\"2042\" \/>\n\t<meta property=\"og:image:type\" content=\"image\/webp\" \/>\n<meta name=\"twitter:card\" content=\"summary_large_image\" \/>\n<meta name=\"twitter:label1\" content=\"Szacowany czas czytania\" \/>\n\t<meta name=\"twitter:data1\" content=\"1 minuta\" \/>\n<script type=\"application\/ld+json\" class=\"yoast-schema-graph\">{\"@context\":\"https:\/\/schema.org\",\"@graph\":[{\"@type\":\"WebPage\",\"@id\":\"https:\/\/borgunto.com\/prodotto\/sacchetto-lavanda\/\",\"url\":\"https:\/\/borgunto.com\/prodotto\/sacchetto-lavanda\/\",\"name\":\"Sacchetto Lavanda Artigianale | Profumo Naturale Toscana\",\"isPartOf\":{\"@id\":\"https:\/\/borgunto.com\/#website\"},\"primaryImageOfPage\":{\"@id\":\"https:\/\/borgunto.com\/prodotto\/sacchetto-lavanda\/#primaryimage\"},\"image\":{\"@id\":\"https:\/\/borgunto.com\/prodotto\/sacchetto-lavanda\/#primaryimage\"},\"thumbnailUrl\":\"https:\/\/borgunto.com\/wp-content\/uploads\/2025\/02\/Lavanda.webp\",\"datePublished\":\"2025-02-28T17:05:33+00:00\",\"dateModified\":\"2026-04-24T17:18:31+00:00\",\"description\":\"Sacchetti di lavanda toscana essiccata: profumano naturalmente armadi e cassetti, tengono lontani gli insetti. Artigianali, 100% naturali.\",\"breadcrumb\":{\"@id\":\"https:\/\/borgunto.com\/prodotto\/sacchetto-lavanda\/#breadcrumb\"},\"inLanguage\":\"pl-PL\",\"potentialAction\":[{\"@type\":\"ReadAction\",\"target\":[\"https:\/\/borgunto.com\/prodotto\/sacchetto-lavanda\/\"]}]},{\"@type\":\"ImageObject\",\"inLanguage\":\"pl-PL\",\"@id\":\"https:\/\/borgunto.com\/prodotto\/sacchetto-lavanda\/#primaryimage\",\"url\":\"https:\/\/borgunto.com\/wp-content\/uploads\/2025\/02\/Lavanda.webp\",\"contentUrl\":\"https:\/\/borgunto.com\/wp-content\/uploads\/2025\/02\/Lavanda.webp\",\"width\":2050,\"height\":2042,\"caption\":\"Sacchetti Profumati Lavanda Borgunto - Lavanda Naturale Toscana\"},{\"@type\":\"BreadcrumbList\",\"@id\":\"https:\/\/borgunto.com\/prodotto\/sacchetto-lavanda\/#breadcrumb\",\"itemListElement\":[{\"@type\":\"ListItem\",\"position\":1,\"name\":\"Home\",\"item\":\"https:\/\/borgunto.com\/\"},{\"@type\":\"ListItem\",\"position\":2,\"name\":\"Shop\",\"item\":\"https:\/\/borgunto.com\/shop\/\"},{\"@type\":\"ListItem\",\"position\":3,\"name\":\"Lavanda\"}]},{\"@type\":\"WebSite\",\"@id\":\"https:\/\/borgunto.com\/#website\",\"url\":\"https:\/\/borgunto.com\/\",\"name\":\"Azienda Agricola Borgunto - Olio, Chianti e Tartufo Italiano\",\"description\":\"\",\"publisher\":{\"@id\":\"https:\/\/borgunto.com\/#organization\"},\"potentialAction\":[{\"@type\":\"SearchAction\",\"target\":{\"@type\":\"EntryPoint\",\"urlTemplate\":\"https:\/\/borgunto.com\/?s={search_term_string}\"},\"query-input\":{\"@type\":\"PropertyValueSpecification\",\"valueRequired\":true,\"valueName\":\"search_term_string\"}}],\"inLanguage\":\"pl-PL\"},{\"@type\":\"Organization\",\"@id\":\"https:\/\/borgunto.com\/#organization\",\"name\":\"Azienda Agricola Borgunto - Olio, Chianti e Tartufo Italiano\",\"url\":\"https:\/\/borgunto.com\/\",\"logo\":{\"@type\":\"ImageObject\",\"inLanguage\":\"pl-PL\",\"@id\":\"https:\/\/borgunto.com\/#\/schema\/logo\/image\/\",\"url\":\"https:\/\/borgunto.com\/wp-content\/uploads\/2021\/04\/cropped-Logo-Borgunto.png\",\"contentUrl\":\"https:\/\/borgunto.com\/wp-content\/uploads\/2021\/04\/cropped-Logo-Borgunto.png\",\"width\":562,\"height\":354,\"caption\":\"Azienda Agricola Borgunto - Olio, Chianti e Tartufo Italiano\"},\"image\":{\"@id\":\"https:\/\/borgunto.com\/#\/schema\/logo\/image\/\"},\"sameAs\":[\"https:\/\/www.facebook.com\/borguntooilwinetuscany\"]}]}<\/script>\n<!-- \/ Yoast SEO Premium plugin. -->","yoast_head_json":{"title":"Sacchetto Lavanda Artigianale | Profumo Naturale Toscana","description":"Sacchetti di lavanda toscana essiccata: profumano naturalmente armadi e cassetti, tengono lontani gli insetti. Artigianali, 100% naturali.","robots":{"index":"index","follow":"follow","max-snippet":"max-snippet:-1","max-image-preview":"max-image-preview:large","max-video-preview":"max-video-preview:-1"},"canonical":"https:\/\/borgunto.com\/pl\/produkt\/sacchetto-lavanda\/","og_locale":"pl_PL","og_type":"article","og_title":"Lavanda","og_description":"Sacchetti di lavanda toscana essiccata: profumano naturalmente armadi e cassetti, tengono lontani gli insetti. Artigianali, 100% naturali.","og_url":"https:\/\/borgunto.com\/pl\/produkt\/sacchetto-lavanda\/","og_site_name":"Azienda Agricola Borgunto - I nostri vini Chianti","article_publisher":"https:\/\/www.facebook.com\/borguntooilwinetuscany","article_modified_time":"2026-04-24T17:18:31+00:00","og_image":[{"width":2050,"height":2042,"url":"https:\/\/borgunto.com\/wp-content\/uploads\/2025\/02\/Lavanda.webp","type":"image\/webp"}],"twitter_card":"summary_large_image","twitter_misc":{"Szacowany czas czytania":"1 minuta"},"schema":{"@context":"https:\/\/schema.org","@graph":[{"@type":"WebPage","@id":"https:\/\/borgunto.com\/prodotto\/sacchetto-lavanda\/","url":"https:\/\/borgunto.com\/prodotto\/sacchetto-lavanda\/","name":"Sacchetto Lavanda Artigianale | Profumo Naturale Toscana","isPartOf":{"@id":"https:\/\/borgunto.com\/#website"},"primaryImageOfPage":{"@id":"https:\/\/borgunto.com\/prodotto\/sacchetto-lavanda\/#primaryimage"},"image":{"@id":"https:\/\/borgunto.com\/prodotto\/sacchetto-lavanda\/#primaryimage"},"thumbnailUrl":"https:\/\/borgunto.com\/wp-content\/uploads\/2025\/02\/Lavanda.webp","datePublished":"2025-02-28T17:05:33+00:00","dateModified":"2026-04-24T17:18:31+00:00","description":"Sacchetti di lavanda toscana essiccata: profumano naturalmente armadi e cassetti, tengono lontani gli insetti. Artigianali, 100% naturali.","breadcrumb":{"@id":"https:\/\/borgunto.com\/prodotto\/sacchetto-lavanda\/#breadcrumb"},"inLanguage":"pl-PL","potentialAction":[{"@type":"ReadAction","target":["https:\/\/borgunto.com\/prodotto\/sacchetto-lavanda\/"]}]},{"@type":"ImageObject","inLanguage":"pl-PL","@id":"https:\/\/borgunto.com\/prodotto\/sacchetto-lavanda\/#primaryimage","url":"https:\/\/borgunto.com\/wp-content\/uploads\/2025\/02\/Lavanda.webp","contentUrl":"https:\/\/borgunto.com\/wp-content\/uploads\/2025\/02\/Lavanda.webp","width":2050,"height":2042,"caption":"Sacchetti Profumati Lavanda Borgunto - Lavanda Naturale Toscana"},{"@type":"BreadcrumbList","@id":"https:\/\/borgunto.com\/prodotto\/sacchetto-lavanda\/#breadcrumb","itemListElement":[{"@type":"ListItem","position":1,"name":"Home","item":"https:\/\/borgunto.com\/"},{"@type":"ListItem","position":2,"name":"Shop","item":"https:\/\/borgunto.com\/shop\/"},{"@type":"ListItem","position":3,"name":"Lavanda"}]},{"@type":"WebSite","@id":"https:\/\/borgunto.com\/#website","url":"https:\/\/borgunto.com\/","name":"Azienda Agricola Borgunto - Olio, Chianti e Tartufo Italiano","description":"","publisher":{"@id":"https:\/\/borgunto.com\/#organization"},"potentialAction":[{"@type":"SearchAction","target":{"@type":"EntryPoint","urlTemplate":"https:\/\/borgunto.com\/?s={search_term_string}"},"query-input":{"@type":"PropertyValueSpecification","valueRequired":true,"valueName":"search_term_string"}}],"inLanguage":"pl-PL"},{"@type":"Organization","@id":"https:\/\/borgunto.com\/#organization","name":"Azienda Agricola Borgunto - Olio, Chianti e Tartufo Italiano","url":"https:\/\/borgunto.com\/","logo":{"@type":"ImageObject","inLanguage":"pl-PL","@id":"https:\/\/borgunto.com\/#\/schema\/logo\/image\/","url":"https:\/\/borgunto.com\/wp-content\/uploads\/2021\/04\/cropped-Logo-Borgunto.png","contentUrl":"https:\/\/borgunto.com\/wp-content\/uploads\/2021\/04\/cropped-Logo-Borgunto.png","width":562,"height":354,"caption":"Azienda Agricola Borgunto - Olio, Chianti e Tartufo Italiano"},"image":{"@id":"https:\/\/borgunto.com\/#\/schema\/logo\/image\/"},"sameAs":["https:\/\/www.facebook.com\/borguntooilwinetuscany"]}]}},"jetpack_sharing_enabled":true,"_links":{"self":[{"href":"https:\/\/borgunto.com\/pl\/wp-json\/wp\/v2\/product\/34574","targetHints":{"allow":["GET"]}}],"collection":[{"href":"https:\/\/borgunto.com\/pl\/wp-json\/wp\/v2\/product"}],"about":[{"href":"https:\/\/borgunto.com\/pl\/wp-json\/wp\/v2\/types\/product"}],"replies":[{"embeddable":true,"href":"https:\/\/borgunto.com\/pl\/wp-json\/wp\/v2\/comments?post=34574"}],"wp:featuredmedia":[{"embeddable":true,"href":"https:\/\/borgunto.com\/pl\/wp-json\/wp\/v2\/media\/37692"}],"wp:attachment":[{"href":"https:\/\/borgunto.com\/pl\/wp-json\/wp\/v2\/media?parent=34574"}],"wp:term":[{"taxonomy":"product_brand","embeddable":true,"href":"https:\/\/borgunto.com\/pl\/wp-json\/wp\/v2\/product_brand?post=34574"},{"taxonomy":"product_cat","embeddable":true,"href":"https:\/\/borgunto.com\/pl\/wp-json\/wp\/v2\/product_cat?post=34574"},{"taxonomy":"product_tag","embeddable":true,"href":"https:\/\/borgunto.com\/pl\/wp-json\/wp\/v2\/product_tag?post=34574"}],"curies":[{"name":"wp","href":"https:\/\/api.w.org\/{rel}","templated":true}]}}