                                                                                                                                                                                                                                                                                                                                                                                                                                                                                                                                                                                                                                                                                                                                                                                                                                                                                                                                                                                                                                                                {"id":31835,"date":"2023-11-23T12:38:58","date_gmt":"2023-11-23T11:38:58","guid":{"rendered":"https:\/\/borgunto.com\/?post_type=product&#038;p=31835"},"modified":"2026-04-03T13:24:09","modified_gmt":"2026-04-03T11:24:09","slug":"miele-con-tartufo","status":"publish","type":"product","link":"https:\/\/borgunto.com\/pl\/produkt\/miele-con-tartufo\/","title":{"rendered":"Mi\u00f3d z truflami"},"content":{"rendered":"<h3><strong><b>Mi\u00f3d z truflami Borgunto \u2013 najbardziej zaskakuj\u0105ce po\u0142\u0105czenie w toska\u0144skiej tradycji<\/b><\/strong><\/h3>\n<p>Mi\u00f3d truflowy to jeden z tych produkt\u00f3w, kt\u00f3re dziel\u0105: ci, kt\u00f3rzy pr\u00f3buj\u0105 go po raz pierwszy, nie wiedz\u0105, czego si\u0119 spodziewa\u0107, ale potem trudno im si\u0119 powstrzyma\u0107. Kontrast mi\u0119dzy kwiatow\u0105 s\u0142odycz\u0105 miodu a ziemist\u0105 intensywno\u015bci\u0105 trufli tworzy unikaln\u0105 synergi\u0119 smak\u00f3w, kt\u00f3r\u0105 toska\u0144scy smakosze znaj\u0105 i ceni\u0105 od wiek\u00f3w. Nasz mi\u00f3d wielokwiatowy, zbierany przez lokalnych pszczelarzy na wzg\u00f3rzach Arezzo, \u0142\u0105czy si\u0119 z lokaln\u0105 trufl\u0105, tworz\u0105c produkt, kt\u00f3ry jest jednocze\u015bnie tradycj\u0105 i zaskoczeniem.<\/p>\n<h3><strong><b>\u0141\u0105czenie z serami: wielka klasyka<\/b><\/strong><\/h3>\n<p>Mi\u00f3d truflowy najlepiej smakuje w po\u0142\u0105czeniu z dojrza\u0142ymi serami. Dojrza\u0142y Pecorino Toscano DOP, o j\u0119drnej konsystencji i wyrazistym smaku, idealnie komponuje si\u0119 z miodem truflowym \u2013 s\u0142odkim, aromatycznym i aromatycznym. Doskonale komponuje si\u0119 r\u00f3wnie\u017c z dojrzewaj\u0105cym 24 miesi\u0105ce Parmigiano Reggiano, Grana Padano, pikantn\u0105 Gorgonzol\u0105, dojrza\u0142ym Brie i Camembertem. To absolutnie jedno z najlepszych po\u0142\u0105cze\u0144 na wysokiej jako\u015bci desk\u0119 ser\u00f3w.<\/p>\n<h3><strong><b>Inne zaskakuj\u0105ce zastosowania<\/b><\/strong><\/h3>\n<ul>\n<li>Na foie gras lub pasztecie z w\u0105tr\u00f3bki toska\u0144skiej \u2014 idealny s\u0142odko-s\u0142ony kontrast<\/li>\n<li>Jako glazura do pieczonych bia\u0142ych mi\u0119s: kurczaka, kr\u00f3lika, perliczki<\/li>\n<li>Na toska\u0144skim chlebie crostini ze \u015bwie\u017c\u0105 ricott\u0105 \u2014 elegancka przystawka<\/li>\n<li>Polane bia\u0142\u0105 pizz\u0105 z mozzarell\u0105 di bufala i rukol\u0105<\/li>\n<li>Jako dodatek do carpaccio wo\u0142owego z wi\u00f3rkami parmezanu<\/li>\n<\/ul>\n<p>&nbsp;<\/p>\n<h3><strong><b>Charakterystyka i konserwacja<\/b><\/strong><\/h3>\n<p>S\u0142oik szklany 120 g. Mi\u00f3d mo\u017ce z czasem krystalizowa\u0107 \u2013 jest to naturalny proces, kt\u00f3ry nie wp\u0142ywa na jego jako\u015b\u0107 ani smak. Aby przywr\u00f3ci\u0107 mu p\u0142ynn\u0105 konsystencj\u0119, zanurz zamkni\u0119ty s\u0142oik w ciep\u0142ej wodzie (maks. 40\u00b0C) na kilka minut. Przechowywa\u0107 w temperaturze pokojowej, z dala od bezpo\u015bredniego \u015bwiat\u0142a.<\/p>","protected":false},"excerpt":{"rendered":"<p><!-- H1: Titolo Prodotto con Keyword Primaria (coerente con JSON-LD) --><\/p>\n<p><em><i>Miele artigianale al tartufo toscano Borgunto 120g \u2014 miele millefiori delle colline aretine con frammenti di tartufo pregiato. L&#8217;abbinamento dolce-salato pi\u00f9 sorprendente della gastronomia toscana.<\/i><\/em><br \/>\n<script type=\"application\/ld+json\">\n{\n  \"@context\": \"https:\/\/schema.org\",\n  \"@type\": \"Product\",\n  \"name\": \"Miele con Tartufo Borgunto\",\n  \"alternateName\": [\n    \"Miele al Tartufo Toscano\",\n    \"Miele Millefiori con Tartufo\",\n    \"Miele Tartufato\"\n  ],\n  \"image\": [\n    \"https:\/\/borgunto.com\/wp-content\/uploads\/miele-tartufo-borgunto-120g.jpg\",\n    \"https:\/\/borgunto.com\/wp-content\/uploads\/miele-tartufo-vasetto.jpg\",\n    \"https:\/\/borgunto.com\/wp-content\/uploads\/miele-tartufo-formaggio.jpg\"\n  ],\n  \"description\": \"Miele millefiori con tartufo pregiato dei Colli Aretini. Abbinamento perfetto con formaggi stagionati, Pecorino Toscano DOP, Parmigiano Reggiano, foie gras e carni bianche. Vasetto vetro 120g, produzione artigianale toscana.\",\n  \"sku\": \"miele_tartufo_120g\",\n  \"mpn\": \"BORG-MIELE-TARTUFO-120\",\n  \"brand\": {\n    \"@type\": \"Brand\",\n    \"name\": \"Borgunto\"\n  },\n  \"manufacturer\": {\n    \"@type\": \"Organization\",\n    \"name\": \"Borgunto Azienda Agricola\",\n    \"url\": \"https:\/\/borgunto.com\",\n    \"address\": {\n      \"@type\": \"PostalAddress\",\n      \"addressLocality\": \"Arezzo\",\n      \"addressRegion\": \"Toscana\",\n      \"addressCountry\": \"IT\"\n    }\n  },\n  \"category\": \"Alimentari > Miele e Confetture > Miele Specialit\u00e0\",\n  \"productGroupID\": \"borgunto_miele_tartufo\",\n  \"countryOfOrigin\": {\n    \"@type\": \"Country\",\n    \"name\": \"Italy\"\n  },\n  \"material\": \"Vetro\",\n  \"color\": \"Ambra scuro con scaglie nere\",\n  \"productionDate\": \"2025\",\n  \"weight\": {\n    \"@type\": \"QuantitativeValue\",\n    \"value\": \"120\",\n    \"unitCode\": \"GRM\"\n  },\n  \"offers\": {\n    \"@type\": \"Offer\",\n    \"url\": \"https:\/\/borgunto.com\/prodotto\/miele-con-tartufo\/\",\n    \"priceCurrency\": \"EUR\",\n    \"price\": \"18.00\",\n    \"priceValidUntil\": \"2026-12-31\",\n    \"availability\": \"https:\/\/schema.org\/InStock\",\n    \"itemCondition\": \"https:\/\/schema.org\/NewCondition\",\n    \"hasMerchantReturnPolicy\": {\n      \"@type\": \"MerchantReturnPolicy\",\n      \"returnPolicyCategory\": \"https:\/\/schema.org\/MerchantReturnFiniteReturnWindow\",\n      \"merchantReturnDays\": 14,\n      \"returnMethod\": \"https:\/\/schema.org\/ReturnByMail\",\n      \"returnFees\": \"https:\/\/schema.org\/FreeReturn\"\n    },\n    \"shippingDetails\": {\n      \"@type\": \"OfferShippingDetails\",\n      \"shippingRate\": {\n        \"@type\": \"MonetaryAmount\",\n        \"value\": \"0\",\n        \"currency\": \"EUR\"\n      },\n      \"shippingDestination\": {\n        \"@type\": \"DefinedRegion\",\n        \"addressCountry\": \"IT\"\n      },\n      \"deliveryTime\": {\n        \"@type\": \"ShippingDeliveryTime\",\n        \"handlingTime\": {\n          \"@type\": \"QuantitativeValue\",\n          \"minValue\": 1,\n          \"maxValue\": 2,\n          \"unitCode\": \"DAY\"\n        },\n        \"transitTime\": {\n          \"@type\": \"QuantitativeValue\",\n          \"minValue\": 2,\n          \"maxValue\": 5,\n          \"unitCode\": \"DAY\"\n        }\n      }\n    },\n    \"seller\": {\n      \"@type\": \"Organization\",\n      \"name\": \"Granducato Natura s.a.r.l.\",\n      \"url\": \"https:\/\/borgunto.com\"\n    }\n  },\n  \"aggregateRating\": {\n    \"@type\": \"AggregateRating\",\n    \"ratingValue\": \"5\",\n    \"reviewCount\": \"15\",\n    \"bestRating\": \"5\",\n    \"worstRating\": \"1\"\n  },\n  \"review\": [\n    {\n      \"@type\": \"Review\",\n      \"author\": {\n        \"@type\": \"Person\",\n        \"name\": \"Cliente Verificato\"\n      },\n      \"datePublished\": \"2025-02-15\",\n      \"reviewRating\": {\n        \"@type\": \"Rating\",\n        \"ratingValue\": \"5\"\n      },\n      \"reviewBody\": \"Abbinamento perfetto con il Pecorino stagionato. Sapore sorprendente, non troppo dolce con nota terrosa del tartufo ben bilanciata.\"\n    },\n    {\n      \"@type\": \"Review\",\n      \"author\": {\n        \"@type\": \"Person\",\n        \"name\": \"Cliente Verificato\"\n      },\n      \"datePublished\": \"2025-03-10\",\n      \"reviewRating\": {\n        \"@type\": \"Rating\",\n        \"ratingValue\": \"5\"\n      },\n      \"reviewBody\": \"Ottimo anche sulla pizza bianca con bufala. Consegna veloce e imballaggio sicuro.\"\n    }\n  ],\n  \"additionalProperty\": [\n    { \"@type\": \"PropertyValue\", \"name\": \"Formato\", \"value\": \"120 g\" },\n    { \"@type\": \"PropertyValue\", \"name\": \"Tipo di miele\", \"value\": \"Millefiori con tartufo nero\" },\n    { \"@type\": \"PropertyValue\", \"name\": \"Origine miele\", \"value\": \"Colli Aretini, Toscana\" },\n    { \"@type\": \"PropertyValue\", \"name\": \"Origine tartufo\", \"value\": \"Tartufo pregiato del territorio aretino\" },\n    { \"@type\": \"PropertyValue\", \"name\": \"Apicoltura\", \"value\": \"Locale, apiario tradizionale\" },\n    { \"@type\": \"PropertyValue\", \"name\": \"Conservazione\", \"value\": \"Temperatura ambiente, al riparo dalla luce diretta\" },\n    { \"@type\": \"PropertyValue\", \"name\": \"Cristallizzazione\", \"value\": \"Processo naturale, non compromette qualit\u00e0\" },\n    { \"@type\": \"PropertyValue\", \"name\": \"Riliquidazione\", \"value\": \"Bagnomaria max 40\u00b0C per qualche minuto\" },\n    { \"@type\": \"PropertyValue\", \"name\": \"Packaging\", \"value\": \"Vasetto vetro 120g con tappo ermetico\" },\n    { \"@type\": \"PropertyValue\", \"name\": \"Abbinamenti consigliati\", \"value\": \"Pecorino Toscano DOP stagionato, Parmigiano Reggiano 24 mesi, Grana Padano, Gorgonzola piccante, Brie maturo, Camembert, foie gras, pollo arrosto, crostini con ricotta\" },\n    { \"@type\": \"PropertyValue\", \"name\": \"Usi gourmet\", \"value\": \"Glassa carni bianche, carpaccio manzo, pizza bianca bufala e rucola, pat\u00e9 fegatini toscani\" },\n    { \"@type\": \"PropertyValue\", \"name\": \"Profilo aromatico\", \"value\": \"Dolcezza floreale con intensit\u00e0 terrosa del tartufo\" },\n    { \"@type\": \"PropertyValue\", \"name\": \"Caratteristiche sensoriali\", \"value\": \"Sinergia dolce-salato, aroma persistente, contrasto aromatico unico\" },\n    { \"@type\": \"PropertyValue\", \"name\": \"Tradizione\", \"value\": \"Gastronomia toscana, abbinamento secolare formaggi-miele\" },\n    { \"@type\": \"PropertyValue\", \"name\": \"Allergeni\", \"value\": \"Pu\u00f2 contenere tracce di polline\" },\n    { \"@type\": \"PropertyValue\", \"name\": \"Produzione\", \"value\": \"Artigianale, piccoli lotti\" },\n    { \"@type\": \"PropertyValue\", \"name\": \"Stagionalit\u00e0\", \"value\": \"Disponibile tutto l'anno\" }\n  ]\n}\n<\/script><\/p>\n","protected":false},"featured_media":38213,"comment_status":"open","ping_status":"closed","template":"","meta":[],"product_brand":[],"product_cat":[110],"product_tag":[515,516,517,111],"class_list":{"0":"post-31835","1":"product","2":"type-product","3":"status-publish","4":"has-post-thumbnail","6":"product_cat-sfiziosita","7":"product_tag-miele-tartufato","8":"product_tag-miele-toscano","9":"product_tag-specialita-toscana","10":"product_tag-tartufo","12":"first","13":"instock","14":"shipping-taxable","15":"purchasable","16":"product-type-simple"},"yoast_head":"<!-- This site is optimized with the Yoast SEO Premium plugin v24.0 (Yoast SEO v27.2) - https:\/\/yoast.com\/product\/yoast-seo-premium-wordpress\/ -->\n<title>Miele con Tartufo Borgunto 120g | Abbinamento Gourmet Toscano<\/title>\n<meta name=\"description\" content=\"Miele con tartufo bianchetto artigianale Borgunto: dolcezza d&#039;acacia e aroma intenso. Perfetto per formaggi, crostini e regali gourmet.\" \/>\n<meta name=\"robots\" content=\"index, follow, max-snippet:-1, max-image-preview:large, max-video-preview:-1\" \/>\n<link rel=\"canonical\" href=\"https:\/\/borgunto.com\/pl\/produkt\/miele-con-tartufo\/\" \/>\n<meta property=\"og:locale\" content=\"pl_PL\" \/>\n<meta property=\"og:type\" content=\"article\" \/>\n<meta property=\"og:title\" content=\"Miele con Tartufo\" \/>\n<meta property=\"og:description\" content=\"Miele con tartufo bianchetto artigianale Borgunto: dolcezza d&#039;acacia e aroma intenso. Perfetto per formaggi, crostini e regali gourmet.\" \/>\n<meta property=\"og:url\" content=\"https:\/\/borgunto.com\/pl\/produkt\/miele-con-tartufo\/\" \/>\n<meta property=\"og:site_name\" content=\"Azienda Agricola Borgunto - I nostri vini Chianti\" \/>\n<meta property=\"article:publisher\" content=\"https:\/\/www.facebook.com\/borguntooilwinetuscany\" \/>\n<meta property=\"article:modified_time\" content=\"2026-04-03T11:24:09+00:00\" \/>\n<meta property=\"og:image\" content=\"https:\/\/borgunto.com\/wp-content\/uploads\/2023\/11\/miele-con-tartufo-borgunto-120g-vasetto-honey-truffle.webp\" \/>\n\t<meta property=\"og:image:width\" content=\"300\" \/>\n\t<meta property=\"og:image:height\" content=\"300\" \/>\n\t<meta property=\"og:image:type\" content=\"image\/webp\" \/>\n<meta name=\"twitter:card\" content=\"summary_large_image\" \/>\n<meta name=\"twitter:label1\" content=\"Szacowany czas czytania\" \/>\n\t<meta name=\"twitter:data1\" content=\"2 minuty\" \/>\n<script type=\"application\/ld+json\" class=\"yoast-schema-graph\">{\"@context\":\"https:\/\/schema.org\",\"@graph\":[{\"@type\":\"WebPage\",\"@id\":\"https:\/\/borgunto.com\/prodotto\/miele-con-tartufo\/\",\"url\":\"https:\/\/borgunto.com\/prodotto\/miele-con-tartufo\/\",\"name\":\"Miele con Tartufo Borgunto 120g | Abbinamento Gourmet Toscano\",\"isPartOf\":{\"@id\":\"https:\/\/borgunto.com\/#website\"},\"primaryImageOfPage\":{\"@id\":\"https:\/\/borgunto.com\/prodotto\/miele-con-tartufo\/#primaryimage\"},\"image\":{\"@id\":\"https:\/\/borgunto.com\/prodotto\/miele-con-tartufo\/#primaryimage\"},\"thumbnailUrl\":\"https:\/\/borgunto.com\/wp-content\/uploads\/2023\/11\/miele-con-tartufo-borgunto-120g-vasetto-honey-truffle.webp\",\"datePublished\":\"2023-11-23T11:38:58+00:00\",\"dateModified\":\"2026-04-03T11:24:09+00:00\",\"description\":\"Miele con tartufo bianchetto artigianale Borgunto: dolcezza d'acacia e aroma intenso. Perfetto per formaggi, crostini e regali gourmet.\",\"breadcrumb\":{\"@id\":\"https:\/\/borgunto.com\/prodotto\/miele-con-tartufo\/#breadcrumb\"},\"inLanguage\":\"pl-PL\",\"potentialAction\":[{\"@type\":\"ReadAction\",\"target\":[\"https:\/\/borgunto.com\/prodotto\/miele-con-tartufo\/\"]}]},{\"@type\":\"ImageObject\",\"inLanguage\":\"pl-PL\",\"@id\":\"https:\/\/borgunto.com\/prodotto\/miele-con-tartufo\/#primaryimage\",\"url\":\"https:\/\/borgunto.com\/wp-content\/uploads\/2023\/11\/miele-con-tartufo-borgunto-120g-vasetto-honey-truffle.webp\",\"contentUrl\":\"https:\/\/borgunto.com\/wp-content\/uploads\/2023\/11\/miele-con-tartufo-borgunto-120g-vasetto-honey-truffle.webp\",\"width\":300,\"height\":300,\"caption\":\"Miele d'api toscano con lamelle di tartufo, ideale in abbinamento a pecorino stagionato.\"},{\"@type\":\"BreadcrumbList\",\"@id\":\"https:\/\/borgunto.com\/prodotto\/miele-con-tartufo\/#breadcrumb\",\"itemListElement\":[{\"@type\":\"ListItem\",\"position\":1,\"name\":\"Home\",\"item\":\"https:\/\/borgunto.com\/\"},{\"@type\":\"ListItem\",\"position\":2,\"name\":\"Shop\",\"item\":\"https:\/\/borgunto.com\/shop\/\"},{\"@type\":\"ListItem\",\"position\":3,\"name\":\"Miele con Tartufo\"}]},{\"@type\":\"WebSite\",\"@id\":\"https:\/\/borgunto.com\/#website\",\"url\":\"https:\/\/borgunto.com\/\",\"name\":\"Azienda Agricola Borgunto - Olio, Chianti e Tartufo Italiano\",\"description\":\"\",\"publisher\":{\"@id\":\"https:\/\/borgunto.com\/#organization\"},\"potentialAction\":[{\"@type\":\"SearchAction\",\"target\":{\"@type\":\"EntryPoint\",\"urlTemplate\":\"https:\/\/borgunto.com\/?s={search_term_string}\"},\"query-input\":{\"@type\":\"PropertyValueSpecification\",\"valueRequired\":true,\"valueName\":\"search_term_string\"}}],\"inLanguage\":\"pl-PL\"},{\"@type\":\"Organization\",\"@id\":\"https:\/\/borgunto.com\/#organization\",\"name\":\"Azienda Agricola Borgunto - Olio, Chianti e Tartufo Italiano\",\"url\":\"https:\/\/borgunto.com\/\",\"logo\":{\"@type\":\"ImageObject\",\"inLanguage\":\"pl-PL\",\"@id\":\"https:\/\/borgunto.com\/#\/schema\/logo\/image\/\",\"url\":\"https:\/\/borgunto.com\/wp-content\/uploads\/2021\/04\/cropped-Logo-Borgunto.png\",\"contentUrl\":\"https:\/\/borgunto.com\/wp-content\/uploads\/2021\/04\/cropped-Logo-Borgunto.png\",\"width\":562,\"height\":354,\"caption\":\"Azienda Agricola Borgunto - Olio, Chianti e Tartufo Italiano\"},\"image\":{\"@id\":\"https:\/\/borgunto.com\/#\/schema\/logo\/image\/\"},\"sameAs\":[\"https:\/\/www.facebook.com\/borguntooilwinetuscany\"]}]}<\/script>\n<!-- \/ Yoast SEO Premium plugin. -->","yoast_head_json":{"title":"Miele con Tartufo Borgunto 120g | Abbinamento Gourmet Toscano","description":"Miele con tartufo bianchetto artigianale Borgunto: dolcezza d'acacia e aroma intenso. Perfetto per formaggi, crostini e regali gourmet.","robots":{"index":"index","follow":"follow","max-snippet":"max-snippet:-1","max-image-preview":"max-image-preview:large","max-video-preview":"max-video-preview:-1"},"canonical":"https:\/\/borgunto.com\/pl\/produkt\/miele-con-tartufo\/","og_locale":"pl_PL","og_type":"article","og_title":"Miele con Tartufo","og_description":"Miele con tartufo bianchetto artigianale Borgunto: dolcezza d'acacia e aroma intenso. Perfetto per formaggi, crostini e regali gourmet.","og_url":"https:\/\/borgunto.com\/pl\/produkt\/miele-con-tartufo\/","og_site_name":"Azienda Agricola Borgunto - I nostri vini Chianti","article_publisher":"https:\/\/www.facebook.com\/borguntooilwinetuscany","article_modified_time":"2026-04-03T11:24:09+00:00","og_image":[{"width":300,"height":300,"url":"https:\/\/borgunto.com\/wp-content\/uploads\/2023\/11\/miele-con-tartufo-borgunto-120g-vasetto-honey-truffle.webp","type":"image\/webp"}],"twitter_card":"summary_large_image","twitter_misc":{"Szacowany czas czytania":"2 minuty"},"schema":{"@context":"https:\/\/schema.org","@graph":[{"@type":"WebPage","@id":"https:\/\/borgunto.com\/prodotto\/miele-con-tartufo\/","url":"https:\/\/borgunto.com\/prodotto\/miele-con-tartufo\/","name":"Miele con Tartufo Borgunto 120g | Abbinamento Gourmet Toscano","isPartOf":{"@id":"https:\/\/borgunto.com\/#website"},"primaryImageOfPage":{"@id":"https:\/\/borgunto.com\/prodotto\/miele-con-tartufo\/#primaryimage"},"image":{"@id":"https:\/\/borgunto.com\/prodotto\/miele-con-tartufo\/#primaryimage"},"thumbnailUrl":"https:\/\/borgunto.com\/wp-content\/uploads\/2023\/11\/miele-con-tartufo-borgunto-120g-vasetto-honey-truffle.webp","datePublished":"2023-11-23T11:38:58+00:00","dateModified":"2026-04-03T11:24:09+00:00","description":"Miele con tartufo bianchetto artigianale Borgunto: dolcezza d'acacia e aroma intenso. Perfetto per formaggi, crostini e regali gourmet.","breadcrumb":{"@id":"https:\/\/borgunto.com\/prodotto\/miele-con-tartufo\/#breadcrumb"},"inLanguage":"pl-PL","potentialAction":[{"@type":"ReadAction","target":["https:\/\/borgunto.com\/prodotto\/miele-con-tartufo\/"]}]},{"@type":"ImageObject","inLanguage":"pl-PL","@id":"https:\/\/borgunto.com\/prodotto\/miele-con-tartufo\/#primaryimage","url":"https:\/\/borgunto.com\/wp-content\/uploads\/2023\/11\/miele-con-tartufo-borgunto-120g-vasetto-honey-truffle.webp","contentUrl":"https:\/\/borgunto.com\/wp-content\/uploads\/2023\/11\/miele-con-tartufo-borgunto-120g-vasetto-honey-truffle.webp","width":300,"height":300,"caption":"Miele d'api toscano con lamelle di tartufo, ideale in abbinamento a pecorino stagionato."},{"@type":"BreadcrumbList","@id":"https:\/\/borgunto.com\/prodotto\/miele-con-tartufo\/#breadcrumb","itemListElement":[{"@type":"ListItem","position":1,"name":"Home","item":"https:\/\/borgunto.com\/"},{"@type":"ListItem","position":2,"name":"Shop","item":"https:\/\/borgunto.com\/shop\/"},{"@type":"ListItem","position":3,"name":"Miele con Tartufo"}]},{"@type":"WebSite","@id":"https:\/\/borgunto.com\/#website","url":"https:\/\/borgunto.com\/","name":"Azienda Agricola Borgunto - Olio, Chianti e Tartufo Italiano","description":"","publisher":{"@id":"https:\/\/borgunto.com\/#organization"},"potentialAction":[{"@type":"SearchAction","target":{"@type":"EntryPoint","urlTemplate":"https:\/\/borgunto.com\/?s={search_term_string}"},"query-input":{"@type":"PropertyValueSpecification","valueRequired":true,"valueName":"search_term_string"}}],"inLanguage":"pl-PL"},{"@type":"Organization","@id":"https:\/\/borgunto.com\/#organization","name":"Azienda Agricola Borgunto - Olio, Chianti e Tartufo Italiano","url":"https:\/\/borgunto.com\/","logo":{"@type":"ImageObject","inLanguage":"pl-PL","@id":"https:\/\/borgunto.com\/#\/schema\/logo\/image\/","url":"https:\/\/borgunto.com\/wp-content\/uploads\/2021\/04\/cropped-Logo-Borgunto.png","contentUrl":"https:\/\/borgunto.com\/wp-content\/uploads\/2021\/04\/cropped-Logo-Borgunto.png","width":562,"height":354,"caption":"Azienda Agricola Borgunto - Olio, Chianti e Tartufo Italiano"},"image":{"@id":"https:\/\/borgunto.com\/#\/schema\/logo\/image\/"},"sameAs":["https:\/\/www.facebook.com\/borguntooilwinetuscany"]}]}},"jetpack_sharing_enabled":true,"_links":{"self":[{"href":"https:\/\/borgunto.com\/pl\/wp-json\/wp\/v2\/product\/31835","targetHints":{"allow":["GET"]}}],"collection":[{"href":"https:\/\/borgunto.com\/pl\/wp-json\/wp\/v2\/product"}],"about":[{"href":"https:\/\/borgunto.com\/pl\/wp-json\/wp\/v2\/types\/product"}],"replies":[{"embeddable":true,"href":"https:\/\/borgunto.com\/pl\/wp-json\/wp\/v2\/comments?post=31835"}],"wp:featuredmedia":[{"embeddable":true,"href":"https:\/\/borgunto.com\/pl\/wp-json\/wp\/v2\/media\/38213"}],"wp:attachment":[{"href":"https:\/\/borgunto.com\/pl\/wp-json\/wp\/v2\/media?parent=31835"}],"wp:term":[{"taxonomy":"product_brand","embeddable":true,"href":"https:\/\/borgunto.com\/pl\/wp-json\/wp\/v2\/product_brand?post=31835"},{"taxonomy":"product_cat","embeddable":true,"href":"https:\/\/borgunto.com\/pl\/wp-json\/wp\/v2\/product_cat?post=31835"},{"taxonomy":"product_tag","embeddable":true,"href":"https:\/\/borgunto.com\/pl\/wp-json\/wp\/v2\/product_tag?post=31835"}],"curies":[{"name":"wp","href":"https:\/\/api.w.org\/{rel}","templated":true}]}}