                                                                                                                                                                                                                                                                                                                                                                                                                                                                                                                                                                                                                                                                                                                                                                                                                                                                                                                                                                                                                                                                {"id":31829,"date":"2023-11-23T12:11:08","date_gmt":"2023-11-23T11:11:08","guid":{"rendered":"https:\/\/borgunto.com\/?post_type=product&#038;p=31829"},"modified":"2026-04-05T11:02:00","modified_gmt":"2026-04-05T09:02:00","slug":"burro-al-tartufo-bianco","status":"publish","type":"product","link":"https:\/\/borgunto.com\/pl\/produkt\/burro-al-tartufo-bianco\/","title":{"rendered":"Mas\u0142o z bia\u0142ej trufli"},"content":{"rendered":"<div class=\"product-info\" role=\"region\" aria-labelledby=\"burro-tartufo-title\">\n<h3><strong><b>Mas\u0142o z bia\u0142ych trufli Borgunto \u2014 wykwintny dressing z Toskanii<\/b><\/strong><\/h3>\n<p>Bia\u0142a trufla (Tuber magnatum Pico) jest uwa\u017cana za klejnot w koronie w\u0142oskiej gastronomii: jej niepowtarzalny, ziemisty i otulaj\u0105cy aromat potrafi przemieni\u0107 nawet najprostsze danie w niezwyk\u0142e doznanie. Nasze mas\u0142o z bia\u0142ej trufli \u0142\u0105czy jako\u015b\u0107 \u015bwie\u017cego w\u0142oskiego mas\u0142a z fragmentami bia\u0142ej trufli ze wzg\u00f3rz Arezzo, tworz\u0105c gotowy do u\u017cycia dodatek o najwy\u017cszym profilu gastronomicznym.<\/p>\n<h3><strong><b>Bia\u0142a trufla: co j\u0105 wyr\u00f3\u017cnia<\/b><\/strong><\/h3>\n<p>W przeciwie\u0144stwie do bardziej powszechnych i \u0142agodniejszych w smaku czarnych trufli, bia\u0142e trufle nie wymagaj\u0105 gotowania \u2013 dodaje si\u0119 je na surowo lub tu\u017c przed podaniem, poniewa\u017c ciep\u0142o w kilka sekund uwalnia ich lotne aromaty. W\u0142a\u015bnie dlatego mas\u0142o z bia\u0142ej trufli jest idealnym medium: t\u0142uszcz w ma\u015ble wychwytuje i konserwuje aromaty trufli, uwalniaj\u0105c je w delikatnym cieple \u015bwie\u017co odcedzonego makaronu lub kremowego risotto.<\/p>\n<h3><strong><b>Jak z niego korzysta\u0107<\/b><\/strong><\/h3>\n<ul>\n<li>\u015awie\u017cy makaron: rozpu\u015bci\u0107 1 \u0142y\u017ceczk\u0119 na \u015bwie\u017co ods\u0105czonym tagliatelle, pappardelle lub pici<\/li>\n<li>Risotto: dodaj po wymieszaniu, aby uzyska\u0107 \u0142atwe risotto z truflami<\/li>\n<li>Jajka: jajecznica lub sma\u017cone z mas\u0142em truflowym \u2013 kr\u00f3lewskie \u015bniadanie<\/li>\n<li>Crostini: Rozsmarowane na ciep\u0142ym to\u015bcie jako wykwintna przystawka<\/li>\n<li>Pol\u0119dwica wo\u0142owa: Orzech roztopiony na pol\u0119dwicy wyj\u0119tej z patelni<\/li>\n<\/ul>\n<p>&nbsp;<\/p>\n<h3><strong><b>Charakterystyka i konserwacja<\/b><\/strong><\/h3>\n<p>S\u0142oik szklany 80 g ze z\u0142ot\u0105 pokrywk\u0105. Przechowywa\u0107 w lod\u00f3wce w temperaturze od 0\u00b0C do +4\u00b0C. Po otwarciu spo\u017cy\u0107 w ci\u0105gu 5 dni. Nie zamra\u017ca\u0107. Aby najlepiej zachowa\u0107 aromat trufli, zawsze trzymaj s\u0142oik szczelnie zamkni\u0119ty, gdy nie jest u\u017cywany.<\/p>\n<\/div>","protected":false},"excerpt":{"rendered":"<article class=\"product-description\"><!-- H1: Nome prodotto allineato con JSON-LD + Keyword + Brand --><em><i>Burro artigianale al tartufo bianco Borgunto \u2014 80g. Tartufo bianco pregiato (Tuber magnatum) delle colline aretine su base di burro fresco italiano. Gourmet, intenso, pronto all&#8217;uso.<\/i><\/em><\/p>\n<\/article>\n<p><script type=\"application\/ld+json\">\n{\n  \"@context\": \"https:\/\/schema.org\",\n  \"@type\": \"Product\",\n  \"name\": \"Burro al Tartufo Bianco Borgunto\",\n  \"alternateName\": [\n    \"Burro al Tartufo Tuber magnatum\",\n    \"Burro Tartufo Bianco Arezzo\",\n    \"Condimento Gourmet Tartufo\"\n  ],\n  \"image\": [\n    \"https:\/\/borgunto.com\/wp-content\/uploads\/burro-tartufo-bianco-borgunto-80g.jpg\",\n    \"https:\/\/borgunto.com\/wp-content\/uploads\/burro-tartufo-bianco-vasetto.jpg\",\n    \"https:\/\/borgunto.com\/wp-content\/uploads\/burro-tartufo-bianco-aperto.jpg\",\n    \"https:\/\/borgunto.com\/wp-content\/uploads\/tartufo-bianco-fresco.jpg\"\n  ],\n  \"description\": \"Burro al tartufo bianco (Tuber magnatum Pico) con burro fresco italiano e frammenti di tartufo bianco delle colline aretine. Condimento gourmet pronto all'uso per pasta, risotto, uova e crostini. Vasetto 80g.\",\n  \"sku\": \"burro_tartufo_bianco_80g\",\n  \"mpn\": \"BORG-BURRO-TARTUFO-BIANCO-80\",\n  \"gtin13\": \"8057012345678\",\n  \"brand\": {\n    \"@type\": \"Brand\",\n    \"name\": \"Borgunto\"\n  },\n  \"manufacturer\": {\n    \"@type\": \"Organization\",\n    \"name\": \"Borgunto Azienda Agricola\",\n    \"url\": \"https:\/\/borgunto.com\",\n    \"address\": {\n      \"@type\": \"PostalAddress\",\n      \"streetAddress\": \"Localit\u00e0 Borgunto\",\n      \"addressLocality\": \"Arezzo\",\n      \"addressRegion\": \"Toscana\",\n      \"postalCode\": \"52100\",\n      \"addressCountry\": \"IT\"\n    }\n  },\n  \"category\": \"Alimentari > Condimenti > Specialit\u00e0 al Tartufo > Burro al Tartufo\",\n  \"productGroupID\": \"borgunto_linea_tartufo\",\n  \"countryOfOrigin\": {\n    \"@type\": \"Country\",\n    \"name\": \"Italy\"\n  },\n  \"material\": \"Vetro\",\n  \"color\": \"Bianco crema con scaglie nere\",\n  \"weight\": {\n    \"@type\": \"QuantitativeValue\",\n    \"value\": \"80\",\n    \"unitCode\": \"GRM\"\n  },\n  \"ingredients\": \"Burro (latte), tartufo bianco (Tuber magnatum Pico) 5%, sale\",\n  \"allergenInfo\": \"Contiene latte e derivati del latte\",\n  \"isVegan\": false,\n  \"isGlutenFree\": true,\n  \"productionDate\": \"2026\",\n  \"offers\": {\n    \"@type\": \"Offer\",\n    \"url\": \"https:\/\/borgunto.com\/prodotto\/burro-al-tartufo-bianco\/\",\n    \"priceCurrency\": \"EUR\",\n    \"price\": \"18.00\",\n    \"priceValidUntil\": \"2026-12-31\",\n    \"availability\": \"https:\/\/schema.org\/InStock\",\n    \"itemCondition\": \"https:\/\/schema.org\/NewCondition\",\n    \"hasMerchantReturnPolicy\": {\n      \"@type\": \"MerchantReturnPolicy\",\n      \"returnPolicyCategory\": \"https:\/\/schema.org\/MerchantReturnFiniteReturnWindow\",\n      \"merchantReturnDays\": 14,\n      \"returnMethod\": \"https:\/\/schema.org\/ReturnByMail\",\n      \"returnFees\": \"https:\/\/schema.org\/FreeReturn\"\n    },\n    \"shippingDetails\": {\n      \"@type\": \"OfferShippingDetails\",\n      \"shippingRate\": {\n        \"@type\": \"MonetaryAmount\",\n        \"value\": \"0\",\n        \"currency\": \"EUR\"\n      },\n      \"shippingDestination\": {\n        \"@type\": \"DefinedRegion\",\n        \"addressCountry\": [\"IT\", \"EU\"]\n      },\n      \"deliveryTime\": {\n        \"@type\": \"ShippingDeliveryTime\",\n        \"handlingTime\": {\n          \"@type\": \"QuantitativeValue\",\n          \"minValue\": 1,\n          \"maxValue\": 3,\n          \"unitCode\": \"DAY\"\n        },\n        \"transitTime\": {\n          \"@type\": \"QuantitativeValue\",\n          \"minValue\": 1,\n          \"maxValue\": 3,\n          \"unitCode\": \"DAY\"\n        }\n      }\n    },\n    \"seller\": {\n      \"@type\": \"Organization\",\n      \"name\": \"Granducato Natura s.a.r.l.\",\n      \"url\": \"https:\/\/borgunto.com\"\n    }\n  },\n  \"aggregateRating\": {\n    \"@type\": \"AggregateRating\",\n    \"ratingValue\": \"5\",\n    \"reviewCount\": \"1\",\n    \"bestRating\": \"5\",\n    \"worstRating\": \"1\"\n  },\n  \"review\": [\n    {\n      \"@type\": \"Review\",\n      \"author\": {\n        \"@type\": \"Person\",\n        \"name\": \"Cliente Verificato\"\n      },\n      \"datePublished\": \"2026-03-15\",\n      \"reviewRating\": {\n        \"@type\": \"Rating\",\n        \"ratingValue\": \"5\"\n      },\n      \"reviewBody\": \"Burro al tartufo bianco eccezionale, profumo intenso e autentico. Perfetto per la pasta fresca.\"\n    }\n  ],\n  \"nutrition\": {\n    \"@type\": \"NutritionInformation\",\n    \"servingSize\": \"10 g\",\n    \"calories\": \"74\",\n    \"fatContent\": \"8.0\",\n    \"saturatedFatContent\": \"5.0\",\n    \"carbohydrateContent\": \"0\",\n    \"proteinContent\": \"0.1\",\n    \"sodiumContent\": \"0.05\"\n  },\n  \"additionalProperty\": [\n    { \"@type\": \"PropertyValue\", \"name\": \"Formato\", \"value\": \"80 g\" },\n    { \"@type\": \"PropertyValue\", \"name\": \"Contenuto tartufo\", \"value\": \"5%\", \"unitText\": \"percento\" },\n    { \"@type\": \"PropertyValue\", \"name\": \"Specie tartufo\", \"value\": \"Tuber magnatum Pico (tartufo bianco)\" },\n    { \"@type\": \"PropertyValue\", \"name\": \"Origine tartufo\", \"value\": \"Colline aretine, Toscana, Italia\" },\n    { \"@type\": \"PropertyValue\", \"name\": \"Origine burro\", \"value\": \"Italia\" },\n    { \"@type\": \"PropertyValue\", \"name\": \"Tipo di prodotto\", \"value\": \"Condimento gourmet pronto all'uso\" },\n    { \"@type\": \"PropertyValue\", \"name\": \"Conservazione\", \"value\": \"Frigorifero 0\u00b0C\/+4\u00b0C\" },\n    { \"@type\": \"PropertyValue\", \"name\": \"Consumo dopo apertura\", \"value\": \"Entro 5 giorni\" },\n    { \"@type\": \"PropertyValue\", \"name\": \"Congelabile\", \"value\": \"No\" },\n    { \"@type\": \"PropertyValue\", \"name\": \"Packaging\", \"value\": \"Vasetto vetro con coperchio dorato\" },\n    { \"@type\": \"PropertyValue\", \"name\": \"Abbinamenti consigliati\", \"value\": \"Pasta fresca, risotto, uova, crostini, filetto di manzo\" },\n    { \"@type\": \"PropertyValue\", \"name\": \"Modalit\u00e0 d'uso\", \"value\": \"Aggiungere a crudo o al momento del servizio, non cuocere\" },\n    { \"@type\": \"PropertyValue\", \"name\": \"Profilo aromatico\", \"value\": \"Terroso, avvolgente, inconfondibile aroma di tartufo bianco\" },\n    { \"@type\": \"PropertyValue\", \"name\": \"Certificazioni\", \"value\": \"Prodotto artigianale, filiera tracciata\" },\n    { \"@type\": \"PropertyValue\", \"name\": \"Stagionalit\u00e0\", \"value\": \"Ottimo tutto l'anno, ideale autunno\/inverno\" },\n    { \"@type\": \"PropertyValue\", \"name\": \"Target\", \"value\": \"Gourmet, ristoranti, amanti del tartufo\" },\n    { \"@type\": \"PropertyValue\", \"name\": \"Allergeni principali\", \"value\": \"Latte e derivati\" },\n    { \"@type\": \"PropertyValue\", \"name\": \"Senza glutine\", \"value\": \"S\u00ec\" }\n  ],\n  \"recipeIngredient\": [\n    \"Burro al tartufo bianco Borgunto\",\n    \"Pasta fresca\",\n    \"Risotto\",\n    \"Uova\",\n    \"Pane tostato\",\n    \"Filetto di manzo\"\n  ],\n  \"suitableForDiet\": [\n    \"https:\/\/schema.org\/GlutenFreeDiet\"\n  ]\n}\n<\/script><\/p>\n","protected":false},"featured_media":38203,"comment_status":"open","ping_status":"closed","template":"","meta":[],"product_brand":[],"product_cat":[99],"product_tag":[474,476,76,105,75,472,104,100,107,475,473,74],"class_list":{"0":"post-31829","1":"product","2":"type-product","3":"status-publish","4":"has-post-thumbnail","6":"product_cat-sughi","7":"product_tag-condimento-gourmet","8":"product_tag-crema-al-tartufo","9":"product_tag-madeinitaly","10":"product_tag-prodotto-tipico","11":"product_tag-qualita","12":"product_tag-salsa","13":"product_tag-specialita","14":"product_tag-sugo","15":"product_tag-tartufo-bianco","16":"product_tag-tartufo-fresco","17":"product_tag-tartufo-nero","18":"product_tag-toscano","20":"first","21":"instock","22":"shipping-taxable","23":"purchasable","24":"product-type-simple"},"yoast_head":"<!-- This site is optimized with the Yoast SEO Premium plugin v24.0 (Yoast SEO v27.2) - https:\/\/yoast.com\/product\/yoast-seo-premium-wordpress\/ -->\n<title>Burro al Tartufo Bianco Artigianale Borgunto | Gourmet Toscano<\/title>\n<meta name=\"description\" content=\"Burro al tartufo bianco artigianale Borgunto: crema gourmet con Tuber magnatum pico. Ingredienti toscani, filiera controllata. Ordina ora!\" \/>\n<meta name=\"robots\" content=\"index, follow, max-snippet:-1, max-image-preview:large, max-video-preview:-1\" \/>\n<link rel=\"canonical\" href=\"https:\/\/borgunto.com\/pl\/produkt\/burro-al-tartufo-bianco\/\" \/>\n<meta property=\"og:locale\" content=\"pl_PL\" \/>\n<meta property=\"og:type\" content=\"article\" \/>\n<meta property=\"og:title\" content=\"Burro al Tartufo Bianco\" \/>\n<meta property=\"og:description\" content=\"Burro al tartufo bianco artigianale Borgunto: crema gourmet con Tuber magnatum pico. Ingredienti toscani, filiera controllata. Ordina ora!\" \/>\n<meta property=\"og:url\" content=\"https:\/\/borgunto.com\/pl\/produkt\/burro-al-tartufo-bianco\/\" \/>\n<meta property=\"og:site_name\" content=\"Azienda Agricola Borgunto - I nostri vini Chianti\" \/>\n<meta property=\"article:publisher\" content=\"https:\/\/www.facebook.com\/borguntooilwinetuscany\" \/>\n<meta property=\"article:modified_time\" content=\"2026-04-05T09:02:00+00:00\" \/>\n<meta property=\"og:image\" content=\"https:\/\/borgunto.com\/wp-content\/uploads\/2023\/11\/burro-al-tartufo-bianco-borgunto-80g-vasetto.webp\" \/>\n\t<meta property=\"og:image:width\" content=\"300\" \/>\n\t<meta property=\"og:image:height\" content=\"300\" \/>\n\t<meta property=\"og:image:type\" content=\"image\/webp\" \/>\n<meta name=\"twitter:card\" content=\"summary_large_image\" \/>\n<meta name=\"twitter:label1\" content=\"Szacowany czas czytania\" \/>\n\t<meta name=\"twitter:data1\" content=\"2 minuty\" \/>\n<script type=\"application\/ld+json\" class=\"yoast-schema-graph\">{\"@context\":\"https:\/\/schema.org\",\"@graph\":[{\"@type\":\"WebPage\",\"@id\":\"https:\/\/borgunto.com\/prodotto\/burro-al-tartufo-bianco\/\",\"url\":\"https:\/\/borgunto.com\/prodotto\/burro-al-tartufo-bianco\/\",\"name\":\"Burro al Tartufo Bianco Artigianale Borgunto | Gourmet Toscano\",\"isPartOf\":{\"@id\":\"https:\/\/borgunto.com\/#website\"},\"primaryImageOfPage\":{\"@id\":\"https:\/\/borgunto.com\/prodotto\/burro-al-tartufo-bianco\/#primaryimage\"},\"image\":{\"@id\":\"https:\/\/borgunto.com\/prodotto\/burro-al-tartufo-bianco\/#primaryimage\"},\"thumbnailUrl\":\"https:\/\/borgunto.com\/wp-content\/uploads\/2023\/11\/burro-al-tartufo-bianco-borgunto-80g-vasetto.webp\",\"datePublished\":\"2023-11-23T11:11:08+00:00\",\"dateModified\":\"2026-04-05T09:02:00+00:00\",\"description\":\"Burro al tartufo bianco artigianale Borgunto: crema gourmet con Tuber magnatum pico. Ingredienti toscani, filiera controllata. Ordina ora!\",\"breadcrumb\":{\"@id\":\"https:\/\/borgunto.com\/prodotto\/burro-al-tartufo-bianco\/#breadcrumb\"},\"inLanguage\":\"pl-PL\",\"potentialAction\":[{\"@type\":\"ReadAction\",\"target\":[\"https:\/\/borgunto.com\/prodotto\/burro-al-tartufo-bianco\/\"]}]},{\"@type\":\"ImageObject\",\"inLanguage\":\"pl-PL\",\"@id\":\"https:\/\/borgunto.com\/prodotto\/burro-al-tartufo-bianco\/#primaryimage\",\"url\":\"https:\/\/borgunto.com\/wp-content\/uploads\/2023\/11\/burro-al-tartufo-bianco-borgunto-80g-vasetto.webp\",\"contentUrl\":\"https:\/\/borgunto.com\/wp-content\/uploads\/2023\/11\/burro-al-tartufo-bianco-borgunto-80g-vasetto.webp\",\"width\":300,\"height\":300,\"caption\":\"Burro gourmet infuso con tartufo bianco pregiato, condimento ideale per crostini e primi piatti.\"},{\"@type\":\"BreadcrumbList\",\"@id\":\"https:\/\/borgunto.com\/prodotto\/burro-al-tartufo-bianco\/#breadcrumb\",\"itemListElement\":[{\"@type\":\"ListItem\",\"position\":1,\"name\":\"Home\",\"item\":\"https:\/\/borgunto.com\/\"},{\"@type\":\"ListItem\",\"position\":2,\"name\":\"Shop\",\"item\":\"https:\/\/borgunto.com\/shop\/\"},{\"@type\":\"ListItem\",\"position\":3,\"name\":\"Burro al Tartufo Bianco\"}]},{\"@type\":\"WebSite\",\"@id\":\"https:\/\/borgunto.com\/#website\",\"url\":\"https:\/\/borgunto.com\/\",\"name\":\"Azienda Agricola Borgunto - Olio, Chianti e Tartufo Italiano\",\"description\":\"\",\"publisher\":{\"@id\":\"https:\/\/borgunto.com\/#organization\"},\"potentialAction\":[{\"@type\":\"SearchAction\",\"target\":{\"@type\":\"EntryPoint\",\"urlTemplate\":\"https:\/\/borgunto.com\/?s={search_term_string}\"},\"query-input\":{\"@type\":\"PropertyValueSpecification\",\"valueRequired\":true,\"valueName\":\"search_term_string\"}}],\"inLanguage\":\"pl-PL\"},{\"@type\":\"Organization\",\"@id\":\"https:\/\/borgunto.com\/#organization\",\"name\":\"Azienda Agricola Borgunto - Olio, Chianti e Tartufo Italiano\",\"url\":\"https:\/\/borgunto.com\/\",\"logo\":{\"@type\":\"ImageObject\",\"inLanguage\":\"pl-PL\",\"@id\":\"https:\/\/borgunto.com\/#\/schema\/logo\/image\/\",\"url\":\"https:\/\/borgunto.com\/wp-content\/uploads\/2021\/04\/cropped-Logo-Borgunto.png\",\"contentUrl\":\"https:\/\/borgunto.com\/wp-content\/uploads\/2021\/04\/cropped-Logo-Borgunto.png\",\"width\":562,\"height\":354,\"caption\":\"Azienda Agricola Borgunto - Olio, Chianti e Tartufo Italiano\"},\"image\":{\"@id\":\"https:\/\/borgunto.com\/#\/schema\/logo\/image\/\"},\"sameAs\":[\"https:\/\/www.facebook.com\/borguntooilwinetuscany\"]}]}<\/script>\n<!-- \/ Yoast SEO Premium plugin. -->","yoast_head_json":{"title":"Burro al Tartufo Bianco Artigianale Borgunto | Gourmet Toscano","description":"Burro al tartufo bianco artigianale Borgunto: crema gourmet con Tuber magnatum pico. Ingredienti toscani, filiera controllata. Ordina ora!","robots":{"index":"index","follow":"follow","max-snippet":"max-snippet:-1","max-image-preview":"max-image-preview:large","max-video-preview":"max-video-preview:-1"},"canonical":"https:\/\/borgunto.com\/pl\/produkt\/burro-al-tartufo-bianco\/","og_locale":"pl_PL","og_type":"article","og_title":"Burro al Tartufo Bianco","og_description":"Burro al tartufo bianco artigianale Borgunto: crema gourmet con Tuber magnatum pico. Ingredienti toscani, filiera controllata. Ordina ora!","og_url":"https:\/\/borgunto.com\/pl\/produkt\/burro-al-tartufo-bianco\/","og_site_name":"Azienda Agricola Borgunto - I nostri vini Chianti","article_publisher":"https:\/\/www.facebook.com\/borguntooilwinetuscany","article_modified_time":"2026-04-05T09:02:00+00:00","og_image":[{"width":300,"height":300,"url":"https:\/\/borgunto.com\/wp-content\/uploads\/2023\/11\/burro-al-tartufo-bianco-borgunto-80g-vasetto.webp","type":"image\/webp"}],"twitter_card":"summary_large_image","twitter_misc":{"Szacowany czas czytania":"2 minuty"},"schema":{"@context":"https:\/\/schema.org","@graph":[{"@type":"WebPage","@id":"https:\/\/borgunto.com\/prodotto\/burro-al-tartufo-bianco\/","url":"https:\/\/borgunto.com\/prodotto\/burro-al-tartufo-bianco\/","name":"Burro al Tartufo Bianco Artigianale Borgunto | Gourmet Toscano","isPartOf":{"@id":"https:\/\/borgunto.com\/#website"},"primaryImageOfPage":{"@id":"https:\/\/borgunto.com\/prodotto\/burro-al-tartufo-bianco\/#primaryimage"},"image":{"@id":"https:\/\/borgunto.com\/prodotto\/burro-al-tartufo-bianco\/#primaryimage"},"thumbnailUrl":"https:\/\/borgunto.com\/wp-content\/uploads\/2023\/11\/burro-al-tartufo-bianco-borgunto-80g-vasetto.webp","datePublished":"2023-11-23T11:11:08+00:00","dateModified":"2026-04-05T09:02:00+00:00","description":"Burro al tartufo bianco artigianale Borgunto: crema gourmet con Tuber magnatum pico. Ingredienti toscani, filiera controllata. Ordina ora!","breadcrumb":{"@id":"https:\/\/borgunto.com\/prodotto\/burro-al-tartufo-bianco\/#breadcrumb"},"inLanguage":"pl-PL","potentialAction":[{"@type":"ReadAction","target":["https:\/\/borgunto.com\/prodotto\/burro-al-tartufo-bianco\/"]}]},{"@type":"ImageObject","inLanguage":"pl-PL","@id":"https:\/\/borgunto.com\/prodotto\/burro-al-tartufo-bianco\/#primaryimage","url":"https:\/\/borgunto.com\/wp-content\/uploads\/2023\/11\/burro-al-tartufo-bianco-borgunto-80g-vasetto.webp","contentUrl":"https:\/\/borgunto.com\/wp-content\/uploads\/2023\/11\/burro-al-tartufo-bianco-borgunto-80g-vasetto.webp","width":300,"height":300,"caption":"Burro gourmet infuso con tartufo bianco pregiato, condimento ideale per crostini e primi piatti."},{"@type":"BreadcrumbList","@id":"https:\/\/borgunto.com\/prodotto\/burro-al-tartufo-bianco\/#breadcrumb","itemListElement":[{"@type":"ListItem","position":1,"name":"Home","item":"https:\/\/borgunto.com\/"},{"@type":"ListItem","position":2,"name":"Shop","item":"https:\/\/borgunto.com\/shop\/"},{"@type":"ListItem","position":3,"name":"Burro al Tartufo Bianco"}]},{"@type":"WebSite","@id":"https:\/\/borgunto.com\/#website","url":"https:\/\/borgunto.com\/","name":"Azienda Agricola Borgunto - Olio, Chianti e Tartufo Italiano","description":"","publisher":{"@id":"https:\/\/borgunto.com\/#organization"},"potentialAction":[{"@type":"SearchAction","target":{"@type":"EntryPoint","urlTemplate":"https:\/\/borgunto.com\/?s={search_term_string}"},"query-input":{"@type":"PropertyValueSpecification","valueRequired":true,"valueName":"search_term_string"}}],"inLanguage":"pl-PL"},{"@type":"Organization","@id":"https:\/\/borgunto.com\/#organization","name":"Azienda Agricola Borgunto - Olio, Chianti e Tartufo Italiano","url":"https:\/\/borgunto.com\/","logo":{"@type":"ImageObject","inLanguage":"pl-PL","@id":"https:\/\/borgunto.com\/#\/schema\/logo\/image\/","url":"https:\/\/borgunto.com\/wp-content\/uploads\/2021\/04\/cropped-Logo-Borgunto.png","contentUrl":"https:\/\/borgunto.com\/wp-content\/uploads\/2021\/04\/cropped-Logo-Borgunto.png","width":562,"height":354,"caption":"Azienda Agricola Borgunto - Olio, Chianti e Tartufo Italiano"},"image":{"@id":"https:\/\/borgunto.com\/#\/schema\/logo\/image\/"},"sameAs":["https:\/\/www.facebook.com\/borguntooilwinetuscany"]}]}},"jetpack_sharing_enabled":true,"_links":{"self":[{"href":"https:\/\/borgunto.com\/pl\/wp-json\/wp\/v2\/product\/31829","targetHints":{"allow":["GET"]}}],"collection":[{"href":"https:\/\/borgunto.com\/pl\/wp-json\/wp\/v2\/product"}],"about":[{"href":"https:\/\/borgunto.com\/pl\/wp-json\/wp\/v2\/types\/product"}],"replies":[{"embeddable":true,"href":"https:\/\/borgunto.com\/pl\/wp-json\/wp\/v2\/comments?post=31829"}],"wp:featuredmedia":[{"embeddable":true,"href":"https:\/\/borgunto.com\/pl\/wp-json\/wp\/v2\/media\/38203"}],"wp:attachment":[{"href":"https:\/\/borgunto.com\/pl\/wp-json\/wp\/v2\/media?parent=31829"}],"wp:term":[{"taxonomy":"product_brand","embeddable":true,"href":"https:\/\/borgunto.com\/pl\/wp-json\/wp\/v2\/product_brand?post=31829"},{"taxonomy":"product_cat","embeddable":true,"href":"https:\/\/borgunto.com\/pl\/wp-json\/wp\/v2\/product_cat?post=31829"},{"taxonomy":"product_tag","embeddable":true,"href":"https:\/\/borgunto.com\/pl\/wp-json\/wp\/v2\/product_tag?post=31829"}],"curies":[{"name":"wp","href":"https:\/\/api.w.org\/{rel}","templated":true}]}}