                                                                                                                                                                                                                                                                                                                                                                                                                                                                                                                                                                                                                                                                                                                                                                                                                                                                                                                                                                                                                                                                {"id":31820,"date":"2023-11-23T11:40:11","date_gmt":"2023-11-23T10:40:11","guid":{"rendered":"https:\/\/borgunto.com\/?post_type=product&#038;p=31820"},"modified":"2026-04-06T19:19:31","modified_gmt":"2026-04-06T17:19:31","slug":"confettura-di-fragole","status":"publish","type":"product","link":"https:\/\/borgunto.com\/pl\/produkt\/confettura-di-fragole\/","title":{"rendered":"D\u017cem truskawkowy"},"content":{"rendered":"<h3><strong><b>D\u017cem Truskawkowy Borgunto Special Fruit \u2014 47% Truskawek Valdichiana<\/b><\/strong><\/h3>\n<p>Nie wszystkie d\u017cemy truskawkowe s\u0105 sobie r\u00f3wne. Nasz zawiera 47% \u015bwie\u017cego mi\u0105\u017cszu truskawkowego \u2013 znacznie powy\u017cej wymaganego prawnie minimum 35% dla d\u017cem\u00f3w extra virgin \u2013 i jest to wyczuwalne ju\u017c na pierwszy rzut oka: intensywny aromat, naturalny, jaskrawoczerwony kolor, s\u0142odycz pochodz\u0105ca z owoc\u00f3w, a nie z dodatku cukru. Truskawki pochodz\u0105 z Valdichiana w pobli\u017cu Arezzo, tego samego obszaru, gdzie uprawiamy nasze winnice i drzewa oliwne.<\/p>\n<h3><strong><b>Czym r\u00f3\u017cni si\u0119 od zator\u00f3w przemys\u0142owych<\/b><\/strong><\/h3>\n<ul>\n<li>47% \u015bwie\u017cego mi\u0105\u017cszu truskawkowego \u2014 st\u0119\u017cenie wy\u017csze ni\u017c przeci\u0119tne<\/li>\n<li>Truskawki Valdichiana \u2014 kr\u00f3tki \u0142a\u0144cuch dostaw, oryginalne owoce z mo\u017cliwo\u015bci\u0105 \u015bledzenia<\/li>\n<li>Bez konserwant\u00f3w, bez sztucznych barwnik\u00f3w, bez dodanych aromat\u00f3w<\/li>\n<li>Powolne gotowanie w ma\u0142ych partiach w celu zachowania aromat\u00f3w i konsystencji<\/li>\n<li>Opakowanie na gor\u0105co wykonane r\u0119cznie w szklanym s\u0142oiku<\/li>\n<\/ul>\n<p>&nbsp;<\/p>\n<h3><strong><b>Jak si\u0119 tym cieszy\u0107<\/b><\/strong><\/h3>\n<p>Nieodparty na \u015bniadanie, rozsmarowany na tostach, herbatnikach lub \u015bwie\u017co upieczonych croissantach. Idealny jako nadzienie do tart, kruchych ciast i rustykalnych ciast. Doskonale komponuje si\u0119 z greckim jogurtem i \u015bwie\u017cymi serami, takimi jak toska\u0144ska ricotta i mascarpone. Doskona\u0142y r\u00f3wnie\u017c jako polewa do lod\u00f3w waniliowych lub panna cotty.<\/p>\n<h3><strong><b>Formatowanie i przechowywanie<\/b><\/strong><\/h3>\n<p>S\u0142oik szklany ze srebrn\u0105 pokrywk\u0105. Przechowywa\u0107 w ch\u0142odnym i suchym miejscu.<\/p>","protected":false},"excerpt":{"rendered":"<div class=\"product-details-content\">\n<p><!-- H1: Nome esatto del prodotto (unico per pagina) --><\/p>\n<p><em><i>Rzemie\u015blniczy d\u017cem truskawkowy Borgunto \u2013 47% mi\u0105\u017cszu truskawek Valdichiana, bez konserwant\u00f3w i barwnik\u00f3w. Intensywny, aromatyczny, z autentyczn\u0105 s\u0142odycz\u0105 toska\u0144skich truskawek.<\/i><\/em><\/p>\n<\/div>","protected":false},"featured_media":38208,"comment_status":"open","ping_status":"closed","template":"","meta":[],"product_brand":[],"product_cat":[93],"product_tag":[507,97,95,506,75,508],"class_list":{"0":"post-31820","1":"product","2":"type-product","3":"status-publish","4":"has-post-thumbnail","6":"product_cat-confetture","7":"product_tag-confettura-senza-zucchero","8":"product_tag-fragola","9":"product_tag-marmellata","10":"product_tag-marmellata-senza-zucchero","11":"product_tag-qualita","12":"product_tag-qualitatoscana","14":"first","15":"instock","16":"shipping-taxable","17":"purchasable","18":"product-type-simple"},"yoast_head":"<!-- This site is optimized with the Yoast SEO Premium plugin v24.0 (Yoast SEO v27.2) - https:\/\/yoast.com\/product\/yoast-seo-premium-wordpress\/ -->\n<title>Confettura di Fragola Artigianale Borgunto | 100% Frutta Italiana<\/title>\n<meta name=\"description\" content=\"Confettura artigianale di fragole e pesche toscane, 72% frutta, senza conservanti. Perfetta per colazioni e dolci. Vasetto da 200g.\" \/>\n<meta name=\"robots\" content=\"index, follow, max-snippet:-1, max-image-preview:large, max-video-preview:-1\" \/>\n<link rel=\"canonical\" href=\"https:\/\/borgunto.com\/pl\/produkt\/marmellata-di-fragole-strawberry-jam\/\" \/>\n<meta property=\"og:locale\" content=\"pl_PL\" \/>\n<meta property=\"og:type\" content=\"article\" \/>\n<meta property=\"og:title\" content=\"Confettura di Fragola\" \/>\n<meta property=\"og:description\" content=\"Confettura artigianale di fragole e pesche toscane, 72% frutta, senza conservanti. Perfetta per colazioni e dolci. Vasetto da 200g.\" \/>\n<meta property=\"og:url\" content=\"https:\/\/borgunto.com\/pl\/produkt\/marmellata-di-fragole-strawberry-jam\/\" \/>\n<meta property=\"og:site_name\" content=\"Azienda Agricola Borgunto - I nostri vini Chianti\" \/>\n<meta property=\"article:publisher\" content=\"https:\/\/www.facebook.com\/borguntooilwinetuscany\" \/>\n<meta property=\"article:modified_time\" content=\"2026-04-06T17:19:31+00:00\" \/>\n<meta property=\"og:image\" content=\"https:\/\/borgunto.com\/wp-content\/uploads\/2023\/11\/confettura-fragola-borgunto-special-fruit-vasetto-strawberry-jam.webp\" \/>\n\t<meta property=\"og:image:width\" content=\"700\" \/>\n\t<meta property=\"og:image:height\" content=\"700\" \/>\n\t<meta property=\"og:image:type\" content=\"image\/webp\" \/>\n<meta name=\"twitter:card\" content=\"summary_large_image\" \/>\n<meta name=\"twitter:label1\" content=\"Szacowany czas czytania\" \/>\n\t<meta name=\"twitter:data1\" content=\"2 minuty\" \/>\n<script type=\"application\/ld+json\" class=\"yoast-schema-graph\">{\"@context\":\"https:\/\/schema.org\",\"@graph\":[{\"@type\":\"WebPage\",\"@id\":\"https:\/\/borgunto.com\/prodotto\/confettura-di-fragole\/\",\"url\":\"https:\/\/borgunto.com\/prodotto\/marmellata-di-fragole-strawberry-jam\/\",\"name\":\"Confettura di Fragola Artigianale Borgunto | 100% Frutta Italiana\",\"isPartOf\":{\"@id\":\"https:\/\/borgunto.com\/#website\"},\"primaryImageOfPage\":{\"@id\":\"https:\/\/borgunto.com\/prodotto\/marmellata-di-fragole-strawberry-jam\/#primaryimage\"},\"image\":{\"@id\":\"https:\/\/borgunto.com\/prodotto\/marmellata-di-fragole-strawberry-jam\/#primaryimage\"},\"thumbnailUrl\":\"https:\/\/borgunto.com\/wp-content\/uploads\/2023\/11\/confettura-fragola-borgunto-special-fruit-vasetto-strawberry-jam.webp\",\"datePublished\":\"2023-11-23T10:40:11+00:00\",\"dateModified\":\"2026-04-06T17:19:31+00:00\",\"description\":\"Confettura artigianale di fragole e pesche toscane, 72% frutta, senza conservanti. Perfetta per colazioni e dolci. Vasetto da 200g.\",\"breadcrumb\":{\"@id\":\"https:\/\/borgunto.com\/prodotto\/marmellata-di-fragole-strawberry-jam\/#breadcrumb\"},\"inLanguage\":\"pl-PL\",\"potentialAction\":[{\"@type\":\"ReadAction\",\"target\":[\"https:\/\/borgunto.com\/prodotto\/marmellata-di-fragole-strawberry-jam\/\"]}]},{\"@type\":\"ImageObject\",\"inLanguage\":\"pl-PL\",\"@id\":\"https:\/\/borgunto.com\/prodotto\/marmellata-di-fragole-strawberry-jam\/#primaryimage\",\"url\":\"https:\/\/borgunto.com\/wp-content\/uploads\/2023\/11\/confettura-fragola-borgunto-special-fruit-vasetto-strawberry-jam.webp\",\"contentUrl\":\"https:\/\/borgunto.com\/wp-content\/uploads\/2023\/11\/confettura-fragola-borgunto-special-fruit-vasetto-strawberry-jam.webp\",\"width\":700,\"height\":700,\"caption\":\"Confettura di fragola Borgunto Special Fruit in vasetto vetro con coperchio argento e fragola fresca accanto - marmellata artigianale toscana frutta 47%\"},{\"@type\":\"BreadcrumbList\",\"@id\":\"https:\/\/borgunto.com\/prodotto\/marmellata-di-fragole-strawberry-jam\/#breadcrumb\",\"itemListElement\":[{\"@type\":\"ListItem\",\"position\":1,\"name\":\"Home\",\"item\":\"https:\/\/borgunto.com\/\"},{\"@type\":\"ListItem\",\"position\":2,\"name\":\"Shop\",\"item\":\"https:\/\/borgunto.com\/shop\/\"},{\"@type\":\"ListItem\",\"position\":3,\"name\":\"Confettura di Fragola\"}]},{\"@type\":\"WebSite\",\"@id\":\"https:\/\/borgunto.com\/#website\",\"url\":\"https:\/\/borgunto.com\/\",\"name\":\"Azienda Agricola Borgunto - Olio, Chianti e Tartufo Italiano\",\"description\":\"\",\"publisher\":{\"@id\":\"https:\/\/borgunto.com\/#organization\"},\"potentialAction\":[{\"@type\":\"SearchAction\",\"target\":{\"@type\":\"EntryPoint\",\"urlTemplate\":\"https:\/\/borgunto.com\/?s={search_term_string}\"},\"query-input\":{\"@type\":\"PropertyValueSpecification\",\"valueRequired\":true,\"valueName\":\"search_term_string\"}}],\"inLanguage\":\"pl-PL\"},{\"@type\":\"Organization\",\"@id\":\"https:\/\/borgunto.com\/#organization\",\"name\":\"Azienda Agricola Borgunto - Olio, Chianti e Tartufo Italiano\",\"url\":\"https:\/\/borgunto.com\/\",\"logo\":{\"@type\":\"ImageObject\",\"inLanguage\":\"pl-PL\",\"@id\":\"https:\/\/borgunto.com\/#\/schema\/logo\/image\/\",\"url\":\"https:\/\/borgunto.com\/wp-content\/uploads\/2021\/04\/cropped-Logo-Borgunto.png\",\"contentUrl\":\"https:\/\/borgunto.com\/wp-content\/uploads\/2021\/04\/cropped-Logo-Borgunto.png\",\"width\":562,\"height\":354,\"caption\":\"Azienda Agricola Borgunto - Olio, Chianti e Tartufo Italiano\"},\"image\":{\"@id\":\"https:\/\/borgunto.com\/#\/schema\/logo\/image\/\"},\"sameAs\":[\"https:\/\/www.facebook.com\/borguntooilwinetuscany\"]}]}<\/script>\n<!-- \/ Yoast SEO Premium plugin. -->","yoast_head_json":{"title":"Confettura di Fragola Artigianale Borgunto | 100% Frutta Italiana","description":"Confettura artigianale di fragole e pesche toscane, 72% frutta, senza conservanti. Perfetta per colazioni e dolci. Vasetto da 200g.","robots":{"index":"index","follow":"follow","max-snippet":"max-snippet:-1","max-image-preview":"max-image-preview:large","max-video-preview":"max-video-preview:-1"},"canonical":"https:\/\/borgunto.com\/pl\/produkt\/marmellata-di-fragole-strawberry-jam\/","og_locale":"pl_PL","og_type":"article","og_title":"Confettura di Fragola","og_description":"Confettura artigianale di fragole e pesche toscane, 72% frutta, senza conservanti. Perfetta per colazioni e dolci. Vasetto da 200g.","og_url":"https:\/\/borgunto.com\/pl\/produkt\/marmellata-di-fragole-strawberry-jam\/","og_site_name":"Azienda Agricola Borgunto - I nostri vini Chianti","article_publisher":"https:\/\/www.facebook.com\/borguntooilwinetuscany","article_modified_time":"2026-04-06T17:19:31+00:00","og_image":[{"width":700,"height":700,"url":"https:\/\/borgunto.com\/wp-content\/uploads\/2023\/11\/confettura-fragola-borgunto-special-fruit-vasetto-strawberry-jam.webp","type":"image\/webp"}],"twitter_card":"summary_large_image","twitter_misc":{"Szacowany czas czytania":"2 minuty"},"schema":{"@context":"https:\/\/schema.org","@graph":[{"@type":"WebPage","@id":"https:\/\/borgunto.com\/prodotto\/confettura-di-fragole\/","url":"https:\/\/borgunto.com\/prodotto\/marmellata-di-fragole-strawberry-jam\/","name":"Confettura di Fragola Artigianale Borgunto | 100% Frutta Italiana","isPartOf":{"@id":"https:\/\/borgunto.com\/#website"},"primaryImageOfPage":{"@id":"https:\/\/borgunto.com\/prodotto\/marmellata-di-fragole-strawberry-jam\/#primaryimage"},"image":{"@id":"https:\/\/borgunto.com\/prodotto\/marmellata-di-fragole-strawberry-jam\/#primaryimage"},"thumbnailUrl":"https:\/\/borgunto.com\/wp-content\/uploads\/2023\/11\/confettura-fragola-borgunto-special-fruit-vasetto-strawberry-jam.webp","datePublished":"2023-11-23T10:40:11+00:00","dateModified":"2026-04-06T17:19:31+00:00","description":"Confettura artigianale di fragole e pesche toscane, 72% frutta, senza conservanti. Perfetta per colazioni e dolci. Vasetto da 200g.","breadcrumb":{"@id":"https:\/\/borgunto.com\/prodotto\/marmellata-di-fragole-strawberry-jam\/#breadcrumb"},"inLanguage":"pl-PL","potentialAction":[{"@type":"ReadAction","target":["https:\/\/borgunto.com\/prodotto\/marmellata-di-fragole-strawberry-jam\/"]}]},{"@type":"ImageObject","inLanguage":"pl-PL","@id":"https:\/\/borgunto.com\/prodotto\/marmellata-di-fragole-strawberry-jam\/#primaryimage","url":"https:\/\/borgunto.com\/wp-content\/uploads\/2023\/11\/confettura-fragola-borgunto-special-fruit-vasetto-strawberry-jam.webp","contentUrl":"https:\/\/borgunto.com\/wp-content\/uploads\/2023\/11\/confettura-fragola-borgunto-special-fruit-vasetto-strawberry-jam.webp","width":700,"height":700,"caption":"Confettura di fragola Borgunto Special Fruit in vasetto vetro con coperchio argento e fragola fresca accanto - marmellata artigianale toscana frutta 47%"},{"@type":"BreadcrumbList","@id":"https:\/\/borgunto.com\/prodotto\/marmellata-di-fragole-strawberry-jam\/#breadcrumb","itemListElement":[{"@type":"ListItem","position":1,"name":"Home","item":"https:\/\/borgunto.com\/"},{"@type":"ListItem","position":2,"name":"Shop","item":"https:\/\/borgunto.com\/shop\/"},{"@type":"ListItem","position":3,"name":"Confettura di Fragola"}]},{"@type":"WebSite","@id":"https:\/\/borgunto.com\/#website","url":"https:\/\/borgunto.com\/","name":"Azienda Agricola Borgunto - Olio, Chianti e Tartufo Italiano","description":"","publisher":{"@id":"https:\/\/borgunto.com\/#organization"},"potentialAction":[{"@type":"SearchAction","target":{"@type":"EntryPoint","urlTemplate":"https:\/\/borgunto.com\/?s={search_term_string}"},"query-input":{"@type":"PropertyValueSpecification","valueRequired":true,"valueName":"search_term_string"}}],"inLanguage":"pl-PL"},{"@type":"Organization","@id":"https:\/\/borgunto.com\/#organization","name":"Azienda Agricola Borgunto - Olio, Chianti e Tartufo Italiano","url":"https:\/\/borgunto.com\/","logo":{"@type":"ImageObject","inLanguage":"pl-PL","@id":"https:\/\/borgunto.com\/#\/schema\/logo\/image\/","url":"https:\/\/borgunto.com\/wp-content\/uploads\/2021\/04\/cropped-Logo-Borgunto.png","contentUrl":"https:\/\/borgunto.com\/wp-content\/uploads\/2021\/04\/cropped-Logo-Borgunto.png","width":562,"height":354,"caption":"Azienda Agricola Borgunto - Olio, Chianti e Tartufo Italiano"},"image":{"@id":"https:\/\/borgunto.com\/#\/schema\/logo\/image\/"},"sameAs":["https:\/\/www.facebook.com\/borguntooilwinetuscany"]}]}},"jetpack_sharing_enabled":true,"_links":{"self":[{"href":"https:\/\/borgunto.com\/pl\/wp-json\/wp\/v2\/product\/31820","targetHints":{"allow":["GET"]}}],"collection":[{"href":"https:\/\/borgunto.com\/pl\/wp-json\/wp\/v2\/product"}],"about":[{"href":"https:\/\/borgunto.com\/pl\/wp-json\/wp\/v2\/types\/product"}],"replies":[{"embeddable":true,"href":"https:\/\/borgunto.com\/pl\/wp-json\/wp\/v2\/comments?post=31820"}],"wp:featuredmedia":[{"embeddable":true,"href":"https:\/\/borgunto.com\/pl\/wp-json\/wp\/v2\/media\/38208"}],"wp:attachment":[{"href":"https:\/\/borgunto.com\/pl\/wp-json\/wp\/v2\/media?parent=31820"}],"wp:term":[{"taxonomy":"product_brand","embeddable":true,"href":"https:\/\/borgunto.com\/pl\/wp-json\/wp\/v2\/product_brand?post=31820"},{"taxonomy":"product_cat","embeddable":true,"href":"https:\/\/borgunto.com\/pl\/wp-json\/wp\/v2\/product_cat?post=31820"},{"taxonomy":"product_tag","embeddable":true,"href":"https:\/\/borgunto.com\/pl\/wp-json\/wp\/v2\/product_tag?post=31820"}],"curies":[{"name":"wp","href":"https:\/\/api.w.org\/{rel}","templated":true}]}}