                                                                                                                                                                                                                                                                                                                                                                                                                                                                                                                                                                                                                                                                                                                                                                                                                                                                                                                                                                                                                                                                {"id":38132,"date":"2026-01-31T16:30:42","date_gmt":"2026-01-31T15:30:42","guid":{"rendered":"https:\/\/borgunto.com\/?page_id=38132"},"modified":"2026-02-01T16:10:46","modified_gmt":"2026-02-01T15:10:46","slug":"la-potatura","status":"publish","type":"page","link":"https:\/\/borgunto.com\/pl\/la-potatura\/","title":{"rendered":"La Potatura"},"content":{"rendered":"<div class=\"wpb-content-wrapper\"><div class=\"vc_row wpb_row vc_row-fluid\"><div class=\"wpb_column vc_column_container vc_col-sm-12\"><div class=\"vc_column-inner\"><div class=\"wpb_wrapper\">\n\t<div class=\"wpb_text_column wpb_content_element\" >\n\t\t<div class=\"wpb_wrapper\">\n\t\t\t<article class=\"blog-post olive-pruning-tuscany\">\n<header>\n<h1>Przycinanie gaj\u00f3w oliwnych w Toskanii: mi\u0119dzy tradycj\u0105 a nowoczesn\u0105 technik\u0105<\/h1>\n<\/header>\n<section class=\"introduction\">\n<p class=\"translation-block\">Przycinanie drzew oliwnych w Toskanii to staro\u017cytna umiej\u0119tno\u015b\u0107, owoc wiek\u00f3w do\u015bwiadczenia rolniczego, kt\u00f3ra dzi\u015b jest integrowana z najnowocze\u015bniejszymi technikami agrotechnicznymi. Cel pozostaje niezmienny: uzyskanie oliwy z oliwek extra virgin najwy\u017cszej jako\u015bci, s\u0142ynnego toska\u0144skiego zielonego z\u0142ota.<\/p>\n<p>Aby osi\u0105gn\u0105\u0107 taki efekt, samo \u201eczyszczenie\u201d drzewa oliwnego nie wystarczy; konieczne jest kierowanie jego wzrostem, dbanie o to, aby ka\u017cda oliwka otrzymywa\u0142a odpowiedni\u0105 ilo\u015b\u0107 \u015bwiat\u0142a, powietrza i sk\u0142adnik\u00f3w od\u017cywczych.<\/p>\n<\/section>\n<section class=\"quality-parameters\">\n<h2>Jako\u015b\u0107 oleju: podstawowe parametry<\/h2>\n<p class=\"translation-block\">Prawid\u0142owe zarz\u0105dzanie gajem oliwnym oznacza prac\u0119 z uwzgl\u0119dnieniem procesu t\u0142oczenia i wizualizacj\u0119 profilu sensorycznego oliwy ju\u017c od etapu przycinania. W Toskanii jako\u015b\u0107 jest \u015bci\u015ble powi\u0105zana z dwoma podstawowymi parametrami:<\/p>\n<ul>\n<li><strong>Wysokie st\u0119\u017cenie polifenoli<\/strong><\/li>\n<li><strong>Niska kwasowo\u015b\u0107<\/strong><\/li>\n<\/ul>\n<p>Oba czynniki zale\u017c\u0105 od kondycji oliwek w okresie zbior\u00f3w. Nadmiernie g\u0119sty baldachim tworzy wilgotny mikroklimat, kt\u00f3ry sprzyja:<\/p>\n<ul>\n<li class=\"translation-block\">mucha oleista (<em>Bactrocera oleae<\/em>)<\/li>\n<li>choroby grzybowe, takie jak pawie oko<\/li>\n<\/ul>\n<p>Z tego powodu przycinanie powinno by\u0107 ukierunkowane na zapewnienie maksymalnej ilo\u015bci \u015bwiat\u0142a i wentylacji. Li\u015b\u0107 stale zacieniony nie wytwarza energii w procesie fotosyntezy, lecz pozbawia ro\u015blin\u0119 zasob\u00f3w, co negatywnie wp\u0142ywa na produkcj\u0119.<\/p>\n<\/section>\n<section class=\"training-system\">\n<h2>System szkoleniowy: wazon polikoniczny<\/h2>\n<p class=\"translation-block\">Dla tych, kt\u00f3rzy d\u0105\u017c\u0105 do doskona\u0142o\u015bci, najbardziej odpowiednim wyborem jest <strong>wazon polikoniczny<\/strong>, konstrukcja obejmuj\u0105ca:<\/p>\n<ul>\n<li>3 lub 4 ga\u0142\u0119zie g\u0142\u00f3wne<\/li>\n<li>ga\u0142\u0119zie dobrze od siebie oddalone<\/li>\n<li>rozw\u00f3j zewn\u0119trzny<\/li>\n<\/ul>\n<p class=\"translation-block\">Ka\u017cda ga\u0142\u0105zka ko\u0144czy si\u0119 cienkim czubkiem, zwanym strza\u0142k\u0105, kt\u00f3ry kontroluje dominacj\u0119 wierzcho\u0142kow\u0105. Ten zabieg ogranicza wzrost pionowych odrost\u00f3w i utrzymuje produkcj\u0119 w bocznych i dolnych cz\u0119\u015bciach p\u0119du, kt\u00f3re s\u0105 bardziej zr\u00f3wnowa\u017cone i \u0142atwiejsze do zbioru.<\/p>\n<p class=\"translation-block\">Kolejnym kluczowym aspektem jest <strong>opr\u00f3\u017cnienie \u015brodkowej cz\u0119\u015bci korony<\/strong>. Wolny \u015brodek pozwala na efektywn\u0105 cyrkulacj\u0119 powietrza, zmniejszaj\u0105c wilgotno\u015b\u0107 wewn\u0105trz i ryzyko chor\u00f3b.<\/p>\n<\/section>\n<section class=\"strategic-cuts\">\n<h2>Strategiczne ci\u0119cia w przycinaniu<\/h2>\n<p>Skuteczne przycinanie wymaga umiej\u0119tno\u015bci rozr\u00f3\u017cniania tego, co nale\u017cy wyeliminowa\u0107:<\/p>\n<h3>Elementy do usuni\u0119cia<\/h3>\n<ul>\n<li class=\"translation-block\"><strong>Odrosty i p\u0119dy<\/strong>: rosn\u0105 odpowiednio na ga\u0142\u0119ziach i u podstawy pnia, pobieraj\u0105c sok, ale nie wytwarzaj\u0105c oliwek<\/li>\n<li><strong>Rami esauriti<\/strong>: l&#8217;olivo fruttifica sui rami dell&#8217;anno precedente; quelli gi\u00e0 produttivi e penduli vanno rimossi per favorire il rinnovo<\/li>\n<\/ul>\n<p>\u00c8 essenziale rispettare il <strong>collare del ramo<\/strong>, evitando tagli a filo del tronco che impedirebbero una corretta cicatrizzazione e favorirebbero carie del legno.<\/p>\n<\/section>\n<section class=\"timing-tools\">\n<h2>Okres przycinania i sprz\u0119t<\/h2>\n<p class=\"translation-block\">W Toskanii idealnym momentem na przycinanie jest p\u00f3\u017ana zima, zazwyczaj marzec, kiedy min\u0119\u0142o ryzyko przymrozk\u00f3w. Konieczne jest stosowanie:<\/p>\n<ul>\n<li>ostre no\u017cyczki i pi\u0142y<\/li>\n<li>czyste i zdezynfekowane narz\u0119dzia<\/li>\n<\/ul>\n<p>Po przyci\u0119ciu rany nale\u017cy zabezpieczy\u0107 preparatem na bazie miedzi, kt\u00f3ry zapobiegnie zaka\u017ceniom grzybiczym wiosn\u0105.<\/p>\n<\/section>\n<section class=\"conclusion\">\n<h2>Wnioski: Korzy\u015bci z prawid\u0142owego przycinania<\/h2>\n<p>Przycinanie wykonywane ostro\u017cnie:<\/p>\n<ul>\n<li>zmniejsza produkcyjn\u0105 przemian\u0119<\/li>\n<li>poprawia zdrowie oliwek<\/li>\n<li>wzmacnia aromat i jako\u015b\u0107 oleju<\/li>\n<\/ul>\n<p class=\"translation-block\">Doskona\u0142a oliwa z oliwek powstaje przede wszystkim na polach, dzi\u0119ki \u015bwiadomym wyborom \u0142\u0105cz\u0105cym tradycj\u0119, obserwacj\u0119 i nowoczesn\u0105 technologi\u0119, co pozwala zachowa\u0107 to\u017csamo\u015b\u0107 toska\u0144skiej uprawy oliwek pomimo up\u0142ywu czasu.<\/p>\n<p class=\"location-tag\">Do\u015bwiadczenie i tradycja toska\u0144skiej uprawy oliwek, od wiejskich okolic Arezzo po produkcj\u0119 najwy\u017cszej jako\u015bci oliwy z oliwek extra virgin.<\/p>\n<\/section>\n<footer class=\"article-meta\"><\/footer>\n<\/article>\n\n\t\t<\/div>\n\t<\/div>\n<\/div><\/div><\/div><\/div>\n<!-- \/wp:post-content --><\/div>","protected":false},"excerpt":{"rendered":"La Potatura dell'Oliveto in Toscana: Tra Tradizione e Tecnica Moderna La potatura dell'olivo in Toscana \u00e8 un sapere antico, frutto","protected":false},"author":3,"featured_media":0,"parent":0,"menu_order":0,"comment_status":"closed","ping_status":"closed","template":"","meta":{"footnotes":""},"class_list":["post-38132","page","type-page","status-publish","hentry"],"yoast_head":"<!-- This site is optimized with the Yoast SEO Premium plugin v24.0 (Yoast SEO v27.2) - https:\/\/yoast.com\/product\/yoast-seo-premium-wordpress\/ -->\n<title>La Potatura - Azienda Agricola Borgunto - I nostri vini Chianti<\/title>\n<meta name=\"robots\" content=\"index, follow, max-snippet:-1, max-image-preview:large, max-video-preview:-1\" \/>\n<link rel=\"canonical\" href=\"https:\/\/borgunto.com\/pl\/la-potatura\/\" \/>\n<meta property=\"og:locale\" content=\"pl_PL\" \/>\n<meta property=\"og:type\" content=\"article\" \/>\n<meta property=\"og:title\" content=\"La Potatura\" \/>\n<meta property=\"og:url\" content=\"https:\/\/borgunto.com\/pl\/la-potatura\/\" \/>\n<meta property=\"og:site_name\" content=\"Azienda Agricola Borgunto - I nostri vini Chianti\" \/>\n<meta property=\"article:publisher\" content=\"https:\/\/www.facebook.com\/borguntooilwinetuscany\" \/>\n<meta property=\"article:modified_time\" content=\"2026-02-01T15:10:46+00:00\" \/>\n<meta name=\"twitter:card\" content=\"summary_large_image\" \/>\n<meta name=\"twitter:label1\" content=\"Szacowany czas czytania\" \/>\n\t<meta name=\"twitter:data1\" content=\"3 minuty\" \/>\n<script type=\"application\/ld+json\" class=\"yoast-schema-graph\">{\"@context\":\"https:\/\/schema.org\",\"@graph\":[{\"@type\":\"WebPage\",\"@id\":\"https:\/\/borgunto.com\/la-potatura\/\",\"url\":\"https:\/\/borgunto.com\/la-potatura\/\",\"name\":\"La Potatura - Azienda Agricola Borgunto - I nostri vini Chianti\",\"isPartOf\":{\"@id\":\"https:\/\/borgunto.com\/#website\"},\"datePublished\":\"2026-01-31T15:30:42+00:00\",\"dateModified\":\"2026-02-01T15:10:46+00:00\",\"breadcrumb\":{\"@id\":\"https:\/\/borgunto.com\/la-potatura\/#breadcrumb\"},\"inLanguage\":\"pl-PL\",\"potentialAction\":[{\"@type\":\"ReadAction\",\"target\":[\"https:\/\/borgunto.com\/la-potatura\/\"]}]},{\"@type\":\"BreadcrumbList\",\"@id\":\"https:\/\/borgunto.com\/la-potatura\/#breadcrumb\",\"itemListElement\":[{\"@type\":\"ListItem\",\"position\":1,\"name\":\"Home\",\"item\":\"https:\/\/borgunto.com\/\"},{\"@type\":\"ListItem\",\"position\":2,\"name\":\"La Potatura\"}]},{\"@type\":\"WebSite\",\"@id\":\"https:\/\/borgunto.com\/#website\",\"url\":\"https:\/\/borgunto.com\/\",\"name\":\"Azienda Agricola Borgunto - Olio, Chianti e Tartufo Italiano\",\"description\":\"\",\"publisher\":{\"@id\":\"https:\/\/borgunto.com\/#organization\"},\"potentialAction\":[{\"@type\":\"SearchAction\",\"target\":{\"@type\":\"EntryPoint\",\"urlTemplate\":\"https:\/\/borgunto.com\/?s={search_term_string}\"},\"query-input\":{\"@type\":\"PropertyValueSpecification\",\"valueRequired\":true,\"valueName\":\"search_term_string\"}}],\"inLanguage\":\"pl-PL\"},{\"@type\":\"Organization\",\"@id\":\"https:\/\/borgunto.com\/#organization\",\"name\":\"Azienda Agricola Borgunto - Olio, Chianti e Tartufo Italiano\",\"url\":\"https:\/\/borgunto.com\/\",\"logo\":{\"@type\":\"ImageObject\",\"inLanguage\":\"pl-PL\",\"@id\":\"https:\/\/borgunto.com\/#\/schema\/logo\/image\/\",\"url\":\"https:\/\/borgunto.com\/wp-content\/uploads\/2021\/04\/cropped-Logo-Borgunto.png\",\"contentUrl\":\"https:\/\/borgunto.com\/wp-content\/uploads\/2021\/04\/cropped-Logo-Borgunto.png\",\"width\":562,\"height\":354,\"caption\":\"Azienda Agricola Borgunto - Olio, Chianti e Tartufo Italiano\"},\"image\":{\"@id\":\"https:\/\/borgunto.com\/#\/schema\/logo\/image\/\"},\"sameAs\":[\"https:\/\/www.facebook.com\/borguntooilwinetuscany\"]}]}<\/script>\n<!-- \/ Yoast SEO Premium plugin. -->","yoast_head_json":{"title":"La Potatura - Azienda Agricola Borgunto - I nostri vini Chianti","robots":{"index":"index","follow":"follow","max-snippet":"max-snippet:-1","max-image-preview":"max-image-preview:large","max-video-preview":"max-video-preview:-1"},"canonical":"https:\/\/borgunto.com\/pl\/la-potatura\/","og_locale":"pl_PL","og_type":"article","og_title":"La Potatura","og_url":"https:\/\/borgunto.com\/pl\/la-potatura\/","og_site_name":"Azienda Agricola Borgunto - I nostri vini Chianti","article_publisher":"https:\/\/www.facebook.com\/borguntooilwinetuscany","article_modified_time":"2026-02-01T15:10:46+00:00","twitter_card":"summary_large_image","twitter_misc":{"Szacowany czas czytania":"3 minuty"},"schema":{"@context":"https:\/\/schema.org","@graph":[{"@type":"WebPage","@id":"https:\/\/borgunto.com\/la-potatura\/","url":"https:\/\/borgunto.com\/la-potatura\/","name":"La Potatura - Azienda Agricola Borgunto - I nostri vini Chianti","isPartOf":{"@id":"https:\/\/borgunto.com\/#website"},"datePublished":"2026-01-31T15:30:42+00:00","dateModified":"2026-02-01T15:10:46+00:00","breadcrumb":{"@id":"https:\/\/borgunto.com\/la-potatura\/#breadcrumb"},"inLanguage":"pl-PL","potentialAction":[{"@type":"ReadAction","target":["https:\/\/borgunto.com\/la-potatura\/"]}]},{"@type":"BreadcrumbList","@id":"https:\/\/borgunto.com\/la-potatura\/#breadcrumb","itemListElement":[{"@type":"ListItem","position":1,"name":"Home","item":"https:\/\/borgunto.com\/"},{"@type":"ListItem","position":2,"name":"La Potatura"}]},{"@type":"WebSite","@id":"https:\/\/borgunto.com\/#website","url":"https:\/\/borgunto.com\/","name":"Azienda Agricola Borgunto - Olio, Chianti e Tartufo Italiano","description":"","publisher":{"@id":"https:\/\/borgunto.com\/#organization"},"potentialAction":[{"@type":"SearchAction","target":{"@type":"EntryPoint","urlTemplate":"https:\/\/borgunto.com\/?s={search_term_string}"},"query-input":{"@type":"PropertyValueSpecification","valueRequired":true,"valueName":"search_term_string"}}],"inLanguage":"pl-PL"},{"@type":"Organization","@id":"https:\/\/borgunto.com\/#organization","name":"Azienda Agricola Borgunto - Olio, Chianti e Tartufo Italiano","url":"https:\/\/borgunto.com\/","logo":{"@type":"ImageObject","inLanguage":"pl-PL","@id":"https:\/\/borgunto.com\/#\/schema\/logo\/image\/","url":"https:\/\/borgunto.com\/wp-content\/uploads\/2021\/04\/cropped-Logo-Borgunto.png","contentUrl":"https:\/\/borgunto.com\/wp-content\/uploads\/2021\/04\/cropped-Logo-Borgunto.png","width":562,"height":354,"caption":"Azienda Agricola Borgunto - Olio, Chianti e Tartufo Italiano"},"image":{"@id":"https:\/\/borgunto.com\/#\/schema\/logo\/image\/"},"sameAs":["https:\/\/www.facebook.com\/borguntooilwinetuscany"]}]}},"jetpack_sharing_enabled":true,"_links":{"self":[{"href":"https:\/\/borgunto.com\/pl\/wp-json\/wp\/v2\/pages\/38132","targetHints":{"allow":["GET"]}}],"collection":[{"href":"https:\/\/borgunto.com\/pl\/wp-json\/wp\/v2\/pages"}],"about":[{"href":"https:\/\/borgunto.com\/pl\/wp-json\/wp\/v2\/types\/page"}],"author":[{"embeddable":true,"href":"https:\/\/borgunto.com\/pl\/wp-json\/wp\/v2\/users\/3"}],"replies":[{"embeddable":true,"href":"https:\/\/borgunto.com\/pl\/wp-json\/wp\/v2\/comments?post=38132"}],"version-history":[{"count":2,"href":"https:\/\/borgunto.com\/pl\/wp-json\/wp\/v2\/pages\/38132\/revisions"}],"predecessor-version":[{"id":38135,"href":"https:\/\/borgunto.com\/pl\/wp-json\/wp\/v2\/pages\/38132\/revisions\/38135"}],"wp:attachment":[{"href":"https:\/\/borgunto.com\/pl\/wp-json\/wp\/v2\/media?parent=38132"}],"curies":[{"name":"wp","href":"https:\/\/api.w.org\/{rel}","templated":true}]}}