                                                                                                                                                                                                                                                                                                                                                                                                                                                                                                                                                                                                                                                                                                                                                                                                                                                                                                                                                                                                                                                                {"id":35179,"date":"2025-07-31T17:34:35","date_gmt":"2025-07-31T15:34:35","guid":{"rendered":"https:\/\/borgunto.com\/?page_id=35179"},"modified":"2026-01-11T13:40:50","modified_gmt":"2026-01-11T12:40:50","slug":"prenota-una-degustazione","status":"publish","type":"page","link":"https:\/\/borgunto.com\/pl\/prenota-una-degustazione\/","title":{"rendered":"Zarezerwuj degustacj\u0119"},"content":{"rendered":"<div class=\"wpb-content-wrapper\"><div class=\"vc_row wpb_row vc_row-fluid\"><div class=\"wpb_column vc_column_container vc_col-sm-12\"><div class=\"vc_column-inner\"><div class=\"wpb_wrapper\">\n\t<div class=\"wpb_raw_code wpb_raw_html wpb_content_element\" >\n\t\t<div class=\"wpb_wrapper\">\n\t\t\t<div class=\"avada-tasting-experience\">\r\n  <style>\r\n    \/* Reset isolato e sicuro *\/\r\n    .avada-tasting-experience * {\r\n      margin: 0;\r\n      padding: 0;\r\n      box-sizing: border-box;\r\n    }\r\n\r\n    .avada-tasting-experience {\r\n      font-family: 'Georgia', 'Times New Roman', serif;\r\n      color: #333;\r\n      line-height: 1.7;\r\n    }\r\n\r\n    .avada-tasting-experience .container {\r\n      max-width: 900px;\r\n      margin: 40px auto;\r\n      background: #fff;\r\n      border-radius: 16px;\r\n      box-shadow: 0 10px 30px rgba(0, 0, 0, 0.1);\r\n      overflow: hidden;\r\n    }\r\n\r\n    .avada-tasting-experience header {\r\n      background: url('https:\/\/dynamic-media-cdn.tripadvisor.com\/media\/photo-o\/2a\/79\/49\/88\/chianti-shop-on-line.jpg?w=900&h=500&s=1') center\/cover no-repeat;\r\n      height: 280px;\r\n      position: relative;\r\n      display: flex;\r\n      align-items: center;\r\n      justify-content: center;\r\n    }\r\n\r\n    .avada-tasting-experience header:before {\r\n      content: '';\r\n      position: absolute;\r\n      top: 0;\r\n      left: 0;\r\n      width: 100%;\r\n      height: 100%;\r\n      background: rgba(0, 0, 0, 0.4);\r\n    }\r\n\r\n    .avada-tasting-experience header h1 {\r\n      position: relative;\r\n      color: #fff;\r\n      font-size: 2.5rem;\r\n      font-weight: 300;\r\n      text-align: center;\r\n      text-shadow: 0 2px 5px rgba(0,0,0,0.5);\r\n    }\r\n\r\n    .avada-tasting-experience main {\r\n      padding: 40px;\r\n    }\r\n\r\n    .avada-tasting-experience .intro {\r\n      text-align: center;\r\n      margin-bottom: 30px;\r\n      color: #555;\r\n    }\r\n\r\n    .avada-tasting-experience .intro h2 {\r\n      font-size: 1.8rem;\r\n      margin-bottom: 15px;\r\n      color: #222;\r\n    }\r\n\r\n    .avada-tasting-experience .intro p {\r\n      font-size: 1.1rem;\r\n      max-width: 700px;\r\n      margin: 0 auto;\r\n    }\r\n\r\n    .avada-tasting-experience .tabs {\r\n      display: flex;\r\n      justify-content: center;\r\n      margin-bottom: 20px;\r\n      gap: 10px;\r\n    }\r\n\r\n    .avada-tasting-experience .tab-btn {\r\n      padding: 10px 20px;\r\n      background: #eee;\r\n      border: none;\r\n      border-radius: 8px;\r\n      font-weight: bold;\r\n      cursor: pointer;\r\n      transition: all 0.3s ease;\r\n    }\r\n\r\n    .avada-tasting-experience .tab-btn.active {\r\n      background: #8b7d6b;\r\n      color: white;\r\n    }\r\n\r\n    .avada-tasting-experience .tasting-list {\r\n      display: grid;\r\n      gap: 15px;\r\n      margin-bottom: 30px;\r\n    }\r\n\r\n    .avada-tasting-experience .tasting-item {\r\n      display: none;\r\n      padding: 18px;\r\n      border: 1px solid #e0dcd8;\r\n      border-radius: 10px;\r\n      background: #fdfcfa;\r\n      cursor: pointer;\r\n      transition: all 0.3s ease;\r\n    }\r\n\r\n    .avada-tasting-experience .tasting-item:hover {\r\n      border-color: #8b7d6b;\r\n      transform: translateY(-2px);\r\n      box-shadow: 0 5px 15px rgba(0, 0, 0, 0.05);\r\n    }\r\n\r\n    .avada-tasting-experience .tasting-item.active {\r\n      display: block;\r\n    }\r\n\r\n    .avada-tasting-experience .tasting-item.selected {\r\n      border: 2px solid #8b7d6b;\r\n      background: #f9f7f4;\r\n    }\r\n\r\n    .avada-tasting-experience .tasting-price {\r\n      font-size: 1.4rem;\r\n      font-weight: bold;\r\n      color: #8b7d6b;\r\n      margin-bottom: 8px;\r\n    }\r\n\r\n    .avada-tasting-experience .tasting-desc {\r\n      font-size: 0.95rem;\r\n      color: #555;\r\n      line-height: 1.6;\r\n    }\r\n\r\n    .avada-tasting-experience .btn-group {\r\n      display: flex;\r\n      gap: 15px;\r\n      flex-wrap: wrap;\r\n      justify-content: center;\r\n      margin-top: 30px;\r\n    }\r\n\r\n    .avada-tasting-experience .btn {\r\n      padding: 14px 25px;\r\n      font-size: 1rem;\r\n      font-weight: 600;\r\n      border: none;\r\n      border-radius: 8px;\r\n      cursor: pointer;\r\n      text-decoration: none;\r\n      display: inline-flex;\r\n      align-items: center;\r\n      gap: 8px;\r\n      transition: all 0.3s ease;\r\n    }\r\n\r\n    .avada-tasting-experience .btn-primary {\r\n      background: #8b7d6b;\r\n      color: white;\r\n    }\r\n\r\n    .avada-tasting-experience .btn-primary:hover {\r\n      background: #746859;\r\n      transform: translateY(-2px);\r\n    }\r\n\r\n    .avada-tasting-experience .btn-whatsapp {\r\n      background: #25D366;\r\n      color: white;\r\n    }\r\n\r\n    .avada-tasting-experience .btn-whatsapp:hover {\r\n      background: #1DA856;\r\n      transform: translateY(-2px);\r\n    }\r\n\r\n    .avada-tasting-experience footer {\r\n      text-align: center;\r\n      padding: 20px;\r\n      color: #777;\r\n      font-size: 0.9rem;\r\n      border-top: 1px solid #eee;\r\n      background: #f9f7f5;\r\n    }\r\n\r\n    \/* Responsive *\/\r\n    @media (max-width: 600px) {\r\n      .avada-tasting-experience header h1 {\r\n        font-size: 2rem;\r\n        padding: 0 20px;\r\n      }\r\n      .avada-tasting-experience main {\r\n        padding: 25px;\r\n      }\r\n      .avada-tasting-experience .btn {\r\n        width: 100%;\r\n        justify-content: center;\r\n      }\r\n      .avada-tasting-experience .tasting-item {\r\n        padding: 15px;\r\n      }\r\n    }\r\n  <\/style>\r\n\r\n  <div class=\"container\">\r\n    <header>\r\n      <h1>Ekskluzywne degustacje<\/h1>\r\n    <\/header>\r\n\r\n    <main>\r\n      <div class=\"intro\">\r\n        <h2>Wybierz swoje do\u015bwiadczenie<\/h2>\r\n        <p class=\"translation-block\">Odkryj autentyczne smaki dzi\u0119ki naszym starannie dobranym degustacjom.\nKa\u017cde do\u015bwiadczenie obejmuje lokalne produkty, <b>100% w\u0142osk\u0105 oliw\u0119 z oliwek extra virgin<\/b> i akcenty cenionych trufli.<\/p>\r\n      <\/div>\r\n\r\n      <!-- Tabs -->\r\n      <div class=\"tabs\">\r\n        <button class=\"tab-btn active\" data-type=\"vino\">Wino<\/button>\r\n        <button class=\"tab-btn\" data-type=\"analcolica\">Bezalkoholowy<\/button>\r\n      <\/div>\r\n\r\n      <!-- Lista Degustazioni -->\r\n      <div class=\"tasting-list\">\r\n        <!-- VINO -->\r\n        <div class=\"tasting-item vino active\" data-name=\"Degustazione 10\u20ac\" data-desc=\"1 calice di vino Chianti Colli Aretini o Rosato, bruschetta con olio 100% italiano, popcorn al tartufo\">\r\n          <div class=\"tasting-price\">\u20ac10<\/div>\r\n          <div class=\"tasting-desc translation-block\"><strong>1 kieliszek<\/strong> Chianti Colli Aretini lub wina r\u00f3\u017cowego<br>\n<strong>Bruschetta<\/strong> ze 100% w\u0142osk\u0105 oliw\u0105 z oliwek<br>\n<strong>Popcorn truflowy<\/strong><\/div>\r\n        <\/div>\r\n        <div class=\"tasting-item vino active\" data-name=\"Degustazione 12\u20ac\" data-desc=\"1 calice di vino Chianti Riserva, bruschetta con olio 100% italiano, popcorn al tartufo\">\r\n          <div class=\"tasting-price\">\u20ac12<\/div>\r\n          <div class=\"tasting-desc translation-block\"><strong>1 kieliszek<\/strong> wina Chianti Riserva<br>  \n<strong>Bruschetta<\/strong> z oliw\u0105 100% w\u0142osk\u0105<br>  \n<strong>Popcorn<\/strong> z tartufem<\/div>\r\n        <\/div>\r\n        <div class=\"tasting-item vino active\" data-name=\"Degustazione 15\u20ac\" data-desc=\"1 calice Chianti Colli Aretini o Rosato, 3 bruschette (olio, burro e maionesse al tartufo), popcorn al tartufo\">\r\n          <div class=\"tasting-price\">\u20ac15<\/div>\r\n          <div class=\"tasting-desc translation-block\"><strong>1 kieliszek<\/strong> Chianti Colli Aretini lub wina r\u00f3\u017cowego<br>\n<strong>Bruschetta<\/strong> z oliw\u0105 100% w\u0142osk\u0105<br>\n<strong>Bruschetta<\/strong> z mas\u0142em z truflami<br>\n<strong>Bruschetta<\/strong> z majonezem z truflami<br>\n<strong>Popcorn<\/strong> z truflami<\/div>\r\n        <\/div>\r\n        <div class=\"tasting-item vino active\" data-name=\"Degustazione 17\u20ac\" data-desc=\"1 calice Chianti Riserva, 3 bruschette, popcorn al tartufo\">\r\n          <div class=\"tasting-price\">\u20ac17<\/div>\r\n          <div class=\"tasting-desc translation-block\"><strong>1 kieliszek<\/strong> Chianti Riserva<br>\n<strong>Bruschetta<\/strong> ze 100% w\u0142osk\u0105 oliw\u0105 z oliwek<br>\n<strong>Bruschetta<\/strong> z mas\u0142em truflowym<br>\n<strong>Bruschetta<\/strong> z majonezem truflowym<br>\n<strong>Popcorn truflowy<\/strong><\/div>\r\n        <\/div>\r\n        <div class=\"tasting-item vino active\" data-name=\"Degustazione 25\u20ac\" data-desc=\"3 calici (Colli Aretini, Ros\u00e9, Riserva), 3 bruschette, popcorn al tartufo\">\r\n          <div class=\"tasting-price\">\u20ac25<\/div>\r\n          <div class=\"tasting-desc translation-block\"><strong>1 kieliszek<\/strong> Colli Aretini<br>\n<strong>1 kieliszek<\/strong> Ros\u00e9<br>\n<strong>1 kieliszek<\/strong> Chianti Riserva<br>\n<strong>Bruschetta<\/strong> z 100% w\u0142oskim olejem z oliwek<br>\n<strong>Bruschetta<\/strong> z majonezem z trufli<br>\n<strong>Bruschetta<\/strong> z mas\u0142em truflowym<br>\n<strong>Popcorn z truflami<\/strong><\/div>\r\n        <\/div>\r\n        <div class=\"tasting-item vino active\" data-name=\"Degustazione 30\u20ac\" data-desc=\"3 calici, 3 bruschette, popcorn, formaggi con maionesse al tartufo\">\r\n          <div class=\"tasting-price\">\u20ac30<\/div>\r\n          <div class=\"tasting-desc translation-block\">W degustacji za 25 \u20ac +<br>\n<strong>Sery<\/strong> z majonezami z trufli<\/div>\r\n        <\/div>\r\n        <div class=\"tasting-item vino active\" data-name=\"Degustazione 40\u20ac\" data-desc=\"3 calici, 3 bruschette, popcorn, zuppe toscane, formaggi, dolce\">\r\n          <div class=\"tasting-price\">\u20ac40<\/div>\r\n          <div class=\"tasting-desc translation-block\">W cenie degustacji 25 \u20ac +<br>\n<strong>Pappa al pomodoro<\/strong><br>\n<strong>Ribollita<\/strong><br>\n<strong>Sery<\/strong> z miodem truflowym<br>\n<strong>Brzoskwinie w syropie<\/strong><\/div>\r\n        <\/div>\r\n\r\n        <!-- ANALCOLICA -->\r\n        <div class=\"tasting-item analcolica\" data-name=\"Degustazione Analcolica 8\u20ac\" data-desc=\"Acqua, nettare di frutta, bruschetta, popcorn\">\r\n          <div class=\"tasting-price\">\u20ac8<\/div>\r\n          <div class=\"tasting-desc translation-block\"><strong>Acqua<\/strong><br>\r\n            <strong>Nettare di frutta Borgunto<\/strong> a scelta<br>\r\n            <strong>Bruschetta<\/strong> con olio 100% italiano<br>\r\n            <strong>Popcorn<\/strong> al tartufo<\/div>\r\n        <\/div>\r\n        <div class=\"tasting-item analcolica\" data-name=\"Degustazione Analcolica 20\u20ac\" data-desc=\"Acqua, nettare, 3 bruschette, popcorn, formaggio\">\r\n          <div class=\"tasting-price\">\u20ac20<\/div>\r\n          <div class=\"tasting-desc translation-block\"><strong>Woda<\/strong><br>\n<strong>Nektar z owoc\u00f3w Borgunto<\/strong><br>\n<strong>Bruschetta<\/strong> ze 100% w\u0142osk\u0105 oliw\u0105 z oliwek<br>\n<strong>Bruschetta<\/strong> z majonezem truflowym<br>\n<strong>Bruschetta<\/strong> z mas\u0142em truflowym<br>\n<strong>Popcorn truflowy<\/strong> <br>\n<strong>Ser<\/strong> z miodem truflowym<\/div>\r\n        <\/div>\r\n        <div class=\"tasting-item analcolica\" data-name=\"Degustazione Analcolica 30\u20ac\" data-desc=\"Acqua, nettare, 3 bruschette, popcorn, zuppe, formaggio, dolce\">\r\n          <div class=\"tasting-price\">\u20ac30<\/div>\r\n          <div class=\"tasting-desc translation-block\">Incluso nella degustazione da 20\u20ac +<br>\r\n            <strong>Pappa al pomodoro<\/strong><br>\r\n            <strong>Ribollita<\/strong><br>\r\n            <strong>Pesche sciroppate<\/strong><\/div>\r\n        <\/div>\r\n      <\/div>\r\n\r\n      <!-- Pulsante di prenotazione (link a pagina esterna) -->\r\n      <div class=\"btn-group\">\r\n        <a href=\"https:\/\/borgunto.com\/pl\/prenotazione-degustazioni\/\" class=\"btn btn-primary\">\r\n          <i class=\"fas fa-calendar-check\"><\/i> Zarezerwuj teraz\r\n        <\/a>\r\n      <\/div>\r\n\r\n      <div class=\"btn-group\" style=\"margin-top: 30px;\">\r\n        <a href=\"https:\/\/wa.me\/+393772539581?text=Salve,%20vorrei%20prenotare%20una%20degustazione.\" target=\"_blank\" class=\"btn btn-whatsapp\">\r\n          <i class=\"fab fa-whatsapp\"><\/i> Zarezerwuj na WhatsAppie\r\n        <\/a>\r\n      <\/div>\r\n    <\/main>\r\n\r\n    <footer>\r\n      \u00a9 2025 Granducato Collection. Wszelkie prawa zastrze\u017cone.\r\n    <\/footer>\r\n  <\/div>\r\n\r\n  <script>\r\n    document.addEventListener('DOMContentLoaded', function () {\r\n      const tabs = document.querySelectorAll('.tab-btn');\r\n      const items = document.querySelectorAll('.tasting-item');\r\n\r\n      \/\/ Gestione tabs\r\n      tabs.forEach(tab => {\r\n        tab.addEventListener('click', () => {\r\n          tabs.forEach(t => t.classList.remove('active'));\r\n          tab.classList.add('active');\r\n          const type = tab.getAttribute('data-type');\r\n          items.forEach(item => {\r\n            item.classList.remove('active');\r\n            if (item.classList.contains(type)) {\r\n              item.classList.add('active');\r\n            }\r\n          });\r\n        });\r\n      });\r\n\r\n      \/\/ Effetto visivo di selezione (opzionale, per UX)\r\n      items.forEach(item => {\r\n        item.addEventListener('click', () => {\r\n          items.forEach(i => i.classList.remove('selected'));\r\n          item.classList.add('selected');\r\n        });\r\n      });\r\n    });\r\n  <\/script>\r\n<\/div>\r\n\r\n<font color=\"white\">olio extravergine 100% Italiano<\/font>\n\t\t<\/div>\n\t<\/div>\n<\/div><\/div><\/div><\/div>\n<\/div>","protected":false},"excerpt":{"rendered":"Degustazioni Esclusive Scegli la Tua Esperienza Scopri i sapori autentici con le nostre degustazioni curate nei minimi dettagli. Ogni esperienza","protected":false},"author":3,"featured_media":0,"parent":0,"menu_order":0,"comment_status":"closed","ping_status":"closed","template":"","meta":{"footnotes":""},"class_list":["post-35179","page","type-page","status-publish","hentry"],"yoast_head":"<!-- This site is optimized with the Yoast SEO Premium plugin v24.0 (Yoast SEO v27.2) - https:\/\/yoast.com\/product\/yoast-seo-premium-wordpress\/ -->\n<title>Azienda Agricola Arezzo - Degustazione Vini ad Arezzo | Borgunto<\/title>\n<meta name=\"description\" content=\"La tua degustazione vini nei Colli Aretini: Chianti DOCG, Riserva e specialit\u00e0 al tartufo. Esperienza enogastronomica autentica ad Arezzo.\" \/>\n<meta name=\"robots\" content=\"index, follow, max-snippet:-1, max-image-preview:large, max-video-preview:-1\" \/>\n<link rel=\"canonical\" href=\"https:\/\/borgunto.com\/pl\/prenota-una-degustazione\/\" \/>\n<meta property=\"og:locale\" content=\"pl_PL\" \/>\n<meta property=\"og:type\" content=\"article\" \/>\n<meta property=\"og:title\" content=\"Prenota una Degustazione\" \/>\n<meta property=\"og:description\" content=\"La tua degustazione vini nei Colli Aretini: Chianti DOCG, Riserva e specialit\u00e0 al tartufo. Esperienza enogastronomica autentica ad Arezzo.\" \/>\n<meta property=\"og:url\" content=\"https:\/\/borgunto.com\/pl\/prenota-una-degustazione\/\" \/>\n<meta property=\"og:site_name\" content=\"Azienda Agricola Borgunto - I nostri vini Chianti\" \/>\n<meta property=\"article:publisher\" content=\"https:\/\/www.facebook.com\/borguntooilwinetuscany\" \/>\n<meta property=\"article:modified_time\" content=\"2026-01-11T12:40:50+00:00\" \/>\n<meta name=\"twitter:card\" content=\"summary_large_image\" \/>\n<meta name=\"twitter:label1\" content=\"Szacowany czas czytania\" \/>\n\t<meta name=\"twitter:data1\" content=\"1 minuta\" \/>\n<script type=\"application\/ld+json\" class=\"yoast-schema-graph\">{\"@context\":\"https:\/\/schema.org\",\"@graph\":[{\"@type\":\"WebPage\",\"@id\":\"https:\/\/borgunto.com\/prenota-una-degustazione\/\",\"url\":\"https:\/\/borgunto.com\/prenota-una-degustazione\/\",\"name\":\"Azienda Agricola Arezzo - Degustazione Vini ad Arezzo | Borgunto\",\"isPartOf\":{\"@id\":\"https:\/\/borgunto.com\/#website\"},\"datePublished\":\"2025-07-31T15:34:35+00:00\",\"dateModified\":\"2026-01-11T12:40:50+00:00\",\"description\":\"La tua degustazione vini nei Colli Aretini: Chianti DOCG, Riserva e specialit\u00e0 al tartufo. Esperienza enogastronomica autentica ad Arezzo.\",\"breadcrumb\":{\"@id\":\"https:\/\/borgunto.com\/prenota-una-degustazione\/#breadcrumb\"},\"inLanguage\":\"pl-PL\",\"potentialAction\":[{\"@type\":\"ReadAction\",\"target\":[\"https:\/\/borgunto.com\/prenota-una-degustazione\/\"]}]},{\"@type\":\"BreadcrumbList\",\"@id\":\"https:\/\/borgunto.com\/prenota-una-degustazione\/#breadcrumb\",\"itemListElement\":[{\"@type\":\"ListItem\",\"position\":1,\"name\":\"Home\",\"item\":\"https:\/\/borgunto.com\/\"},{\"@type\":\"ListItem\",\"position\":2,\"name\":\"Prenota una Degustazione\"}]},{\"@type\":\"WebSite\",\"@id\":\"https:\/\/borgunto.com\/#website\",\"url\":\"https:\/\/borgunto.com\/\",\"name\":\"Azienda Agricola Borgunto - Olio, Chianti e Tartufo Italiano\",\"description\":\"\",\"publisher\":{\"@id\":\"https:\/\/borgunto.com\/#organization\"},\"potentialAction\":[{\"@type\":\"SearchAction\",\"target\":{\"@type\":\"EntryPoint\",\"urlTemplate\":\"https:\/\/borgunto.com\/?s={search_term_string}\"},\"query-input\":{\"@type\":\"PropertyValueSpecification\",\"valueRequired\":true,\"valueName\":\"search_term_string\"}}],\"inLanguage\":\"pl-PL\"},{\"@type\":\"Organization\",\"@id\":\"https:\/\/borgunto.com\/#organization\",\"name\":\"Azienda Agricola Borgunto - Olio, Chianti e Tartufo Italiano\",\"url\":\"https:\/\/borgunto.com\/\",\"logo\":{\"@type\":\"ImageObject\",\"inLanguage\":\"pl-PL\",\"@id\":\"https:\/\/borgunto.com\/#\/schema\/logo\/image\/\",\"url\":\"https:\/\/borgunto.com\/wp-content\/uploads\/2021\/04\/cropped-Logo-Borgunto.png\",\"contentUrl\":\"https:\/\/borgunto.com\/wp-content\/uploads\/2021\/04\/cropped-Logo-Borgunto.png\",\"width\":562,\"height\":354,\"caption\":\"Azienda Agricola Borgunto - Olio, Chianti e Tartufo Italiano\"},\"image\":{\"@id\":\"https:\/\/borgunto.com\/#\/schema\/logo\/image\/\"},\"sameAs\":[\"https:\/\/www.facebook.com\/borguntooilwinetuscany\"]}]}<\/script>\n<!-- \/ Yoast SEO Premium plugin. -->","yoast_head_json":{"title":"Azienda Agricola Arezzo - Degustazione Vini ad Arezzo | Borgunto","description":"La tua degustazione vini nei Colli Aretini: Chianti DOCG, Riserva e specialit\u00e0 al tartufo. Esperienza enogastronomica autentica ad Arezzo.","robots":{"index":"index","follow":"follow","max-snippet":"max-snippet:-1","max-image-preview":"max-image-preview:large","max-video-preview":"max-video-preview:-1"},"canonical":"https:\/\/borgunto.com\/pl\/prenota-una-degustazione\/","og_locale":"pl_PL","og_type":"article","og_title":"Prenota una Degustazione","og_description":"La tua degustazione vini nei Colli Aretini: Chianti DOCG, Riserva e specialit\u00e0 al tartufo. Esperienza enogastronomica autentica ad Arezzo.","og_url":"https:\/\/borgunto.com\/pl\/prenota-una-degustazione\/","og_site_name":"Azienda Agricola Borgunto - I nostri vini Chianti","article_publisher":"https:\/\/www.facebook.com\/borguntooilwinetuscany","article_modified_time":"2026-01-11T12:40:50+00:00","twitter_card":"summary_large_image","twitter_misc":{"Szacowany czas czytania":"1 minuta"},"schema":{"@context":"https:\/\/schema.org","@graph":[{"@type":"WebPage","@id":"https:\/\/borgunto.com\/prenota-una-degustazione\/","url":"https:\/\/borgunto.com\/prenota-una-degustazione\/","name":"Azienda Agricola Arezzo - Degustazione Vini ad Arezzo | Borgunto","isPartOf":{"@id":"https:\/\/borgunto.com\/#website"},"datePublished":"2025-07-31T15:34:35+00:00","dateModified":"2026-01-11T12:40:50+00:00","description":"La tua degustazione vini nei Colli Aretini: Chianti DOCG, Riserva e specialit\u00e0 al tartufo. Esperienza enogastronomica autentica ad Arezzo.","breadcrumb":{"@id":"https:\/\/borgunto.com\/prenota-una-degustazione\/#breadcrumb"},"inLanguage":"pl-PL","potentialAction":[{"@type":"ReadAction","target":["https:\/\/borgunto.com\/prenota-una-degustazione\/"]}]},{"@type":"BreadcrumbList","@id":"https:\/\/borgunto.com\/prenota-una-degustazione\/#breadcrumb","itemListElement":[{"@type":"ListItem","position":1,"name":"Home","item":"https:\/\/borgunto.com\/"},{"@type":"ListItem","position":2,"name":"Prenota una Degustazione"}]},{"@type":"WebSite","@id":"https:\/\/borgunto.com\/#website","url":"https:\/\/borgunto.com\/","name":"Azienda Agricola Borgunto - Olio, Chianti e Tartufo Italiano","description":"","publisher":{"@id":"https:\/\/borgunto.com\/#organization"},"potentialAction":[{"@type":"SearchAction","target":{"@type":"EntryPoint","urlTemplate":"https:\/\/borgunto.com\/?s={search_term_string}"},"query-input":{"@type":"PropertyValueSpecification","valueRequired":true,"valueName":"search_term_string"}}],"inLanguage":"pl-PL"},{"@type":"Organization","@id":"https:\/\/borgunto.com\/#organization","name":"Azienda Agricola Borgunto - Olio, Chianti e Tartufo Italiano","url":"https:\/\/borgunto.com\/","logo":{"@type":"ImageObject","inLanguage":"pl-PL","@id":"https:\/\/borgunto.com\/#\/schema\/logo\/image\/","url":"https:\/\/borgunto.com\/wp-content\/uploads\/2021\/04\/cropped-Logo-Borgunto.png","contentUrl":"https:\/\/borgunto.com\/wp-content\/uploads\/2021\/04\/cropped-Logo-Borgunto.png","width":562,"height":354,"caption":"Azienda Agricola Borgunto - Olio, Chianti e Tartufo Italiano"},"image":{"@id":"https:\/\/borgunto.com\/#\/schema\/logo\/image\/"},"sameAs":["https:\/\/www.facebook.com\/borguntooilwinetuscany"]}]}},"jetpack_sharing_enabled":true,"_links":{"self":[{"href":"https:\/\/borgunto.com\/pl\/wp-json\/wp\/v2\/pages\/35179","targetHints":{"allow":["GET"]}}],"collection":[{"href":"https:\/\/borgunto.com\/pl\/wp-json\/wp\/v2\/pages"}],"about":[{"href":"https:\/\/borgunto.com\/pl\/wp-json\/wp\/v2\/types\/page"}],"author":[{"embeddable":true,"href":"https:\/\/borgunto.com\/pl\/wp-json\/wp\/v2\/users\/3"}],"replies":[{"embeddable":true,"href":"https:\/\/borgunto.com\/pl\/wp-json\/wp\/v2\/comments?post=35179"}],"version-history":[{"count":18,"href":"https:\/\/borgunto.com\/pl\/wp-json\/wp\/v2\/pages\/35179\/revisions"}],"predecessor-version":[{"id":38005,"href":"https:\/\/borgunto.com\/pl\/wp-json\/wp\/v2\/pages\/35179\/revisions\/38005"}],"wp:attachment":[{"href":"https:\/\/borgunto.com\/pl\/wp-json\/wp\/v2\/media?parent=35179"}],"curies":[{"name":"wp","href":"https:\/\/api.w.org\/{rel}","templated":true}]}}