{"id":33402,"date":"2023-11-23T14:25:25","date_gmt":"2023-11-23T13:25:25","guid":{"rendered":"https:\/\/borgunto.com\/reservieren-sie\/"},"modified":"2025-07-14T19:22:47","modified_gmt":"2025-07-14T17:22:47","slug":"reservieren-sie","status":"publish","type":"page","link":"https:\/\/borgunto.com\/pl\/reservieren-sie\/","title":{"rendered":"Reservieren Sie"},"content":{"rendered":"<div class=\"wpb-content-wrapper\"><div class=\"vc_row wpb_row vc_row-fluid\"><div class=\"wpb_column vc_column_container vc_col-sm-12\"><div class=\"vc_column-inner\"><div class=\"wpb_wrapper\">\n\t<div class=\"wpb_raw_code wpb_raw_html wpb_content_element\" >\n\t\t<div class=\"wpb_wrapper\">\n\t\t\t<!DOCTYPE html>\r\n<html lang=\"de\">\r\n<head>\r\n    <meta charset=\"UTF-8\">\r\n    <meta name=\"viewport\" content=\"width=device-width, initial-scale=1.0\">\r\n    <title>Riserva Chianti Riserva und Chianti DOCG: Toscana Weine der Extraklasse<\/title>\r\n    <style>\r\n        body {\r\n            font-family: Arial, sans-serif;\r\n            line-height: 1.6;\r\n            margin: 0;\r\n            padding: 0;\r\n            background-color: #f4f4f4;\r\n        }\r\n        header {\r\n            background-color: #fff;\r\n            padding: 20px;\r\n            text-align: center;\r\n        }\r\n        main {\r\n            max-width: 1200px;\r\n            margin: 0 auto;\r\n            padding: 20px;\r\n            background-color: #fff;\r\n            box-shadow: 0 0 10px rgba(0, 0, 0, 0.1);\r\n        }\r\n        h1, h2, h3 {\r\n            color: #333;\r\n        }\r\n        img {\r\n            max-width: 100%;\r\n            height: auto;\r\n            display: block;\r\n            margin: 20px auto;\r\n        }\r\n        .product-section {\r\n            display: flex;\r\n            justify-content: space-between;\r\n            margin-bottom: 20px;\r\n        }\r\n        .product {\r\n            width: 48%;\r\n            text-align: center;\r\n            border: 1px solid #ddd;\r\n            padding: 10px;\r\n            background-color: #fff;\r\n        }\r\n        .process-section {\r\n            margin-top: 40px;\r\n        }\r\n        .process-section h2 {\r\n            margin-bottom: 20px;\r\n        }\r\n        .process-section p {\r\n            margin-bottom: 10px;\r\n        }\r\n    <\/style>\r\n<\/head>\r\n<body>\r\n\r\n    <header>\r\n        <h1>Zarezerwowa\u0107<\/h1>\r\n    <\/header>\r\n\r\n    <main>\r\n        <h1>Chianti Riserva und Chianti DOCG: Die Spitze der toskanischen Weintradition<\/h1>\r\n        <p>\r\n            Wer ein authentisches sensorisches Erlebnis sucht, ist bei unseren Chianti Riserva und Chianti DOCG Weinen genau richtig. Diese edlen Weine verk\u00f6rpern die ganze Tradition und das Terroir der historischen Weinberge der Toskana.\r\n        <\/p>\r\n        <p>\r\n            Jeder Schluck ist eine emotionale Reise durch das Herz der Toskana: intensive Aromen, umh\u00fcllende D\u00fcfte, kompakte Struktur und ein langer Abgang. Es ist eine Hommage an den toskanischen Boden, wo Sonne, Erde und handwerkliches K\u00f6nnen einzigartige Weine erschaffen \u2013 geliebt in Italien und weltweit.\r\n        <\/p>\r\n        <p>\r\n            Ob Sie ein Weinfan, ein neugieriger Reisender oder ein Liebhaber des guten Lebens sind \u2013 lassen Sie sich von einem echten Chianti verzaubern, der f\u00fcr toskanische Exzellenz steht.\r\n        <\/p>\r\n\r\n        <!-- Produktbereich -->\r\n        <div class=\"product-section\">\r\n            <div class=\"product\">\r\n                <img decoding=\"async\" src=\"https:\/\/borgunto.com\/wp-content\/uploads\/2019\/01\/img-3-700x700.webp \" alt=\"Chianti Riserva Udi Vigneri Borgunto\">\r\n                <h3>Chianti Riserva Udi Vigneri Borgunto<\/h3>\r\n                <p><strong>Preis:<\/strong> \u20ac25,00<\/p>\r\n            <\/div>\r\n            <div class=\"product\">\r\n                <img decoding=\"async\" src=\"https:\/\/borgunto.com\/wp-content\/uploads\/2017\/10\/vignavecchia-700x700.webp \" alt=\"Chianti Riserva DOCG Vigna Vecchia\">\r\n                <h3>Chianti Riserva DOCG Vigna Vecchia<\/h3>\r\n                <p><strong>Preis:<\/strong> \u20ac65,00 - \u20ac85,00<\/p>\r\n            <\/div>\r\n        <\/div>\r\n\r\n        <!-- Herstellungsprozess -->\r\n        <section class=\"process-section\">\r\n            <h2>Der Produktionsprozess des Chianti-Weins<\/h2>\r\n            <h3>Qualit\u00e4tsreben, Tradition und Leidenschaft<\/h3>\r\n            <p>\r\n                Die Basis jeder Chianti-Flasche bilden typische Rebsorten der Region, oft erg\u00e4nzt durch kleine Anteile anderer zugelassener Rebsorten. Jeder Traube wird sorgf\u00e4ltig von Hand ausgew\u00e4hlt, um nur die reifsten und besten Fr\u00fcchte zum Zeitpunkt der Weinernte sicherzustellen.\r\n            <\/p>\r\n            <h3>Weinherstellung nach Tradition<\/h3>\r\n            <p>\r\n                Der Weinherstellungsprozess folgt klaren Vorschriften gem\u00e4\u00df der kontrollierten und gesch\u00fctzten Ursprungsbezeichnung (DOCG). Jede Phase wird \u00fcberwacht, um h\u00f6chste Qualit\u00e4tsstandards zu gew\u00e4hrleisten \u2013 von der Pressung bis zur G\u00e4rung und Lagerung.\r\n            <\/p>\r\n            <h3>Reifung in Holzf\u00e4ssern<\/h3>\r\n            <p>\r\n                Nach der G\u00e4rung durchl\u00e4uft der Wein eine Reifephase in Holzf\u00e4ssern \u2013 ein entscheidender Schritt zur Entwicklung der charakteristischen Aromen und D\u00fcfte wie reife Fr\u00fcchte und Gew\u00fcrze. Dieser lange Reifeprozess verleiht dem Chianti Riserva seinen feinen und unverwechselbaren Charakter.\r\n            <\/p>\r\n            <h3>Eine toskanische Spezialit\u00e4t mit Weltruf<\/h3>\r\n            <p>\r\n                In jeder Flasche steckt das Wissen der toskanischen Weintradition, geformt \u00fcber Generationen hinweg und verbunden mit einer tiefen Verbundenheit zur Heimat. Kein Wunder also, dass Chianti und seine Abk\u00f6mmlinge weltweit gesch\u00e4tzt werden.\r\n            <\/p>\r\n            <p>\r\n                Entdecken Sie unsere handgemachten Chianti-Weine und erfahren Sie die Geheimnisse, die diese Weine zu etwas Einzigartigem machen.\r\n            <\/p>\r\n        <\/section>\r\n    <\/main>\r\n\r\n<\/body>\r\n<\/html>\n\t\t<\/div>\n\t<\/div>\n<\/div><\/div><\/div><\/div>\n<\/div>","protected":false},"excerpt":{"rendered":"Riserva Chianti Riserva und Chianti DOCG: Toscana Weine der Extraklasse Riserva Chianti Riserva und Chianti DOCG: Die Spitze der toskanischen","protected":false},"author":3,"featured_media":0,"parent":0,"menu_order":0,"comment_status":"closed","ping_status":"closed","template":"","meta":{"footnotes":""},"class_list":["post-33402","page","type-page","status-publish","hentry"],"yoast_head":"<!-- This site is optimized with the Yoast SEO Premium plugin v24.0 (Yoast SEO v27.2) - https:\/\/yoast.com\/product\/yoast-seo-premium-wordpress\/ -->\n<title>Reservieren Sie - Azienda Agricola Borgunto - I nostri vini Chianti<\/title>\n<meta name=\"robots\" content=\"index, follow, max-snippet:-1, max-image-preview:large, max-video-preview:-1\" \/>\n<link rel=\"canonical\" href=\"https:\/\/borgunto.com\/pl\/reservieren-sie\/\" \/>\n<meta property=\"og:locale\" content=\"pl_PL\" \/>\n<meta property=\"og:type\" content=\"article\" \/>\n<meta property=\"og:title\" content=\"Reservieren Sie\" \/>\n<meta property=\"og:url\" content=\"https:\/\/borgunto.com\/pl\/reservieren-sie\/\" \/>\n<meta property=\"og:site_name\" content=\"Azienda Agricola Borgunto - I nostri vini Chianti\" \/>\n<meta property=\"article:publisher\" content=\"https:\/\/www.facebook.com\/borguntooilwinetuscany\" \/>\n<meta property=\"article:modified_time\" content=\"2025-07-14T17:22:47+00:00\" \/>\n<meta name=\"twitter:card\" content=\"summary_large_image\" \/>\n<meta name=\"twitter:label1\" content=\"Szacowany czas czytania\" \/>\n\t<meta name=\"twitter:data1\" content=\"3 minuty\" \/>\n<script type=\"application\/ld+json\" class=\"yoast-schema-graph\">{\"@context\":\"https:\/\/schema.org\",\"@graph\":[{\"@type\":\"WebPage\",\"@id\":\"https:\/\/borgunto.com\/de\/reservieren-sie\/\",\"url\":\"https:\/\/borgunto.com\/de\/reservieren-sie\/\",\"name\":\"Reservieren Sie - Azienda Agricola Borgunto - I nostri vini Chianti\",\"isPartOf\":{\"@id\":\"https:\/\/borgunto.com\/#website\"},\"datePublished\":\"2023-11-23T13:25:25+00:00\",\"dateModified\":\"2025-07-14T17:22:47+00:00\",\"breadcrumb\":{\"@id\":\"https:\/\/borgunto.com\/de\/reservieren-sie\/#breadcrumb\"},\"inLanguage\":\"pl-PL\",\"potentialAction\":[{\"@type\":\"ReadAction\",\"target\":[\"https:\/\/borgunto.com\/de\/reservieren-sie\/\"]}]},{\"@type\":\"BreadcrumbList\",\"@id\":\"https:\/\/borgunto.com\/de\/reservieren-sie\/#breadcrumb\",\"itemListElement\":[{\"@type\":\"ListItem\",\"position\":1,\"name\":\"Home\",\"item\":\"https:\/\/borgunto.com\/\"},{\"@type\":\"ListItem\",\"position\":2,\"name\":\"Reservieren Sie\"}]},{\"@type\":\"WebSite\",\"@id\":\"https:\/\/borgunto.com\/#website\",\"url\":\"https:\/\/borgunto.com\/\",\"name\":\"Azienda Agricola Borgunto - Olio, Chianti e Tartufo Italiano\",\"description\":\"\",\"publisher\":{\"@id\":\"https:\/\/borgunto.com\/#organization\"},\"potentialAction\":[{\"@type\":\"SearchAction\",\"target\":{\"@type\":\"EntryPoint\",\"urlTemplate\":\"https:\/\/borgunto.com\/?s={search_term_string}\"},\"query-input\":{\"@type\":\"PropertyValueSpecification\",\"valueRequired\":true,\"valueName\":\"search_term_string\"}}],\"inLanguage\":\"pl-PL\"},{\"@type\":\"Organization\",\"@id\":\"https:\/\/borgunto.com\/#organization\",\"name\":\"Azienda Agricola Borgunto - Olio, Chianti e Tartufo Italiano\",\"url\":\"https:\/\/borgunto.com\/\",\"logo\":{\"@type\":\"ImageObject\",\"inLanguage\":\"pl-PL\",\"@id\":\"https:\/\/borgunto.com\/#\/schema\/logo\/image\/\",\"url\":\"https:\/\/borgunto.com\/wp-content\/uploads\/2021\/04\/cropped-Logo-Borgunto.png\",\"contentUrl\":\"https:\/\/borgunto.com\/wp-content\/uploads\/2021\/04\/cropped-Logo-Borgunto.png\",\"width\":562,\"height\":354,\"caption\":\"Azienda Agricola Borgunto - Olio, Chianti e Tartufo Italiano\"},\"image\":{\"@id\":\"https:\/\/borgunto.com\/#\/schema\/logo\/image\/\"},\"sameAs\":[\"https:\/\/www.facebook.com\/borguntooilwinetuscany\"]}]}<\/script>\n<!-- \/ Yoast SEO Premium plugin. -->","yoast_head_json":{"title":"Reservieren Sie - Azienda Agricola Borgunto - I nostri vini Chianti","robots":{"index":"index","follow":"follow","max-snippet":"max-snippet:-1","max-image-preview":"max-image-preview:large","max-video-preview":"max-video-preview:-1"},"canonical":"https:\/\/borgunto.com\/pl\/reservieren-sie\/","og_locale":"pl_PL","og_type":"article","og_title":"Reservieren Sie","og_url":"https:\/\/borgunto.com\/pl\/reservieren-sie\/","og_site_name":"Azienda Agricola Borgunto - I nostri vini Chianti","article_publisher":"https:\/\/www.facebook.com\/borguntooilwinetuscany","article_modified_time":"2025-07-14T17:22:47+00:00","twitter_card":"summary_large_image","twitter_misc":{"Szacowany czas czytania":"3 minuty"},"schema":{"@context":"https:\/\/schema.org","@graph":[{"@type":"WebPage","@id":"https:\/\/borgunto.com\/de\/reservieren-sie\/","url":"https:\/\/borgunto.com\/de\/reservieren-sie\/","name":"Reservieren Sie - Azienda Agricola Borgunto - I nostri vini Chianti","isPartOf":{"@id":"https:\/\/borgunto.com\/#website"},"datePublished":"2023-11-23T13:25:25+00:00","dateModified":"2025-07-14T17:22:47+00:00","breadcrumb":{"@id":"https:\/\/borgunto.com\/de\/reservieren-sie\/#breadcrumb"},"inLanguage":"pl-PL","potentialAction":[{"@type":"ReadAction","target":["https:\/\/borgunto.com\/de\/reservieren-sie\/"]}]},{"@type":"BreadcrumbList","@id":"https:\/\/borgunto.com\/de\/reservieren-sie\/#breadcrumb","itemListElement":[{"@type":"ListItem","position":1,"name":"Home","item":"https:\/\/borgunto.com\/"},{"@type":"ListItem","position":2,"name":"Reservieren Sie"}]},{"@type":"WebSite","@id":"https:\/\/borgunto.com\/#website","url":"https:\/\/borgunto.com\/","name":"Azienda Agricola Borgunto - Olio, Chianti e Tartufo Italiano","description":"","publisher":{"@id":"https:\/\/borgunto.com\/#organization"},"potentialAction":[{"@type":"SearchAction","target":{"@type":"EntryPoint","urlTemplate":"https:\/\/borgunto.com\/?s={search_term_string}"},"query-input":{"@type":"PropertyValueSpecification","valueRequired":true,"valueName":"search_term_string"}}],"inLanguage":"pl-PL"},{"@type":"Organization","@id":"https:\/\/borgunto.com\/#organization","name":"Azienda Agricola Borgunto - Olio, Chianti e Tartufo Italiano","url":"https:\/\/borgunto.com\/","logo":{"@type":"ImageObject","inLanguage":"pl-PL","@id":"https:\/\/borgunto.com\/#\/schema\/logo\/image\/","url":"https:\/\/borgunto.com\/wp-content\/uploads\/2021\/04\/cropped-Logo-Borgunto.png","contentUrl":"https:\/\/borgunto.com\/wp-content\/uploads\/2021\/04\/cropped-Logo-Borgunto.png","width":562,"height":354,"caption":"Azienda Agricola Borgunto - Olio, Chianti e Tartufo Italiano"},"image":{"@id":"https:\/\/borgunto.com\/#\/schema\/logo\/image\/"},"sameAs":["https:\/\/www.facebook.com\/borguntooilwinetuscany"]}]}},"jetpack_sharing_enabled":true,"_links":{"self":[{"href":"https:\/\/borgunto.com\/pl\/wp-json\/wp\/v2\/pages\/33402","targetHints":{"allow":["GET"]}}],"collection":[{"href":"https:\/\/borgunto.com\/pl\/wp-json\/wp\/v2\/pages"}],"about":[{"href":"https:\/\/borgunto.com\/pl\/wp-json\/wp\/v2\/types\/page"}],"author":[{"embeddable":true,"href":"https:\/\/borgunto.com\/pl\/wp-json\/wp\/v2\/users\/3"}],"replies":[{"embeddable":true,"href":"https:\/\/borgunto.com\/pl\/wp-json\/wp\/v2\/comments?post=33402"}],"version-history":[{"count":4,"href":"https:\/\/borgunto.com\/pl\/wp-json\/wp\/v2\/pages\/33402\/revisions"}],"predecessor-version":[{"id":35059,"href":"https:\/\/borgunto.com\/pl\/wp-json\/wp\/v2\/pages\/33402\/revisions\/35059"}],"wp:attachment":[{"href":"https:\/\/borgunto.com\/pl\/wp-json\/wp\/v2\/media?parent=33402"}],"curies":[{"name":"wp","href":"https:\/\/api.w.org\/{rel}","templated":true}]}}