{"id":33362,"date":"2022-08-09T04:09:58","date_gmt":"2022-08-09T02:09:58","guid":{"rendered":"https:\/\/borgunto.com\/oelfoerderung\/"},"modified":"2024-11-07T10:59:16","modified_gmt":"2024-11-07T09:59:16","slug":"oelfoerderung","status":"publish","type":"page","link":"https:\/\/borgunto.com\/pl\/oelfoerderung\/","title":{"rendered":"\u00d6lf\u00f6rderung"},"content":{"rendered":"<p>Die Herstellung von nativem Oliven\u00f6l extra findet haupts\u00e4chlich in einer \u00d6lm\u00fchle statt, einem ausgew\u00e4hlten Ort, an dem die Oliven verarbeitet und gewogen werden, bevor sie zu \u00d6l verarbeitet werden. Die Verarbeitungsschritte k\u00f6nnen in f\u00fcnf verschiedene Stufen unterteilt werden: <\/p>\n\n<h3 class=\"wp-block-heading\">Waschen<\/h3>\n\n<p>Sobald die <a href=\"https:\/\/olio-sommariva.myshopify.com\/collections\/olive\">Oliven<\/a> in der M\u00fchle ankommen und vor dem Waschen gewogen werden, werden sie in einen Ladetrichter (eine Art Trichter, der speziell f\u00fcr landwirtschaftliche Produkte verwendet wird) gesch\u00fcttet, dessen Aufgabe es ist, alle Oliven auf das F\u00f6rderband zu bringen, das sie zum Entbl\u00e4tterungsger\u00e4t f\u00fchrt, das die Oliven von den Bl\u00e4ttern trennt.<br\/>An diesem Punkt findet das Waschen statt, eine sehr wichtige Phase, in der die Oliven von allen Verunreinigungen wie Schlamm, Zweigen, Rinde und Erde befreit werden. Nach dem Waschen sind die Oliven bereit f\u00fcr die zweite Phase der \u00d6lgewinnung. <\/p>\n\n<h3 class=\"wp-block-heading\">\u00a0<\/h3>\n\n<p>Zerkleinern<\/p>\n\n<p>Im zweiten Schritt werden die Oliven zerkleinert, um eine dicke, cremige Paste mit stechendem Geruch zu erhalten. Beim Zerkleinern werden mechanische Scheiben verwendet, die die Steinfr\u00fcchte ohne Reibung zerkleinern und so eine Erhitzung der Steinfr\u00fcchte vermeiden: So werden Oxidationsmechanismen (die durch Hitze aktiviert werden) vermieden und die Qualit\u00e4t dieser Paste, die aus der Olivenschale, dem Fruchtfleisch und dem Stein besteht, bleibt erhalten. Die Pressmethoden sind: kontinuierlicher Zyklus in modernen M\u00fchlen und diskontinuierlicher Zyklus in traditionellen M\u00fchlen, die M\u00fchlsteine aus Granit verwenden, die die Oliven dank ihres Gewichts zerquetschen k\u00f6nnen.<br\/>In den modernen M\u00fchlen hingegen werden mechanische Scheiben verwendet, die sich auf den Oliven drehen und es erm\u00f6glichen, sie zu zerkleinern und schnell eine homogene Paste zu erhalten, wodurch eine Oxidation vermieden wird, die das Endprodukt beeintr\u00e4chtigen k\u00f6nnte. Die erhaltene Paste ist bereit f\u00fcr die dritte Phase: das Kneten.   <\/p>\n\n<h3 class=\"wp-block-heading\">Gramoling<\/h3>\n\n<p>Die Paste wird in die Knetmaschine gegeben, wo sie dank mechanischer Arme ger\u00fchrt und sanft erw\u00e4rmt wird; die Temperatur darf jedoch niemals 27\/28\u00b0C \u00fcberschreiten. Diese Phase ist die heikelste und wichtigste der gesamten<a href=\"https:\/\/olio-sommariva.myshopify.com\/collections\/olio-extravergine-di-oliva\">\u00d6lproduktionskette<\/a>, denn in diesem Stadium werden die \u00d6l-Wasser-Emulsionen aufgebrochen: Die \u00d6ltr\u00f6pfchen l\u00f6sen sich vom Wasser und bilden gr\u00f6\u00dfere \u00d6ltropfen, die auf dem Wasser selbst schwimmen. Diese Aufspaltung findet in wasserdichten Tanks statt, um das \u00d6l vor Oxidation zu sch\u00fctzen. Au\u00dferdem muss die Knetphase innerhalb von 30 Minuten abgeschlossen sein, da sonst die Gefahr besteht, ein Produkt mit einem zu hohen S\u00e4uregehalt und irreparablen organoleptischen Eigenschaften zu erhalten.  <\/p>\n\n<p>Dr\u00fccken Sie<\/p>\n\n<p><br\/>Das Auspressen ist der letzte der Schritte, die zur Herstellung des \u00d6ls f\u00fchren; es kann hei\u00df oder kalt erfolgen. In diesem Schritt werden lediglich die drei Komponenten getrennt, die die w\u00e4hrend des Knetvorgangs erhaltene Paste bilden, n\u00e4mlich:<\/p>\n\n<ul class=\"wp-block-list\"><li>der \u00f6lige Most<\/li><li>Trester<\/li><li>Vegetation Wasser<\/li><\/ul>\n\n<p>Diese Trennung kann auf zwei Arten erfolgen:<\/p>\n\n<ul class=\"wp-block-list\"><li>mit der Zentrifuge: Die Hochgeschwindigkeitsrotation bewirkt die Trennung dieser drei Komponenten aufgrund ihrer unterschiedlichen spezifischen Gewichte;<\/li><li>mit Filtern, die mit L\u00f6chern, den so genannten Fiscoli, ausgestattet sind. Diese \u00fcben Druck auf das Fruchtfleisch aus, so dass der \u00f6lige Most entweichen kann und vom Trester getrennt wird, der stattdessen in den Fiscoli eingeschlossen bleibt;<\/li><\/ul>\n\n<p>Am Ende des Pressvorgangs erhalten Sie ein \u00d6l, das bereits verwendbar und essbar ist, auch wenn es sehr tr\u00fcb ist. Um es klarer zu machen und Restwasser und Luftblasen zu entfernen, muss es durch den Dekanter geleitet werden. Sobald es gefiltert wurde und sich die R\u00fcckst\u00e4nde auf dem Boden abgesetzt haben, ist das \u00d6l bereit, in Flaschen abgef\u00fcllt und gelagert zu werden.  <\/p>\n\n<p>Lagerung<\/p>\n\n<p>Sie besteht darin, das \u00d6l in spezielle Beh\u00e4lter zu gie\u00dfen und es vor Licht und W\u00e4rmequellen zu sch\u00fctzen.<\/p>","protected":false},"excerpt":{"rendered":"<p>Die Herstellung von nativem Oliven\u00f6l extra findet haupts\u00e4chlich in einer \u00d6lm\u00fchle statt, einem ausgew\u00e4hlten Ort, an dem die Oliven verarbeitet<\/p>","protected":false},"author":3,"featured_media":0,"parent":0,"menu_order":0,"comment_status":"closed","ping_status":"closed","template":"","meta":{"footnotes":""},"class_list":["post-33362","page","type-page","status-publish","hentry"],"yoast_head":"<!-- This site is optimized with the Yoast SEO Premium plugin v24.0 (Yoast SEO v27.2) - https:\/\/yoast.com\/product\/yoast-seo-premium-wordpress\/ -->\n<title>\u00d6lf\u00f6rderung - Azienda Agricola Borgunto - I nostri vini Chianti<\/title>\n<meta name=\"robots\" content=\"index, follow, max-snippet:-1, max-image-preview:large, max-video-preview:-1\" \/>\n<link rel=\"canonical\" href=\"https:\/\/borgunto.com\/pl\/oelfoerderung\/\" \/>\n<meta property=\"og:locale\" content=\"pl_PL\" \/>\n<meta property=\"og:type\" content=\"article\" \/>\n<meta property=\"og:title\" content=\"\u00d6lf\u00f6rderung\" \/>\n<meta property=\"og:description\" content=\"Die Herstellung von nativem Oliven\u00f6l extra findet haupts\u00e4chlich in einer \u00d6lm\u00fchle statt, einem ausgew\u00e4hlten Ort, an dem die Oliven verarbeitet\" \/>\n<meta property=\"og:url\" content=\"https:\/\/borgunto.com\/pl\/oelfoerderung\/\" \/>\n<meta property=\"og:site_name\" content=\"Azienda Agricola Borgunto - I nostri vini Chianti\" \/>\n<meta property=\"article:publisher\" content=\"https:\/\/www.facebook.com\/borguntooilwinetuscany\" \/>\n<meta property=\"article:modified_time\" content=\"2024-11-07T09:59:16+00:00\" \/>\n<meta name=\"twitter:card\" content=\"summary_large_image\" \/>\n<meta name=\"twitter:label1\" content=\"Szacowany czas czytania\" \/>\n\t<meta name=\"twitter:data1\" content=\"3 minuty\" \/>\n<script type=\"application\/ld+json\" class=\"yoast-schema-graph\">{\"@context\":\"https:\/\/schema.org\",\"@graph\":[{\"@type\":\"WebPage\",\"@id\":\"https:\/\/borgunto.com\/de\/oelfoerderung\/\",\"url\":\"https:\/\/borgunto.com\/de\/oelfoerderung\/\",\"name\":\"\u00d6lf\u00f6rderung - Azienda Agricola Borgunto - I nostri vini Chianti\",\"isPartOf\":{\"@id\":\"https:\/\/borgunto.com\/#website\"},\"datePublished\":\"2022-08-09T02:09:58+00:00\",\"dateModified\":\"2024-11-07T09:59:16+00:00\",\"breadcrumb\":{\"@id\":\"https:\/\/borgunto.com\/de\/oelfoerderung\/#breadcrumb\"},\"inLanguage\":\"pl-PL\",\"potentialAction\":[{\"@type\":\"ReadAction\",\"target\":[\"https:\/\/borgunto.com\/de\/oelfoerderung\/\"]}]},{\"@type\":\"BreadcrumbList\",\"@id\":\"https:\/\/borgunto.com\/de\/oelfoerderung\/#breadcrumb\",\"itemListElement\":[{\"@type\":\"ListItem\",\"position\":1,\"name\":\"Home\",\"item\":\"https:\/\/borgunto.com\/\"},{\"@type\":\"ListItem\",\"position\":2,\"name\":\"\u00d6lf\u00f6rderung\"}]},{\"@type\":\"WebSite\",\"@id\":\"https:\/\/borgunto.com\/#website\",\"url\":\"https:\/\/borgunto.com\/\",\"name\":\"Azienda Agricola Borgunto - Olio, Chianti e Tartufo Italiano\",\"description\":\"\",\"publisher\":{\"@id\":\"https:\/\/borgunto.com\/#organization\"},\"potentialAction\":[{\"@type\":\"SearchAction\",\"target\":{\"@type\":\"EntryPoint\",\"urlTemplate\":\"https:\/\/borgunto.com\/?s={search_term_string}\"},\"query-input\":{\"@type\":\"PropertyValueSpecification\",\"valueRequired\":true,\"valueName\":\"search_term_string\"}}],\"inLanguage\":\"pl-PL\"},{\"@type\":\"Organization\",\"@id\":\"https:\/\/borgunto.com\/#organization\",\"name\":\"Azienda Agricola Borgunto - Olio, Chianti e Tartufo Italiano\",\"url\":\"https:\/\/borgunto.com\/\",\"logo\":{\"@type\":\"ImageObject\",\"inLanguage\":\"pl-PL\",\"@id\":\"https:\/\/borgunto.com\/#\/schema\/logo\/image\/\",\"url\":\"https:\/\/borgunto.com\/wp-content\/uploads\/2021\/04\/cropped-Logo-Borgunto.png\",\"contentUrl\":\"https:\/\/borgunto.com\/wp-content\/uploads\/2021\/04\/cropped-Logo-Borgunto.png\",\"width\":562,\"height\":354,\"caption\":\"Azienda Agricola Borgunto - Olio, Chianti e Tartufo Italiano\"},\"image\":{\"@id\":\"https:\/\/borgunto.com\/#\/schema\/logo\/image\/\"},\"sameAs\":[\"https:\/\/www.facebook.com\/borguntooilwinetuscany\"]}]}<\/script>\n<!-- \/ Yoast SEO Premium plugin. -->","yoast_head_json":{"title":"\u00d6lf\u00f6rderung - Azienda Agricola Borgunto - I nostri vini Chianti","robots":{"index":"index","follow":"follow","max-snippet":"max-snippet:-1","max-image-preview":"max-image-preview:large","max-video-preview":"max-video-preview:-1"},"canonical":"https:\/\/borgunto.com\/pl\/oelfoerderung\/","og_locale":"pl_PL","og_type":"article","og_title":"\u00d6lf\u00f6rderung","og_description":"Die Herstellung von nativem Oliven\u00f6l extra findet haupts\u00e4chlich in einer \u00d6lm\u00fchle statt, einem ausgew\u00e4hlten Ort, an dem die Oliven verarbeitet","og_url":"https:\/\/borgunto.com\/pl\/oelfoerderung\/","og_site_name":"Azienda Agricola Borgunto - I nostri vini Chianti","article_publisher":"https:\/\/www.facebook.com\/borguntooilwinetuscany","article_modified_time":"2024-11-07T09:59:16+00:00","twitter_card":"summary_large_image","twitter_misc":{"Szacowany czas czytania":"3 minuty"},"schema":{"@context":"https:\/\/schema.org","@graph":[{"@type":"WebPage","@id":"https:\/\/borgunto.com\/de\/oelfoerderung\/","url":"https:\/\/borgunto.com\/de\/oelfoerderung\/","name":"\u00d6lf\u00f6rderung - Azienda Agricola Borgunto - I nostri vini Chianti","isPartOf":{"@id":"https:\/\/borgunto.com\/#website"},"datePublished":"2022-08-09T02:09:58+00:00","dateModified":"2024-11-07T09:59:16+00:00","breadcrumb":{"@id":"https:\/\/borgunto.com\/de\/oelfoerderung\/#breadcrumb"},"inLanguage":"pl-PL","potentialAction":[{"@type":"ReadAction","target":["https:\/\/borgunto.com\/de\/oelfoerderung\/"]}]},{"@type":"BreadcrumbList","@id":"https:\/\/borgunto.com\/de\/oelfoerderung\/#breadcrumb","itemListElement":[{"@type":"ListItem","position":1,"name":"Home","item":"https:\/\/borgunto.com\/"},{"@type":"ListItem","position":2,"name":"\u00d6lf\u00f6rderung"}]},{"@type":"WebSite","@id":"https:\/\/borgunto.com\/#website","url":"https:\/\/borgunto.com\/","name":"Azienda Agricola Borgunto - Olio, Chianti e Tartufo Italiano","description":"","publisher":{"@id":"https:\/\/borgunto.com\/#organization"},"potentialAction":[{"@type":"SearchAction","target":{"@type":"EntryPoint","urlTemplate":"https:\/\/borgunto.com\/?s={search_term_string}"},"query-input":{"@type":"PropertyValueSpecification","valueRequired":true,"valueName":"search_term_string"}}],"inLanguage":"pl-PL"},{"@type":"Organization","@id":"https:\/\/borgunto.com\/#organization","name":"Azienda Agricola Borgunto - Olio, Chianti e Tartufo Italiano","url":"https:\/\/borgunto.com\/","logo":{"@type":"ImageObject","inLanguage":"pl-PL","@id":"https:\/\/borgunto.com\/#\/schema\/logo\/image\/","url":"https:\/\/borgunto.com\/wp-content\/uploads\/2021\/04\/cropped-Logo-Borgunto.png","contentUrl":"https:\/\/borgunto.com\/wp-content\/uploads\/2021\/04\/cropped-Logo-Borgunto.png","width":562,"height":354,"caption":"Azienda Agricola Borgunto - Olio, Chianti e Tartufo Italiano"},"image":{"@id":"https:\/\/borgunto.com\/#\/schema\/logo\/image\/"},"sameAs":["https:\/\/www.facebook.com\/borguntooilwinetuscany"]}]}},"jetpack_sharing_enabled":true,"_links":{"self":[{"href":"https:\/\/borgunto.com\/pl\/wp-json\/wp\/v2\/pages\/33362","targetHints":{"allow":["GET"]}}],"collection":[{"href":"https:\/\/borgunto.com\/pl\/wp-json\/wp\/v2\/pages"}],"about":[{"href":"https:\/\/borgunto.com\/pl\/wp-json\/wp\/v2\/types\/page"}],"author":[{"embeddable":true,"href":"https:\/\/borgunto.com\/pl\/wp-json\/wp\/v2\/users\/3"}],"replies":[{"embeddable":true,"href":"https:\/\/borgunto.com\/pl\/wp-json\/wp\/v2\/comments?post=33362"}],"version-history":[{"count":1,"href":"https:\/\/borgunto.com\/pl\/wp-json\/wp\/v2\/pages\/33362\/revisions"}],"predecessor-version":[{"id":33363,"href":"https:\/\/borgunto.com\/pl\/wp-json\/wp\/v2\/pages\/33362\/revisions\/33363"}],"wp:attachment":[{"href":"https:\/\/borgunto.com\/pl\/wp-json\/wp\/v2\/media?parent=33362"}],"curies":[{"name":"wp","href":"https:\/\/api.w.org\/{rel}","templated":true}]}}