{"id":36479,"date":"2025-08-06T14:07:08","date_gmt":"2025-08-06T12:07:08","guid":{"rendered":"https:\/\/borgunto.com\/vara-specialformat\/"},"modified":"2025-08-06T14:20:28","modified_gmt":"2025-08-06T12:20:28","slug":"vara-specialformat","status":"publish","type":"page","link":"https:\/\/borgunto.com\/en\/vara-specialformat\/","title":{"rendered":"V\u00e5ra specialformat"},"content":{"rendered":"<div class=\"wpb-content-wrapper\"><div class=\"vc_row wpb_row vc_row-fluid\"><div class=\"wpb_column vc_column_container vc_col-sm-12\"><div class=\"vc_column-inner\"><div class=\"wpb_wrapper\"><\/div><\/div><\/div><\/div><div class=\"vc_row wpb_row vc_row-fluid\"><div class=\"wpb_column vc_column_container vc_col-sm-12\"><div class=\"vc_column-inner\"><div class=\"wpb_wrapper\">\n\t<div class=\"wpb_raw_code wpb_raw_html wpb_content_element\" >\n\t\t<div class=\"wpb_wrapper\">\n\t\t\t<section>\r\n  <header>\r\n    <h1>Speciella viner i unika format: Magnum &amp; Jeroboam fr\u00e5n Borgunto<\/h1>\r\n    <p><strong>Borgunto-f\u00f6retaget - Arezzo, Toscana<\/strong><\/p>\r\n  <\/header>\r\n\r\n  <article>\r\n    <h2>Ros\u00e9 Borgunto Vigna Vecchia<\/h2>\r\n    <p>\r\n <strong>Rosato Borgunto Vigna Vecchia<\/strong> finns i specialformaten <strong>Magnum (1,5 l)<\/strong> och <strong>Jeroboam (3 l)<\/strong>, perfekt f\u00f6r viktiga evenemang, exklusiva g\u00e5vor eller helt enkelt f\u00f6r att fira s\u00e4llskap med stil.\r\n    <\/p>\r\n    <ul>\r\n      <li><strong>Magnum<\/strong>: motsvarande 2 x 0,75 L flaskor<\/li>\r\n      <li><strong>Jeroboam<\/strong>: motsvarande 4 standardflaskor (3 L)<\/li>\r\n    <\/ul>\r\n    <p>\r\n  Borgunto ros\u00e9 \u00e4r friskt, elegant och passar utm\u00e4rkt till sommarens r\u00e4tter, aperitifer, r\u00e5kost och fiskr\u00e4tter. Ett m\u00e5ngsidigt vin som f\u00f6rh\u00f6jer alla tillf\u00e4llen. \r\n    <\/p>\r\n  <\/article>\r\n\r\n  <article>\r\n    <h2>Chianti Riserva Vigna Vecchia D.O.C.G.<\/h2>\r\n    <p>\r\n <strong>Chianti Riserva Vigna Vecchia<\/strong> \u00e4r en excellens fr\u00e5n Borgunto-f\u00f6retaget, erh\u00e5llen fr\u00e5n historiska ving\u00e5rdar i Arezzo-omr\u00e5det och \u00e5ldras i ekfat i \u00f6ver 24 m\u00e5nader.\r\n    <\/p>\r\n    <p>\r\n  Mognaden forts\u00e4tter i en naturlig underjordisk k\u00e4llare, d\u00e4r luftfuktigheten regleras av en gammal medeltida brunn, vilket ger den perfekta milj\u00f6n f\u00f6r att f\u00f6rfina vinets organoleptiska egenskaper.\r\n    <\/p>\r\n    <p><strong>Tillg\u00e4ngliga storlekar:<\/strong> Magnum (1,5 L) och Jeroboam (3 L)<\/p>\r\n\r\n    <h3>Organoleptisk profil<\/h3>\r\n    <ul>\r\n      <li><strong>F\u00e4rg<\/strong>: intensivt rubinr\u00f6d med granatreflektioner<\/li>\r\n      <li><strong>Doft<\/strong>: toner av mogen frukt (moreller, granat\u00e4pple), nypon, kryddor (lakrits, kanel)<\/li>\r\n      <li><strong>Smak<\/strong>: torr, balanserad, ih\u00e5llande, med sammetslena tanniner<\/li>\r\n      <li><strong>Alkoholhalt<\/strong>: ca 13,5 volymprocent<\/li>\r\n      <li><strong>Serveringstemperatur<\/strong>: 18-21 \u00b0C<\/li>\r\n    <\/ul>\r\n\r\n    <h3>Vindruvor<\/h3>\r\n    <ul>\r\n      <li>85% Sangiovese<\/li>\r\n      <li>5% Canaiolo<\/li>\r\n      <li>8% Trebbiano Toscano och Malvasia del Chianti<\/li>\r\n      <li>2% Andra r\u00f6da druvsorter<\/li>\r\n    <\/ul>\r\n\r\n    <h3>Rekommenderade kombinationer<\/h3>\r\n    <p>\r\n  Perfekt till grillat k\u00f6tt, mogna ostar, toskanskt kallskuret och traditionella r\u00e4tter. Ocks\u00e5 perfekt som meditationsvin eller v\u00e4rdefull g\u00e5va. \r\n    <\/p>\r\n  <\/article>\r\n\r\n  <article>\r\n    <h2>Varf\u00f6r v\u00e4lja Magnum- och Jeroboam-format?<\/h2>\r\n    <table>\r\n      <thead>\r\n        <tr>\r\n          <th>Funktion<\/th>\r\n          <th><b>F\u00f6rdel<\/b><\/th>\r\n        <\/tr>\r\n      <\/thead>\r\n      <tbody>\r\n        <tr>\r\n          <td><b>Visuell p\u00e5verkan<\/b><\/td>\r\n          <td> Elegans och scenn\u00e4rvaro p\u00e5 bordet<\/td>\r\n        <\/tr>\r\n        <tr>\r\n          <td><b>Delning<\/b><\/td>\r\n          <td> Idealisk m\u00e4ngd f\u00f6r grupper och trevliga stunder<\/td>\r\n        <\/tr>\r\n        <tr>\r\n          <td><b>H\u00f6g kvalitet<\/b><\/td>\r\n          <td> Mer stabil \u00e5ldring och optimal f\u00f6r\u00e4dling<\/td>\r\n        <\/tr>\r\n        <tr>\r\n          <td><b>Ursprunglighet<\/b><\/td>\r\n          <td> S\u00e4llsynt val, perfekt f\u00f6r att imponera<\/td>\r\n        <\/tr>\r\n      <\/tbody>\r\n    <\/table>\r\n  <\/article>\r\n\r\n  <aside style=\"margin-top:2em; text-align:center;\">\r\n    <h2 style=\"font-size:1.6em;\">\ud83c\udf77 Best\u00e4ll din specialstorlek nu<\/h2><br>    <center>\r\n    <table border=\"1\">\r\n    <tr>\r\n    <td>\r\n      <img decoding=\"async\" src=\"https:\/\/borgunto.com\/wp-content\/uploads\/2017\/10\/vignavecchia-300x300.webp\" alt=\"Chianti Riserva Vigna Vecchia Magnum Jeroboam\" style=\"max-width:300px; margin:1em auto; display:block;\">\r\n    <\/td>\r\n    <td>\r\n      <img decoding=\"async\" src=\"https:\/\/borgunto.com\/wp-content\/uploads\/2023\/11\/Borgunto-Rosato-Toscano_.webp\" style=\"max-width:300px; margin:1em auto; display:block;\">\r\n    <\/td>\r\n    <\/tr>\r\n    <\/table>\r\n    <\/center>\r\n    <br>       <\/a>\r\n    <p><a href=\"https:\/\/borgunto.com\/en\/shop\/\" target=\"_blank\" rel=\"noopener\" style=\"background:#800000; color:#fff; padding:0.8em 1.4em; border-radius:5px; text-decoration:none; font-weight:bold;\">K\u00f6p nu<\/a><\/p>\r\n  <\/aside>\r\n\r\n\r\n<\/section>\r\n\n\t\t<\/div>\n\t<\/div>\n<\/div><\/div><\/div><\/div>\n<\/div>","protected":false},"excerpt":{"rendered":"Speciella viner i unika format: Magnum &amp; Jeroboam fr\u00e5n Borgunto Borgunto-f\u00f6retaget - Arezzo, Toscana Ros\u00e9 Borgunto Vigna Vecchia Rosato Borgunto","protected":false},"author":3,"featured_media":0,"parent":0,"menu_order":0,"comment_status":"closed","ping_status":"closed","template":"","meta":{"footnotes":""},"class_list":["post-36479","page","type-page","status-publish","hentry"],"yoast_head":"<!-- This site is optimized with the Yoast SEO Premium plugin v24.0 (Yoast SEO v27.2) - https:\/\/yoast.com\/product\/yoast-seo-premium-wordpress\/ -->\n<title>V\u00e5ra specialformat - Azienda Agricola Borgunto - I nostri vini Chianti<\/title>\n<meta name=\"robots\" content=\"index, follow, max-snippet:-1, max-image-preview:large, max-video-preview:-1\" \/>\n<link rel=\"canonical\" href=\"https:\/\/borgunto.com\/en\/vara-specialformat\/\" \/>\n<meta property=\"og:locale\" content=\"en_GB\" \/>\n<meta property=\"og:type\" content=\"article\" \/>\n<meta property=\"og:title\" content=\"V\u00e5ra specialformat\" \/>\n<meta property=\"og:url\" content=\"https:\/\/borgunto.com\/en\/vara-specialformat\/\" \/>\n<meta property=\"og:site_name\" content=\"Azienda Agricola Borgunto - I nostri vini Chianti\" \/>\n<meta property=\"article:publisher\" content=\"https:\/\/www.facebook.com\/borguntooilwinetuscany\" \/>\n<meta property=\"article:modified_time\" content=\"2025-08-06T12:20:28+00:00\" \/>\n<meta name=\"twitter:card\" content=\"summary_large_image\" \/>\n<meta name=\"twitter:label1\" content=\"Estimated reading time\" \/>\n\t<meta name=\"twitter:data1\" content=\"3 minutes\" \/>\n<script type=\"application\/ld+json\" class=\"yoast-schema-graph\">{\"@context\":\"https:\/\/schema.org\",\"@graph\":[{\"@type\":\"WebPage\",\"@id\":\"https:\/\/borgunto.com\/sv\/vara-specialformat\/\",\"url\":\"https:\/\/borgunto.com\/sv\/vara-specialformat\/\",\"name\":\"V\u00e5ra specialformat - Azienda Agricola Borgunto - I nostri vini Chianti\",\"isPartOf\":{\"@id\":\"https:\/\/borgunto.com\/#website\"},\"datePublished\":\"2025-08-06T12:07:08+00:00\",\"dateModified\":\"2025-08-06T12:20:28+00:00\",\"breadcrumb\":{\"@id\":\"https:\/\/borgunto.com\/sv\/vara-specialformat\/#breadcrumb\"},\"inLanguage\":\"en-GB\",\"potentialAction\":[{\"@type\":\"ReadAction\",\"target\":[\"https:\/\/borgunto.com\/sv\/vara-specialformat\/\"]}]},{\"@type\":\"BreadcrumbList\",\"@id\":\"https:\/\/borgunto.com\/sv\/vara-specialformat\/#breadcrumb\",\"itemListElement\":[{\"@type\":\"ListItem\",\"position\":1,\"name\":\"Home\",\"item\":\"https:\/\/borgunto.com\/\"},{\"@type\":\"ListItem\",\"position\":2,\"name\":\"V\u00e5ra specialformat\"}]},{\"@type\":\"WebSite\",\"@id\":\"https:\/\/borgunto.com\/#website\",\"url\":\"https:\/\/borgunto.com\/\",\"name\":\"Azienda Agricola Borgunto - Olio, Chianti e Tartufo Italiano\",\"description\":\"\",\"publisher\":{\"@id\":\"https:\/\/borgunto.com\/#organization\"},\"potentialAction\":[{\"@type\":\"SearchAction\",\"target\":{\"@type\":\"EntryPoint\",\"urlTemplate\":\"https:\/\/borgunto.com\/?s={search_term_string}\"},\"query-input\":{\"@type\":\"PropertyValueSpecification\",\"valueRequired\":true,\"valueName\":\"search_term_string\"}}],\"inLanguage\":\"en-GB\"},{\"@type\":\"Organization\",\"@id\":\"https:\/\/borgunto.com\/#organization\",\"name\":\"Azienda Agricola Borgunto - Olio, Chianti e Tartufo Italiano\",\"url\":\"https:\/\/borgunto.com\/\",\"logo\":{\"@type\":\"ImageObject\",\"inLanguage\":\"en-GB\",\"@id\":\"https:\/\/borgunto.com\/#\/schema\/logo\/image\/\",\"url\":\"https:\/\/borgunto.com\/wp-content\/uploads\/2021\/04\/cropped-Logo-Borgunto.png\",\"contentUrl\":\"https:\/\/borgunto.com\/wp-content\/uploads\/2021\/04\/cropped-Logo-Borgunto.png\",\"width\":562,\"height\":354,\"caption\":\"Azienda Agricola Borgunto - Olio, Chianti e Tartufo Italiano\"},\"image\":{\"@id\":\"https:\/\/borgunto.com\/#\/schema\/logo\/image\/\"},\"sameAs\":[\"https:\/\/www.facebook.com\/borguntooilwinetuscany\"]}]}<\/script>\n<!-- \/ Yoast SEO Premium plugin. -->","yoast_head_json":{"title":"V\u00e5ra specialformat - Azienda Agricola Borgunto - I nostri vini Chianti","robots":{"index":"index","follow":"follow","max-snippet":"max-snippet:-1","max-image-preview":"max-image-preview:large","max-video-preview":"max-video-preview:-1"},"canonical":"https:\/\/borgunto.com\/en\/vara-specialformat\/","og_locale":"en_GB","og_type":"article","og_title":"V\u00e5ra specialformat","og_url":"https:\/\/borgunto.com\/en\/vara-specialformat\/","og_site_name":"Azienda Agricola Borgunto - I nostri vini Chianti","article_publisher":"https:\/\/www.facebook.com\/borguntooilwinetuscany","article_modified_time":"2025-08-06T12:20:28+00:00","twitter_card":"summary_large_image","twitter_misc":{"Estimated reading time":"3 minutes"},"schema":{"@context":"https:\/\/schema.org","@graph":[{"@type":"WebPage","@id":"https:\/\/borgunto.com\/sv\/vara-specialformat\/","url":"https:\/\/borgunto.com\/sv\/vara-specialformat\/","name":"V\u00e5ra specialformat - Azienda Agricola Borgunto - I nostri vini Chianti","isPartOf":{"@id":"https:\/\/borgunto.com\/#website"},"datePublished":"2025-08-06T12:07:08+00:00","dateModified":"2025-08-06T12:20:28+00:00","breadcrumb":{"@id":"https:\/\/borgunto.com\/sv\/vara-specialformat\/#breadcrumb"},"inLanguage":"en-GB","potentialAction":[{"@type":"ReadAction","target":["https:\/\/borgunto.com\/sv\/vara-specialformat\/"]}]},{"@type":"BreadcrumbList","@id":"https:\/\/borgunto.com\/sv\/vara-specialformat\/#breadcrumb","itemListElement":[{"@type":"ListItem","position":1,"name":"Home","item":"https:\/\/borgunto.com\/"},{"@type":"ListItem","position":2,"name":"V\u00e5ra specialformat"}]},{"@type":"WebSite","@id":"https:\/\/borgunto.com\/#website","url":"https:\/\/borgunto.com\/","name":"Azienda Agricola Borgunto - Olio, Chianti e Tartufo Italiano","description":"","publisher":{"@id":"https:\/\/borgunto.com\/#organization"},"potentialAction":[{"@type":"SearchAction","target":{"@type":"EntryPoint","urlTemplate":"https:\/\/borgunto.com\/?s={search_term_string}"},"query-input":{"@type":"PropertyValueSpecification","valueRequired":true,"valueName":"search_term_string"}}],"inLanguage":"en-GB"},{"@type":"Organization","@id":"https:\/\/borgunto.com\/#organization","name":"Azienda Agricola Borgunto - Olio, Chianti e Tartufo Italiano","url":"https:\/\/borgunto.com\/","logo":{"@type":"ImageObject","inLanguage":"en-GB","@id":"https:\/\/borgunto.com\/#\/schema\/logo\/image\/","url":"https:\/\/borgunto.com\/wp-content\/uploads\/2021\/04\/cropped-Logo-Borgunto.png","contentUrl":"https:\/\/borgunto.com\/wp-content\/uploads\/2021\/04\/cropped-Logo-Borgunto.png","width":562,"height":354,"caption":"Azienda Agricola Borgunto - Olio, Chianti e Tartufo Italiano"},"image":{"@id":"https:\/\/borgunto.com\/#\/schema\/logo\/image\/"},"sameAs":["https:\/\/www.facebook.com\/borguntooilwinetuscany"]}]}},"jetpack_sharing_enabled":true,"_links":{"self":[{"href":"https:\/\/borgunto.com\/en\/wp-json\/wp\/v2\/pages\/36479","targetHints":{"allow":["GET"]}}],"collection":[{"href":"https:\/\/borgunto.com\/en\/wp-json\/wp\/v2\/pages"}],"about":[{"href":"https:\/\/borgunto.com\/en\/wp-json\/wp\/v2\/types\/page"}],"author":[{"embeddable":true,"href":"https:\/\/borgunto.com\/en\/wp-json\/wp\/v2\/users\/3"}],"replies":[{"embeddable":true,"href":"https:\/\/borgunto.com\/en\/wp-json\/wp\/v2\/comments?post=36479"}],"version-history":[{"count":1,"href":"https:\/\/borgunto.com\/en\/wp-json\/wp\/v2\/pages\/36479\/revisions"}],"predecessor-version":[{"id":36480,"href":"https:\/\/borgunto.com\/en\/wp-json\/wp\/v2\/pages\/36479\/revisions\/36480"}],"wp:attachment":[{"href":"https:\/\/borgunto.com\/en\/wp-json\/wp\/v2\/media?parent=36479"}],"curies":[{"name":"wp","href":"https:\/\/api.w.org\/{rel}","templated":true}]}}