                                                                                                                                                                                                                                                                                                                                                                                                                                                                                                                                                                                                                                                                                                                                                                                                                                                                                                                                                                                                                                                                {"id":35793,"date":"2024-03-24T19:55:40","date_gmt":"2024-03-24T18:55:40","guid":{"rendered":"https:\/\/borgunto.com\/vin-och-olja-fran-borgunto\/"},"modified":"2025-08-05T11:23:04","modified_gmt":"2025-08-05T09:23:04","slug":"vin-och-olja-fran-borgunto","status":"publish","type":"page","link":"https:\/\/borgunto.com\/en\/vin-och-olja-fran-borgunto\/","title":{"rendered":"Vin och olja fr\u00e5n Borgunto"},"content":{"rendered":"<div class=\"wp-block-columns is-layout-flex wp-container-core-columns-is-layout-9d6595d7 wp-block-columns-is-layout-flex\">\n<div class=\"wp-block-column is-layout-flow wp-block-column-is-layout-flow\">\n<div class=\"wp-block-columns is-layout-flex wp-container-core-columns-is-layout-9d6595d7 wp-block-columns-is-layout-flex\">\n<div class=\"wp-block-column is-layout-flow wp-block-column-is-layout-flow\">\n<div class=\"wp-block-columns is-layout-flex wp-container-core-columns-is-layout-9d6595d7 wp-block-columns-is-layout-flex\">\n<div class=\"wp-block-column is-layout-flow wp-block-column-is-layout-flow\">\n<h2 class=\"wp-block-heading\">Vinet fr\u00e5n Borgunto: En elegant odyss\u00e9 av smaker<\/h2>\n<\/div>\n<\/div>\n<\/div>\n<\/div>\n<\/div>\n<\/div>\n\n<div class=\"wp-block-columns is-layout-flex wp-container-core-columns-is-layout-9d6595d7 wp-block-columns-is-layout-flex\">\n<div class=\"wp-block-column is-layout-flow wp-block-column-is-layout-flow\">\n<p>Bredvid ving\u00e5rdarna ligger Borguntos m\u00e5nghundra\u00e5riga olivlundar, ett hav av gr\u00f6nt silver som rymmer essensen av det toskanska landet: extra jungfruolivolja. H\u00e4r f\u00f6renas omsorg om olivtr\u00e4det och respekt f\u00f6r traditionen f\u00f6r att skapa en olja av extraordin\u00e4r kvalitet och renhet.<br>En oljeprovning p\u00e5 Borgunto \u00e4r en ritual som involverar alla sinnen. Den gyllene oljan glider f\u00f6rsiktigt \u00f6ver gommen och avsl\u00f6jar friska toner av klippt gr\u00e4s och en intensiv doft av nyplockade oliver. Det \u00e4r en resa genom San Polos landskap, en f\u00f6rdjupning i den tusen\u00e5riga toskanska olivoljekulturen.   <\/p>\n<p> <\/p>\n<\/div>\n<\/div>\n\n<div class=\"wp-block-columns is-layout-flex wp-container-core-columns-is-layout-9d6595d7 wp-block-columns-is-layout-flex\">\n<div class=\"wp-block-column is-layout-flow wp-block-column-is-layout-flow\">\n<h2 class=\"wp-block-heading\">Borgunto-olja: Essensen av det toskanska landet<\/h2>\n<\/div>\n<\/div>\n\n<div class=\"wp-block-columns is-layout-flex wp-container-core-columns-is-layout-9d6595d7 wp-block-columns-is-layout-flex\">\n<div class=\"wp-block-column is-layout-flow wp-block-column-is-layout-flow\">\n<p>Bredvid ving\u00e5rdarna ligger Borguntos m\u00e5nghundra\u00e5riga olivlundar, ett hav av gr\u00f6nt silver som rymmer essensen av det toskanska landet: extra jungfruolivolja. H\u00e4r f\u00f6renas omsorg om olivtr\u00e4det och respekt f\u00f6r traditionen f\u00f6r att skapa en olja av extraordin\u00e4r kvalitet och renhet.<br>En oljeprovning p\u00e5 Borgunto \u00e4r en ritual som involverar alla sinnen. Den gyllene oljan glider f\u00f6rsiktigt \u00f6ver gommen och avsl\u00f6jar friska toner av klippt gr\u00e4s och en intensiv doft av nyplockade oliver. Det \u00e4r en resa genom San Polos landskap, en f\u00f6rdjupning i den tusen\u00e5riga toskanska olivoljekulturen.   <\/p>\n<p> <\/p>\n<\/div>\n<\/div>\n\n<div class=\"wp-block-columns is-layout-flex wp-container-core-columns-is-layout-9d6595d7 wp-block-columns-is-layout-flex\">\n<div class=\"wp-block-column is-layout-flow wp-block-column-is-layout-flow\">\n<h2 class=\"wp-block-heading\">Slutsatser: En upplevelse att smaka p\u00e5 och minnas<\/h2>\n<\/div>\n<\/div>\n<p>Att provsmaka Borguntos produkter p\u00e5 San Polo i Arezzo \u00e4r mer \u00e4n bara en provsmakning. Det \u00e4r en upplevelse som omfattar Toscanas traditioner, konst och sk\u00f6nhet och som inbjuder bes\u00f6karna att uppt\u00e4cka de dolda hemligheterna i detta gener\u00f6sa land.<br \/>Bland ving\u00e5rdarna och olivlundarna i Borgunto verkar tiden g\u00e5 l\u00e5ngsammare, vilket g\u00f6r att bes\u00f6karna helt kan f\u00f6rdjupa sig i de smaker och aromer som definierar denna unika region. Det \u00e4r en inbjudan att l\u00e5ta sig ryckas med av \u00f6gonblickets k\u00e4nslor, att fira livets sk\u00f6nhet och dess enklaste n\u00f6jen.<br \/>S\u00e5 om du \u00e4r ute efter en of\u00f6rgl\u00f6mlig vin- och oljeupplevelse, f\u00f6rdjupa dig i Borgunto-produkternas v\u00e4rld p\u00e5 San Polo i Arezzo och l\u00e5t dig er\u00f6vras av Toscanas eviga charm.  <\/p>","protected":false},"excerpt":{"rendered":"<p>Vinet fr\u00e5n Borgunto: En elegant odyss\u00e9 av smaker Bredvid ving\u00e5rdarna ligger Borguntos m\u00e5nghundra\u00e5riga olivlundar, ett hav av gr\u00f6nt silver som<\/p>","protected":false},"author":3,"featured_media":0,"parent":0,"menu_order":0,"comment_status":"closed","ping_status":"closed","template":"","meta":{"footnotes":""},"class_list":["post-35793","page","type-page","status-publish","hentry"],"yoast_head":"<!-- This site is optimized with the Yoast SEO Premium plugin v24.0 (Yoast SEO v27.2) - https:\/\/yoast.com\/product\/yoast-seo-premium-wordpress\/ -->\n<title>Vin och olja fr\u00e5n Borgunto - Azienda Agricola Borgunto - I nostri vini Chianti<\/title>\n<meta name=\"robots\" content=\"index, follow, max-snippet:-1, max-image-preview:large, max-video-preview:-1\" \/>\n<link rel=\"canonical\" href=\"https:\/\/borgunto.com\/en\/vin-och-olja-fran-borgunto\/\" \/>\n<meta property=\"og:locale\" content=\"en_GB\" \/>\n<meta property=\"og:type\" content=\"article\" \/>\n<meta property=\"og:title\" content=\"Vin och olja fr\u00e5n Borgunto\" \/>\n<meta property=\"og:description\" content=\"Vinet fr\u00e5n Borgunto: En elegant odyss\u00e9 av smaker Bredvid ving\u00e5rdarna ligger Borguntos m\u00e5nghundra\u00e5riga olivlundar, ett hav av gr\u00f6nt silver som\" \/>\n<meta property=\"og:url\" content=\"https:\/\/borgunto.com\/en\/vin-och-olja-fran-borgunto\/\" \/>\n<meta property=\"og:site_name\" content=\"Azienda Agricola Borgunto - I nostri vini Chianti\" \/>\n<meta property=\"article:publisher\" content=\"https:\/\/www.facebook.com\/borguntooilwinetuscany\" \/>\n<meta property=\"article:modified_time\" content=\"2025-08-05T09:23:04+00:00\" \/>\n<meta name=\"twitter:card\" content=\"summary_large_image\" \/>\n<meta name=\"twitter:label1\" content=\"Estimated reading time\" \/>\n\t<meta name=\"twitter:data1\" content=\"2 minutes\" \/>\n<script type=\"application\/ld+json\" class=\"yoast-schema-graph\">{\"@context\":\"https:\/\/schema.org\",\"@graph\":[{\"@type\":\"WebPage\",\"@id\":\"https:\/\/borgunto.com\/sv\/vin-och-olja-fran-borgunto\/\",\"url\":\"https:\/\/borgunto.com\/sv\/vin-och-olja-fran-borgunto\/\",\"name\":\"Vin och olja fr\u00e5n Borgunto - Azienda Agricola Borgunto - I nostri vini Chianti\",\"isPartOf\":{\"@id\":\"https:\/\/borgunto.com\/#website\"},\"datePublished\":\"2024-03-24T18:55:40+00:00\",\"dateModified\":\"2025-08-05T09:23:04+00:00\",\"breadcrumb\":{\"@id\":\"https:\/\/borgunto.com\/sv\/vin-och-olja-fran-borgunto\/#breadcrumb\"},\"inLanguage\":\"en-GB\",\"potentialAction\":[{\"@type\":\"ReadAction\",\"target\":[\"https:\/\/borgunto.com\/sv\/vin-och-olja-fran-borgunto\/\"]}]},{\"@type\":\"BreadcrumbList\",\"@id\":\"https:\/\/borgunto.com\/sv\/vin-och-olja-fran-borgunto\/#breadcrumb\",\"itemListElement\":[{\"@type\":\"ListItem\",\"position\":1,\"name\":\"Home\",\"item\":\"https:\/\/borgunto.com\/\"},{\"@type\":\"ListItem\",\"position\":2,\"name\":\"Vin och olja fr\u00e5n Borgunto\"}]},{\"@type\":\"WebSite\",\"@id\":\"https:\/\/borgunto.com\/#website\",\"url\":\"https:\/\/borgunto.com\/\",\"name\":\"Azienda Agricola Borgunto - Olio, Chianti e Tartufo Italiano\",\"description\":\"\",\"publisher\":{\"@id\":\"https:\/\/borgunto.com\/#organization\"},\"potentialAction\":[{\"@type\":\"SearchAction\",\"target\":{\"@type\":\"EntryPoint\",\"urlTemplate\":\"https:\/\/borgunto.com\/?s={search_term_string}\"},\"query-input\":{\"@type\":\"PropertyValueSpecification\",\"valueRequired\":true,\"valueName\":\"search_term_string\"}}],\"inLanguage\":\"en-GB\"},{\"@type\":\"Organization\",\"@id\":\"https:\/\/borgunto.com\/#organization\",\"name\":\"Azienda Agricola Borgunto - Olio, Chianti e Tartufo Italiano\",\"url\":\"https:\/\/borgunto.com\/\",\"logo\":{\"@type\":\"ImageObject\",\"inLanguage\":\"en-GB\",\"@id\":\"https:\/\/borgunto.com\/#\/schema\/logo\/image\/\",\"url\":\"https:\/\/borgunto.com\/wp-content\/uploads\/2021\/04\/cropped-Logo-Borgunto.png\",\"contentUrl\":\"https:\/\/borgunto.com\/wp-content\/uploads\/2021\/04\/cropped-Logo-Borgunto.png\",\"width\":562,\"height\":354,\"caption\":\"Azienda Agricola Borgunto - Olio, Chianti e Tartufo Italiano\"},\"image\":{\"@id\":\"https:\/\/borgunto.com\/#\/schema\/logo\/image\/\"},\"sameAs\":[\"https:\/\/www.facebook.com\/borguntooilwinetuscany\"]}]}<\/script>\n<!-- \/ Yoast SEO Premium plugin. -->","yoast_head_json":{"title":"Vin och olja fr\u00e5n Borgunto - Azienda Agricola Borgunto - I nostri vini Chianti","robots":{"index":"index","follow":"follow","max-snippet":"max-snippet:-1","max-image-preview":"max-image-preview:large","max-video-preview":"max-video-preview:-1"},"canonical":"https:\/\/borgunto.com\/en\/vin-och-olja-fran-borgunto\/","og_locale":"en_GB","og_type":"article","og_title":"Vin och olja fr\u00e5n Borgunto","og_description":"Vinet fr\u00e5n Borgunto: En elegant odyss\u00e9 av smaker Bredvid ving\u00e5rdarna ligger Borguntos m\u00e5nghundra\u00e5riga olivlundar, ett hav av gr\u00f6nt silver som","og_url":"https:\/\/borgunto.com\/en\/vin-och-olja-fran-borgunto\/","og_site_name":"Azienda Agricola Borgunto - I nostri vini Chianti","article_publisher":"https:\/\/www.facebook.com\/borguntooilwinetuscany","article_modified_time":"2025-08-05T09:23:04+00:00","twitter_card":"summary_large_image","twitter_misc":{"Estimated reading time":"2 minutes"},"schema":{"@context":"https:\/\/schema.org","@graph":[{"@type":"WebPage","@id":"https:\/\/borgunto.com\/sv\/vin-och-olja-fran-borgunto\/","url":"https:\/\/borgunto.com\/sv\/vin-och-olja-fran-borgunto\/","name":"Vin och olja fr\u00e5n Borgunto - Azienda Agricola Borgunto - I nostri vini Chianti","isPartOf":{"@id":"https:\/\/borgunto.com\/#website"},"datePublished":"2024-03-24T18:55:40+00:00","dateModified":"2025-08-05T09:23:04+00:00","breadcrumb":{"@id":"https:\/\/borgunto.com\/sv\/vin-och-olja-fran-borgunto\/#breadcrumb"},"inLanguage":"en-GB","potentialAction":[{"@type":"ReadAction","target":["https:\/\/borgunto.com\/sv\/vin-och-olja-fran-borgunto\/"]}]},{"@type":"BreadcrumbList","@id":"https:\/\/borgunto.com\/sv\/vin-och-olja-fran-borgunto\/#breadcrumb","itemListElement":[{"@type":"ListItem","position":1,"name":"Home","item":"https:\/\/borgunto.com\/"},{"@type":"ListItem","position":2,"name":"Vin och olja fr\u00e5n Borgunto"}]},{"@type":"WebSite","@id":"https:\/\/borgunto.com\/#website","url":"https:\/\/borgunto.com\/","name":"Azienda Agricola Borgunto - Olio, Chianti e Tartufo Italiano","description":"","publisher":{"@id":"https:\/\/borgunto.com\/#organization"},"potentialAction":[{"@type":"SearchAction","target":{"@type":"EntryPoint","urlTemplate":"https:\/\/borgunto.com\/?s={search_term_string}"},"query-input":{"@type":"PropertyValueSpecification","valueRequired":true,"valueName":"search_term_string"}}],"inLanguage":"en-GB"},{"@type":"Organization","@id":"https:\/\/borgunto.com\/#organization","name":"Azienda Agricola Borgunto - Olio, Chianti e Tartufo Italiano","url":"https:\/\/borgunto.com\/","logo":{"@type":"ImageObject","inLanguage":"en-GB","@id":"https:\/\/borgunto.com\/#\/schema\/logo\/image\/","url":"https:\/\/borgunto.com\/wp-content\/uploads\/2021\/04\/cropped-Logo-Borgunto.png","contentUrl":"https:\/\/borgunto.com\/wp-content\/uploads\/2021\/04\/cropped-Logo-Borgunto.png","width":562,"height":354,"caption":"Azienda Agricola Borgunto - Olio, Chianti e Tartufo Italiano"},"image":{"@id":"https:\/\/borgunto.com\/#\/schema\/logo\/image\/"},"sameAs":["https:\/\/www.facebook.com\/borguntooilwinetuscany"]}]}},"jetpack_sharing_enabled":true,"_links":{"self":[{"href":"https:\/\/borgunto.com\/en\/wp-json\/wp\/v2\/pages\/35793","targetHints":{"allow":["GET"]}}],"collection":[{"href":"https:\/\/borgunto.com\/en\/wp-json\/wp\/v2\/pages"}],"about":[{"href":"https:\/\/borgunto.com\/en\/wp-json\/wp\/v2\/types\/page"}],"author":[{"embeddable":true,"href":"https:\/\/borgunto.com\/en\/wp-json\/wp\/v2\/users\/3"}],"replies":[{"embeddable":true,"href":"https:\/\/borgunto.com\/en\/wp-json\/wp\/v2\/comments?post=35793"}],"version-history":[{"count":1,"href":"https:\/\/borgunto.com\/en\/wp-json\/wp\/v2\/pages\/35793\/revisions"}],"predecessor-version":[{"id":35794,"href":"https:\/\/borgunto.com\/en\/wp-json\/wp\/v2\/pages\/35793\/revisions\/35794"}],"wp:attachment":[{"href":"https:\/\/borgunto.com\/en\/wp-json\/wp\/v2\/media?parent=35793"}],"curies":[{"name":"wp","href":"https:\/\/api.w.org\/{rel}","templated":true}]}}