                                                                                                                                                                                                                                                                                                                                                                                                                                                                                                                                                                                                                                                                                                                                                                                                                                                                                                                                                                                                                                                                {"id":38132,"date":"2026-01-31T16:30:42","date_gmt":"2026-01-31T15:30:42","guid":{"rendered":"https:\/\/borgunto.com\/?page_id=38132"},"modified":"2026-02-01T16:10:46","modified_gmt":"2026-02-01T15:10:46","slug":"la-potatura","status":"publish","type":"page","link":"https:\/\/borgunto.com\/de\/la-potatura\/","title":{"rendered":"La Potatura"},"content":{"rendered":"<div class=\"wpb-content-wrapper\"><div class=\"vc_row wpb_row vc_row-fluid\"><div class=\"wpb_column vc_column_container vc_col-sm-12\"><div class=\"vc_column-inner\"><div class=\"wpb_wrapper\">\n\t<div class=\"wpb_text_column wpb_content_element\" >\n\t\t<div class=\"wpb_wrapper\">\n\t\t\t<article class=\"blog-post olive-pruning-tuscany\">\n<header>\n<h1>Olivenhainschnitt in der Toskana: Zwischen Tradition und moderner Technik<\/h1>\n<\/header>\n<section class=\"introduction\">\n<p class=\"translation-block\">Der Olivenbaumschnitt in der Toskana ist eine uralte Kunst, das Ergebnis jahrhundertelanger landwirtschaftlicher Erfahrung, die heute mit modernsten Anbaumethoden verbunden wird. Das Ziel bleibt unver\u00e4ndert: die Gewinnung eines nativen Oliven\u00f6ls extra von h\u00f6chster Qualit\u00e4t, des ber\u00fchmten toskanischen gr\u00fcnen Goldes.<\/p>\n<p>Um dieses Ergebnis zu erzielen, reicht es nicht aus, den Baum einfach nur zu \"reinigen\"; es ist notwendig, sein Wachstum zu lenken und sicherzustellen, dass jede Olive die richtige Menge an Licht, Luft und N\u00e4hrstoffen erh\u00e4lt.<\/p>\n<\/section>\n<section class=\"quality-parameters\">\n<h2>\u00d6lqualit\u00e4t: Grundlegende Parameter<\/h2>\n<p class=\"translation-block\">Die sachgem\u00e4\u00dfe Bewirtschaftung eines Olivenhains erfordert, dass man die \u00d6lm\u00fchle stets im Blick beh\u00e4lt und sich vom Schnitt der Olivenb\u00e4ume an das sensorische Profil des fertigen \u00d6ls vorstellt. In der Toskana ist Qualit\u00e4t eng mit zwei grundlegenden Parametern verbunden:<\/p>\n<ul>\n<li><strong>Hohe Konzentration an Polyphenolen<\/strong><\/li>\n<li><strong>Niedriger S\u00e4uregehalt<\/strong><\/li>\n<\/ul>\n<p>Beide h\u00e4ngen vom Gesundheitszustand der Olivenb\u00e4ume zum Erntezeitpunkt ab. Ein zu dichtes Bl\u00e4tterdach erzeugt ein feuchtes Mikroklima, das Folgendes beg\u00fcnstigt:<\/p>\n<ul>\n<li class=\"translation-block\">die \u00d6lfliege (<em>Bactrocera oleae<\/em>)<\/li>\n<li>Pilzerkrankungen wie das Pfauenauge<\/li>\n<\/ul>\n<p>Aus diesem Grund muss beim R\u00fcckschnitt darauf geachtet werden, dass maximales Licht und optimale Bel\u00fcftung gew\u00e4hrleistet sind. Ein Blatt, das st\u00e4ndig im Schatten liegt, produziert keine Energie durch Photosynthese, sondern entzieht der Pflanze Ressourcen und beeintr\u00e4chtigt so ihr Wachstum.<\/p>\n<\/section>\n<section class=\"training-system\">\n<h2>Das Trainingssystem: die polykonische Vase<\/h2>\n<p class=\"translation-block\">F\u00fcr alle, die nach Exzellenz streben, ist die <strong>polykonische Vase<\/strong> die geeignetste Wahl. Diese Struktur umfasst:<\/p>\n<ul>\n<li>3 oder 4 Hauptzweige<\/li>\n<li>Zweige mit ausreichendem Abstand zueinander<\/li>\n<li>\u00e4u\u00dfere Entwicklung<\/li>\n<\/ul>\n<p class=\"translation-block\">Jeder Zweig endet in einer d\u00fcnnen Spitze, dem sogenannten Pfeil, der die Apikaldominanz steuert. Diese Ma\u00dfnahme begrenzt das Wachstum vertikaler Ausl\u00e4ufer und erh\u00e4lt die Produktion in den seitlichen und unteren Bereichen aufrecht, die ausgeglichener und leichter zu ernten sind.<\/p>\n<p class=\"translation-block\">Ein weiterer wichtiger Aspekt ist die <strong>Freihaltung des mittleren Bereichs des Bl\u00e4tterdachs<\/strong>. Ein freier mittlerer Bereich erm\u00f6glicht eine effektive Luftzirkulation, reduziert die Luftfeuchtigkeit im Inneren und damit das Krankheitsrisiko.<\/p>\n<\/section>\n<section class=\"strategic-cuts\">\n<h2>Strategische Schnitte beim Beschneiden<\/h2>\n<p>Effektives Beschneiden erfordert die F\u00e4higkeit, zu unterscheiden, was entfernt werden soll:<\/p>\n<h3>Zu entfernende Elemente<\/h3>\n<ul>\n<li class=\"translation-block\"><strong>Ausl\u00e4ufer und Triebe<\/strong>: Sie wachsen an den \u00c4sten bzw. am Stammfu\u00df und entziehen dem K\u00f6rper Saft, ohne dabei Oliven zu produzieren.<\/li>\n<li><strong>Rami esauriti<\/strong>: l&#8217;olivo fruttifica sui rami dell&#8217;anno precedente; quelli gi\u00e0 produttivi e penduli vanno rimossi per favorire il rinnovo<\/li>\n<\/ul>\n<p>\u00c8 essenziale rispettare il <strong>collare del ramo<\/strong>, evitando tagli a filo del tronco che impedirebbero una corretta cicatrizzazione e favorirebbero carie del legno.<\/p>\n<\/section>\n<section class=\"timing-tools\">\n<h2>Schnittzeitpunkt und Ausr\u00fcstung<\/h2>\n<p class=\"translation-block\">In der Toskana ist der ideale Zeitpunkt f\u00fcr den Baumschnitt der Sp\u00e4twinter, in der Regel M\u00e4rz, wenn keine Frostgefahr mehr besteht. Folgende Mittel sind unbedingt zu verwenden:<\/p>\n<ul>\n<li>scharfe Scheren und S\u00e4gen<\/li>\n<li>saubere und desinfizierte Werkzeuge<\/li>\n<\/ul>\n<p>Nach dem R\u00fcckschnitt sch\u00fctzt eine Behandlung auf Kupferbasis die Wunden und beugt Pilzinfektionen im Fr\u00fchjahr vor.<\/p>\n<\/section>\n<section class=\"conclusion\">\n<h2>Schlussfolgerung: Die Vorteile des richtigen Beschneidens<\/h2>\n<p>Sorgf\u00e4ltiger R\u00fcckschnitt:<\/p>\n<ul>\n<li>verringert die produktive Abwechslung<\/li>\n<li>verbessert die Gesundheit von Oliven<\/li>\n<li>verbessert die Aromen und die Qualit\u00e4t des \u00d6ls<\/li>\n<\/ul>\n<p class=\"translation-block\">Gro\u00dfartiges Oliven\u00f6l entsteht in erster Linie auf den Feldern, dank bewusster Entscheidungen, die Tradition, Beobachtung und moderne Technologie verbinden und so die Identit\u00e4t des toskanischen Olivenanbaus \u00fcber die Zeit bewahren.<\/p>\n<p class=\"location-tag\">Erfahrung und Tradition des toskanischen Olivenanbaus, von der Landschaft um Arezzo bis zur Herstellung von hochwertigem nativem Oliven\u00f6l extra.<\/p>\n<\/section>\n<footer class=\"article-meta\"><\/footer>\n<\/article>\n\n\t\t<\/div>\n\t<\/div>\n<\/div><\/div><\/div><\/div>\n<!-- \/wp:post-content --><\/div>","protected":false},"excerpt":{"rendered":"La Potatura dell'Oliveto in Toscana: Tra Tradizione e Tecnica Moderna La potatura dell'olivo in Toscana \u00e8 un sapere antico, frutto","protected":false},"author":3,"featured_media":0,"parent":0,"menu_order":0,"comment_status":"closed","ping_status":"closed","template":"","meta":{"footnotes":""},"class_list":["post-38132","page","type-page","status-publish","hentry"],"yoast_head":"<!-- This site is optimized with the Yoast SEO Premium plugin v24.0 (Yoast SEO v27.2) - https:\/\/yoast.com\/product\/yoast-seo-premium-wordpress\/ -->\n<title>La Potatura - Azienda Agricola Borgunto - I nostri vini Chianti<\/title>\n<meta name=\"robots\" content=\"index, follow, max-snippet:-1, max-image-preview:large, max-video-preview:-1\" \/>\n<link rel=\"canonical\" href=\"https:\/\/borgunto.com\/de\/la-potatura\/\" \/>\n<meta property=\"og:locale\" content=\"de_DE\" \/>\n<meta property=\"og:type\" content=\"article\" \/>\n<meta property=\"og:title\" content=\"La Potatura\" \/>\n<meta property=\"og:url\" content=\"https:\/\/borgunto.com\/de\/la-potatura\/\" \/>\n<meta property=\"og:site_name\" content=\"Azienda Agricola Borgunto - I nostri vini Chianti\" \/>\n<meta property=\"article:publisher\" content=\"https:\/\/www.facebook.com\/borguntooilwinetuscany\" \/>\n<meta property=\"article:modified_time\" content=\"2026-02-01T15:10:46+00:00\" \/>\n<meta name=\"twitter:card\" content=\"summary_large_image\" \/>\n<meta name=\"twitter:label1\" content=\"Gesch\u00e4tzte Lesezeit\" \/>\n\t<meta name=\"twitter:data1\" content=\"3\u00a0Minuten\" \/>\n<script type=\"application\/ld+json\" class=\"yoast-schema-graph\">{\"@context\":\"https:\/\/schema.org\",\"@graph\":[{\"@type\":\"WebPage\",\"@id\":\"https:\/\/borgunto.com\/la-potatura\/\",\"url\":\"https:\/\/borgunto.com\/la-potatura\/\",\"name\":\"La Potatura - Azienda Agricola Borgunto - I nostri vini Chianti\",\"isPartOf\":{\"@id\":\"https:\/\/borgunto.com\/#website\"},\"datePublished\":\"2026-01-31T15:30:42+00:00\",\"dateModified\":\"2026-02-01T15:10:46+00:00\",\"breadcrumb\":{\"@id\":\"https:\/\/borgunto.com\/la-potatura\/#breadcrumb\"},\"inLanguage\":\"de\",\"potentialAction\":[{\"@type\":\"ReadAction\",\"target\":[\"https:\/\/borgunto.com\/la-potatura\/\"]}]},{\"@type\":\"BreadcrumbList\",\"@id\":\"https:\/\/borgunto.com\/la-potatura\/#breadcrumb\",\"itemListElement\":[{\"@type\":\"ListItem\",\"position\":1,\"name\":\"Home\",\"item\":\"https:\/\/borgunto.com\/\"},{\"@type\":\"ListItem\",\"position\":2,\"name\":\"La Potatura\"}]},{\"@type\":\"WebSite\",\"@id\":\"https:\/\/borgunto.com\/#website\",\"url\":\"https:\/\/borgunto.com\/\",\"name\":\"Azienda Agricola Borgunto - Olio, Chianti e Tartufo Italiano\",\"description\":\"\",\"publisher\":{\"@id\":\"https:\/\/borgunto.com\/#organization\"},\"potentialAction\":[{\"@type\":\"SearchAction\",\"target\":{\"@type\":\"EntryPoint\",\"urlTemplate\":\"https:\/\/borgunto.com\/?s={search_term_string}\"},\"query-input\":{\"@type\":\"PropertyValueSpecification\",\"valueRequired\":true,\"valueName\":\"search_term_string\"}}],\"inLanguage\":\"de\"},{\"@type\":\"Organization\",\"@id\":\"https:\/\/borgunto.com\/#organization\",\"name\":\"Azienda Agricola Borgunto - Olio, Chianti e Tartufo Italiano\",\"url\":\"https:\/\/borgunto.com\/\",\"logo\":{\"@type\":\"ImageObject\",\"inLanguage\":\"de\",\"@id\":\"https:\/\/borgunto.com\/#\/schema\/logo\/image\/\",\"url\":\"https:\/\/borgunto.com\/wp-content\/uploads\/2021\/04\/cropped-Logo-Borgunto.png\",\"contentUrl\":\"https:\/\/borgunto.com\/wp-content\/uploads\/2021\/04\/cropped-Logo-Borgunto.png\",\"width\":562,\"height\":354,\"caption\":\"Azienda Agricola Borgunto - Olio, Chianti e Tartufo Italiano\"},\"image\":{\"@id\":\"https:\/\/borgunto.com\/#\/schema\/logo\/image\/\"},\"sameAs\":[\"https:\/\/www.facebook.com\/borguntooilwinetuscany\"]}]}<\/script>\n<!-- \/ Yoast SEO Premium plugin. -->","yoast_head_json":{"title":"La Potatura - Azienda Agricola Borgunto - I nostri vini Chianti","robots":{"index":"index","follow":"follow","max-snippet":"max-snippet:-1","max-image-preview":"max-image-preview:large","max-video-preview":"max-video-preview:-1"},"canonical":"https:\/\/borgunto.com\/de\/la-potatura\/","og_locale":"de_DE","og_type":"article","og_title":"La Potatura","og_url":"https:\/\/borgunto.com\/de\/la-potatura\/","og_site_name":"Azienda Agricola Borgunto - I nostri vini Chianti","article_publisher":"https:\/\/www.facebook.com\/borguntooilwinetuscany","article_modified_time":"2026-02-01T15:10:46+00:00","twitter_card":"summary_large_image","twitter_misc":{"Gesch\u00e4tzte Lesezeit":"3\u00a0Minuten"},"schema":{"@context":"https:\/\/schema.org","@graph":[{"@type":"WebPage","@id":"https:\/\/borgunto.com\/la-potatura\/","url":"https:\/\/borgunto.com\/la-potatura\/","name":"La Potatura - Azienda Agricola Borgunto - I nostri vini Chianti","isPartOf":{"@id":"https:\/\/borgunto.com\/#website"},"datePublished":"2026-01-31T15:30:42+00:00","dateModified":"2026-02-01T15:10:46+00:00","breadcrumb":{"@id":"https:\/\/borgunto.com\/la-potatura\/#breadcrumb"},"inLanguage":"de","potentialAction":[{"@type":"ReadAction","target":["https:\/\/borgunto.com\/la-potatura\/"]}]},{"@type":"BreadcrumbList","@id":"https:\/\/borgunto.com\/la-potatura\/#breadcrumb","itemListElement":[{"@type":"ListItem","position":1,"name":"Home","item":"https:\/\/borgunto.com\/"},{"@type":"ListItem","position":2,"name":"La Potatura"}]},{"@type":"WebSite","@id":"https:\/\/borgunto.com\/#website","url":"https:\/\/borgunto.com\/","name":"Azienda Agricola Borgunto - Olio, Chianti e Tartufo Italiano","description":"","publisher":{"@id":"https:\/\/borgunto.com\/#organization"},"potentialAction":[{"@type":"SearchAction","target":{"@type":"EntryPoint","urlTemplate":"https:\/\/borgunto.com\/?s={search_term_string}"},"query-input":{"@type":"PropertyValueSpecification","valueRequired":true,"valueName":"search_term_string"}}],"inLanguage":"de"},{"@type":"Organization","@id":"https:\/\/borgunto.com\/#organization","name":"Azienda Agricola Borgunto - Olio, Chianti e Tartufo Italiano","url":"https:\/\/borgunto.com\/","logo":{"@type":"ImageObject","inLanguage":"de","@id":"https:\/\/borgunto.com\/#\/schema\/logo\/image\/","url":"https:\/\/borgunto.com\/wp-content\/uploads\/2021\/04\/cropped-Logo-Borgunto.png","contentUrl":"https:\/\/borgunto.com\/wp-content\/uploads\/2021\/04\/cropped-Logo-Borgunto.png","width":562,"height":354,"caption":"Azienda Agricola Borgunto - Olio, Chianti e Tartufo Italiano"},"image":{"@id":"https:\/\/borgunto.com\/#\/schema\/logo\/image\/"},"sameAs":["https:\/\/www.facebook.com\/borguntooilwinetuscany"]}]}},"jetpack_sharing_enabled":true,"_links":{"self":[{"href":"https:\/\/borgunto.com\/de\/wp-json\/wp\/v2\/pages\/38132","targetHints":{"allow":["GET"]}}],"collection":[{"href":"https:\/\/borgunto.com\/de\/wp-json\/wp\/v2\/pages"}],"about":[{"href":"https:\/\/borgunto.com\/de\/wp-json\/wp\/v2\/types\/page"}],"author":[{"embeddable":true,"href":"https:\/\/borgunto.com\/de\/wp-json\/wp\/v2\/users\/3"}],"replies":[{"embeddable":true,"href":"https:\/\/borgunto.com\/de\/wp-json\/wp\/v2\/comments?post=38132"}],"version-history":[{"count":2,"href":"https:\/\/borgunto.com\/de\/wp-json\/wp\/v2\/pages\/38132\/revisions"}],"predecessor-version":[{"id":38135,"href":"https:\/\/borgunto.com\/de\/wp-json\/wp\/v2\/pages\/38132\/revisions\/38135"}],"wp:attachment":[{"href":"https:\/\/borgunto.com\/de\/wp-json\/wp\/v2\/media?parent=38132"}],"curies":[{"name":"wp","href":"https:\/\/api.w.org\/{rel}","templated":true}]}}