                                                                                                                                                                                                                                                                                                                                                                                                                                                                                                                                                                                                                                                                                                                                                                                                                                                                                                                                                                                                                                                                {"id":35502,"date":"2024-03-25T09:26:05","date_gmt":"2024-03-25T08:26:05","guid":{"rendered":"https:\/\/borgunto.com\/uprawa-bio-dop\/"},"modified":"2025-08-04T15:16:03","modified_gmt":"2025-08-04T13:16:03","slug":"uprawa-bio-dop","status":"publish","type":"page","link":"https:\/\/borgunto.com\/de\/uprawa-bio-dop\/","title":{"rendered":"Uprawa BIO\/DOP"},"content":{"rendered":"<div class=\"wpb-content-wrapper\"><div class=\"vc_row wpb_row vc_row-fluid\"><div class=\"wpb_column vc_column_container vc_col-sm-12\"><div class=\"vc_column-inner\"><div class=\"wpb_wrapper\">\n\t<div class=\"wpb_text_column wpb_content_element\" >\n\t\t<div class=\"wpb_wrapper\">\n\t\t\t<section>\n<h2>Rolnictwo ekologiczne i chroniona nazwa pochodzenia (ChNP): jako\u015b\u0107, zr\u00f3wnowa\u017cony rozw\u00f3j i tradycja<\/h2>\n<p><strong>Uprawa ekologiczna<\/strong> i <strong>chroniona nazwa pochodzenia (ChNP<\/strong> ) stanowi\u0105 dwa r\u00f3\u017cne, ale uzupe\u0142niaj\u0105ce si\u0119 podej\u015bcia w nowoczesnym rolnictwie. Oba maj\u0105 na celu <strong>zachowanie jako\u015bci produkt\u00f3w rolnych<\/strong>, <strong>promowanie zr\u00f3wnowa\u017conego rozwoju \u015brodowiska<\/strong> i <strong>ochron\u0119 tradycji regionalnych<\/strong>. <\/p>\n<h3>Uprawa ekologiczna<\/h3>\n<p><strong>Uprawa ekologiczna<\/strong> to system rolniczy, w kt\u00f3rym unika si\u0119 stosowania syntetycznych pestycyd\u00f3w, nawoz\u00f3w chemicznych i GMO. Opiera si\u0119 na naturalnych praktykach w celu ochrony zdrowia gleby, \u015brodowiska i konsument\u00f3w. <\/p>\n<ul>\n<li><strong>Szacunek dla \u015brodowiska:<\/strong> stosowanie p\u0142odozmianu, kompostu i naturalnych nawoz\u00f3w w celu wzbogacenia gleby.<\/li>\n<li><strong>Brak chemicznych pestycyd\u00f3w:<\/strong> naturalna kontrola szkodnik\u00f3w w celu unikni\u0119cia szk\u00f3d dla zdrowia i ekosystemu.<\/li>\n<li><strong>Nie dla GMO:<\/strong> ca\u0142kowite wykluczenie organizm\u00f3w modyfikowanych genetycznie w celu ochrony bior\u00f3\u017cnorodno\u015bci.<\/li>\n<li>Zdrowie <strong>i dobre samopoczucie:<\/strong> zdrowsze produkty z mniejsz\u0105 ilo\u015bci\u0105 pozosta\u0142o\u015bci chemicznych i wi\u0119ksz\u0105 warto\u015bci\u0105 od\u017cywcz\u0105.<\/li>\n<li><strong>Identyfikowalno\u015b\u0107:<\/strong> certyfikowany \u0142a\u0144cuch dostaw od pola do sto\u0142u w celu zagwarantowania autentyczno\u015bci i przejrzysto\u015bci.<\/li>\n<\/ul>\n<h3>Chroniona nazwa pochodzenia (PDO)<\/h3>\n<p><strong>ChNP<\/strong> to europejski system certyfikacji, kt\u00f3ry <strong>chroni typowe produkty<\/strong> zwi\u0105zane z okre\u015blonym terytorium i wytwarzane zgodnie z tradycyjnymi metodami.<\/p>\n<ul>\n<li><strong>Pochodzenie geograficzne:<\/strong> produkcja zwi\u0105zana z okre\u015blonym obszarem o unikalnych cechach.<\/li>\n<li><strong>Tradycyjne metody:<\/strong> szacunek dla technik przekazywanych z pokolenia na pokolenie.<\/li>\n<li><strong>Kontrola jako\u015bci:<\/strong> surowe standardy gwarantowane przez jednostki certyfikuj\u0105ce.<\/li>\n<li><strong>Wzmocnienie lokalnej kultury:<\/strong> zachowanie tradycji kulinarnych i kulturowych.<\/li>\n<\/ul>\n<h3>W\u0142a\u015bciwo\u015bci bio i DOP wina i oliwy w Toskanii<\/h3>\n<p>W <strong>Toskanii<\/strong> <strong>organiczna produkcja wina i oliwy<\/strong> jest doskona\u0142ym wyrazem r\u00f3wnowagi mi\u0119dzy <strong>tradycj\u0105 a zr\u00f3wnowa\u017conym rozwojem<\/strong>. Lokalni plantatorzy winoro\u015bli i oliwek stosuj\u0105 przyjazne dla \u015brodowiska praktyki, unikaj\u0105c chemicznych pestycyd\u00f3w i syntetycznych nawoz\u00f3w. <\/p>\n<p><strong>Toska\u0144skie wina organiczne<\/strong>, w tym etykiety takie jak <strong>Chianti Classico<\/strong> i <strong>Brunello di Montalcino<\/strong>, reprezentuj\u0105 doskona\u0142o\u015b\u0107 tego terytorium. Wiele z tych win posiada r\u00f3wnie\u017c <strong>certyfikat PDO<\/strong>, gwarantuj\u0105cy ich autentyczno\u015b\u0107 i zwi\u0105zek z toska\u0144skim terroir. <\/p>\n<p>Podobnie<strong>organiczna oliwa z oliwek z pierwszego t\u0142oczenia<\/strong> produkowana w Toskanii jest ceniona za intensywny, owocowy smak, b\u0119d\u0105cy wynikiem uprawy z poszanowaniem natury i staro\u017cytnych tradycji rolniczych.<\/p>\n<p>Toskania pokazuje, jak <strong>jako\u015b\u0107, szacunek dla \u015brodowiska i rozw\u00f3j terytorium<\/strong> mog\u0105 wsp\u00f3\u0142istnie\u0107 w korzystnym i przysz\u0142o\u015bciowym modelu rolnictwa.<\/p>\n<\/section>\n\n\t\t<\/div>\n\t<\/div>\n<\/div><\/div><\/div><\/div>\n<\/div>","protected":false},"excerpt":{"rendered":"Rolnictwo ekologiczne i chroniona nazwa pochodzenia (ChNP): jako\u015b\u0107, zr\u00f3wnowa\u017cony rozw\u00f3j i tradycja Uprawa ekologiczna i chroniona nazwa pochodzenia (ChNP )","protected":false},"author":3,"featured_media":0,"parent":0,"menu_order":0,"comment_status":"closed","ping_status":"closed","template":"","meta":{"footnotes":""},"class_list":["post-35502","page","type-page","status-publish","hentry"],"yoast_head":"<!-- This site is optimized with the Yoast SEO Premium plugin v24.0 (Yoast SEO v27.2) - https:\/\/yoast.com\/product\/yoast-seo-premium-wordpress\/ -->\n<title>Wino i Oliwa Toskania - Uprawa BIO\/DOP - borgunto.com<\/title>\n<meta name=\"description\" content=\"Nasze certyfikowane uprawy ekologiczne i produkty ChNP Borgunto: jako\u015b\u0107, zr\u00f3wnowa\u017cony rozw\u00f3j i tradycja przy zerowej odleg\u0142o\u015bci.\" \/>\n<meta name=\"robots\" content=\"index, follow, max-snippet:-1, max-image-preview:large, max-video-preview:-1\" \/>\n<link rel=\"canonical\" href=\"https:\/\/borgunto.com\/de\/uprawa-bio-dop\/\" \/>\n<meta property=\"og:locale\" content=\"de_DE\" \/>\n<meta property=\"og:type\" content=\"article\" \/>\n<meta property=\"og:title\" content=\"Uprawa BIO\/DOP\" \/>\n<meta property=\"og:description\" content=\"Nasze certyfikowane uprawy ekologiczne i produkty ChNP Borgunto: jako\u015b\u0107, zr\u00f3wnowa\u017cony rozw\u00f3j i tradycja przy zerowej odleg\u0142o\u015bci.\" \/>\n<meta property=\"og:url\" content=\"https:\/\/borgunto.com\/de\/uprawa-bio-dop\/\" \/>\n<meta property=\"og:site_name\" content=\"Azienda Agricola Borgunto - I nostri vini Chianti\" \/>\n<meta property=\"article:publisher\" content=\"https:\/\/www.facebook.com\/borguntooilwinetuscany\" \/>\n<meta property=\"article:modified_time\" content=\"2025-08-04T13:16:03+00:00\" \/>\n<meta name=\"twitter:card\" content=\"summary_large_image\" \/>\n<meta name=\"twitter:label1\" content=\"Gesch\u00e4tzte Lesezeit\" \/>\n\t<meta name=\"twitter:data1\" content=\"2\u00a0Minuten\" \/>\n<script type=\"application\/ld+json\" class=\"yoast-schema-graph\">{\"@context\":\"https:\/\/schema.org\",\"@graph\":[{\"@type\":\"WebPage\",\"@id\":\"https:\/\/borgunto.com\/pl\/uprawa-bio-dop\/\",\"url\":\"https:\/\/borgunto.com\/pl\/uprawa-bio-dop\/\",\"name\":\"Wino i Oliwa Toskania - Uprawa BIO\/DOP - borgunto.com\",\"isPartOf\":{\"@id\":\"https:\/\/borgunto.com\/#website\"},\"datePublished\":\"2024-03-25T08:26:05+00:00\",\"dateModified\":\"2025-08-04T13:16:03+00:00\",\"description\":\"Nasze certyfikowane uprawy ekologiczne i produkty ChNP Borgunto: jako\u015b\u0107, zr\u00f3wnowa\u017cony rozw\u00f3j i tradycja przy zerowej odleg\u0142o\u015bci.\",\"breadcrumb\":{\"@id\":\"https:\/\/borgunto.com\/pl\/uprawa-bio-dop\/#breadcrumb\"},\"inLanguage\":\"de\",\"potentialAction\":[{\"@type\":\"ReadAction\",\"target\":[\"https:\/\/borgunto.com\/pl\/uprawa-bio-dop\/\"]}]},{\"@type\":\"BreadcrumbList\",\"@id\":\"https:\/\/borgunto.com\/pl\/uprawa-bio-dop\/#breadcrumb\",\"itemListElement\":[{\"@type\":\"ListItem\",\"position\":1,\"name\":\"Home\",\"item\":\"https:\/\/borgunto.com\/\"},{\"@type\":\"ListItem\",\"position\":2,\"name\":\"Uprawa BIO\/DOP\"}]},{\"@type\":\"WebSite\",\"@id\":\"https:\/\/borgunto.com\/#website\",\"url\":\"https:\/\/borgunto.com\/\",\"name\":\"Azienda Agricola Borgunto - Olio, Chianti e Tartufo Italiano\",\"description\":\"\",\"publisher\":{\"@id\":\"https:\/\/borgunto.com\/#organization\"},\"potentialAction\":[{\"@type\":\"SearchAction\",\"target\":{\"@type\":\"EntryPoint\",\"urlTemplate\":\"https:\/\/borgunto.com\/?s={search_term_string}\"},\"query-input\":{\"@type\":\"PropertyValueSpecification\",\"valueRequired\":true,\"valueName\":\"search_term_string\"}}],\"inLanguage\":\"de\"},{\"@type\":\"Organization\",\"@id\":\"https:\/\/borgunto.com\/#organization\",\"name\":\"Azienda Agricola Borgunto - Olio, Chianti e Tartufo Italiano\",\"url\":\"https:\/\/borgunto.com\/\",\"logo\":{\"@type\":\"ImageObject\",\"inLanguage\":\"de\",\"@id\":\"https:\/\/borgunto.com\/#\/schema\/logo\/image\/\",\"url\":\"https:\/\/borgunto.com\/wp-content\/uploads\/2021\/04\/cropped-Logo-Borgunto.png\",\"contentUrl\":\"https:\/\/borgunto.com\/wp-content\/uploads\/2021\/04\/cropped-Logo-Borgunto.png\",\"width\":562,\"height\":354,\"caption\":\"Azienda Agricola Borgunto - Olio, Chianti e Tartufo Italiano\"},\"image\":{\"@id\":\"https:\/\/borgunto.com\/#\/schema\/logo\/image\/\"},\"sameAs\":[\"https:\/\/www.facebook.com\/borguntooilwinetuscany\"]}]}<\/script>\n<!-- \/ Yoast SEO Premium plugin. -->","yoast_head_json":{"title":"Wino i Oliwa Toskania - Uprawa BIO\/DOP - borgunto.com","description":"Nasze certyfikowane uprawy ekologiczne i produkty ChNP Borgunto: jako\u015b\u0107, zr\u00f3wnowa\u017cony rozw\u00f3j i tradycja przy zerowej odleg\u0142o\u015bci.","robots":{"index":"index","follow":"follow","max-snippet":"max-snippet:-1","max-image-preview":"max-image-preview:large","max-video-preview":"max-video-preview:-1"},"canonical":"https:\/\/borgunto.com\/de\/uprawa-bio-dop\/","og_locale":"de_DE","og_type":"article","og_title":"Uprawa BIO\/DOP","og_description":"Nasze certyfikowane uprawy ekologiczne i produkty ChNP Borgunto: jako\u015b\u0107, zr\u00f3wnowa\u017cony rozw\u00f3j i tradycja przy zerowej odleg\u0142o\u015bci.","og_url":"https:\/\/borgunto.com\/de\/uprawa-bio-dop\/","og_site_name":"Azienda Agricola Borgunto - I nostri vini Chianti","article_publisher":"https:\/\/www.facebook.com\/borguntooilwinetuscany","article_modified_time":"2025-08-04T13:16:03+00:00","twitter_card":"summary_large_image","twitter_misc":{"Gesch\u00e4tzte Lesezeit":"2\u00a0Minuten"},"schema":{"@context":"https:\/\/schema.org","@graph":[{"@type":"WebPage","@id":"https:\/\/borgunto.com\/pl\/uprawa-bio-dop\/","url":"https:\/\/borgunto.com\/pl\/uprawa-bio-dop\/","name":"Wino i Oliwa Toskania - Uprawa BIO\/DOP - borgunto.com","isPartOf":{"@id":"https:\/\/borgunto.com\/#website"},"datePublished":"2024-03-25T08:26:05+00:00","dateModified":"2025-08-04T13:16:03+00:00","description":"Nasze certyfikowane uprawy ekologiczne i produkty ChNP Borgunto: jako\u015b\u0107, zr\u00f3wnowa\u017cony rozw\u00f3j i tradycja przy zerowej odleg\u0142o\u015bci.","breadcrumb":{"@id":"https:\/\/borgunto.com\/pl\/uprawa-bio-dop\/#breadcrumb"},"inLanguage":"de","potentialAction":[{"@type":"ReadAction","target":["https:\/\/borgunto.com\/pl\/uprawa-bio-dop\/"]}]},{"@type":"BreadcrumbList","@id":"https:\/\/borgunto.com\/pl\/uprawa-bio-dop\/#breadcrumb","itemListElement":[{"@type":"ListItem","position":1,"name":"Home","item":"https:\/\/borgunto.com\/"},{"@type":"ListItem","position":2,"name":"Uprawa BIO\/DOP"}]},{"@type":"WebSite","@id":"https:\/\/borgunto.com\/#website","url":"https:\/\/borgunto.com\/","name":"Azienda Agricola Borgunto - Olio, Chianti e Tartufo Italiano","description":"","publisher":{"@id":"https:\/\/borgunto.com\/#organization"},"potentialAction":[{"@type":"SearchAction","target":{"@type":"EntryPoint","urlTemplate":"https:\/\/borgunto.com\/?s={search_term_string}"},"query-input":{"@type":"PropertyValueSpecification","valueRequired":true,"valueName":"search_term_string"}}],"inLanguage":"de"},{"@type":"Organization","@id":"https:\/\/borgunto.com\/#organization","name":"Azienda Agricola Borgunto - Olio, Chianti e Tartufo Italiano","url":"https:\/\/borgunto.com\/","logo":{"@type":"ImageObject","inLanguage":"de","@id":"https:\/\/borgunto.com\/#\/schema\/logo\/image\/","url":"https:\/\/borgunto.com\/wp-content\/uploads\/2021\/04\/cropped-Logo-Borgunto.png","contentUrl":"https:\/\/borgunto.com\/wp-content\/uploads\/2021\/04\/cropped-Logo-Borgunto.png","width":562,"height":354,"caption":"Azienda Agricola Borgunto - Olio, Chianti e Tartufo Italiano"},"image":{"@id":"https:\/\/borgunto.com\/#\/schema\/logo\/image\/"},"sameAs":["https:\/\/www.facebook.com\/borguntooilwinetuscany"]}]}},"jetpack_sharing_enabled":true,"_links":{"self":[{"href":"https:\/\/borgunto.com\/de\/wp-json\/wp\/v2\/pages\/35502","targetHints":{"allow":["GET"]}}],"collection":[{"href":"https:\/\/borgunto.com\/de\/wp-json\/wp\/v2\/pages"}],"about":[{"href":"https:\/\/borgunto.com\/de\/wp-json\/wp\/v2\/types\/page"}],"author":[{"embeddable":true,"href":"https:\/\/borgunto.com\/de\/wp-json\/wp\/v2\/users\/3"}],"replies":[{"embeddable":true,"href":"https:\/\/borgunto.com\/de\/wp-json\/wp\/v2\/comments?post=35502"}],"version-history":[{"count":1,"href":"https:\/\/borgunto.com\/de\/wp-json\/wp\/v2\/pages\/35502\/revisions"}],"predecessor-version":[{"id":35503,"href":"https:\/\/borgunto.com\/de\/wp-json\/wp\/v2\/pages\/35502\/revisions\/35503"}],"wp:attachment":[{"href":"https:\/\/borgunto.com\/de\/wp-json\/wp\/v2\/media?parent=35502"}],"curies":[{"name":"wp","href":"https:\/\/api.w.org\/{rel}","templated":true}]}}