                                                                                                                                                                                                                                                                                                                                                                                                                                                                                                                                                                                                                                                                                                                                                                                                                                                                                                                                                                                                                                                                {"id":32266,"date":"2024-05-19T23:13:41","date_gmt":"2024-05-19T21:13:41","guid":{"rendered":"https:\/\/borgunto.com\/?page_id=32266"},"modified":"2026-01-11T13:06:10","modified_gmt":"2026-01-11T12:06:10","slug":"wine-tasting-2","status":"publish","type":"page","link":"https:\/\/borgunto.com\/de\/wine-tasting-2\/","title":{"rendered":"Weinprobe"},"content":{"rendered":"<div class=\"wpb-content-wrapper\"><div class=\"vc_row wpb_row vc_row-fluid\"><div class=\"wpb_column vc_column_container vc_col-sm-12\"><div class=\"vc_column-inner\"><div class=\"wpb_wrapper\">\n\t<div class=\"wpb_raw_code wpb_raw_html wpb_content_element\" >\n\t\t<div class=\"wpb_wrapper\">\n\t\t\t<h1>Weinprobe-Erlebnis \u2013 Borgunto<\/h1>\r\n\r\n<p class=\"translation-block\">Erleben Sie ein einzigartiges Weinerlebnis inmitten der authentischen Aromen der Toskana mit unserer <strong>Weinprobe in den H\u00fcgeln von Arezzo<\/strong>. In unserem Weingut in Arezzo hei\u00dfen wir Sie herzlich willkommen und freuen uns darauf, Ihnen die Aromen des Chianti DOCG, die Eleganz unserer Weinreserven und die Essenz von nativem Oliven\u00f6l extra sowie handgefertigten Tr\u00fcffelspezialit\u00e4ten n\u00e4herzubringen.<\/p>\r\n\r\n<h2>Was erwartet dich?<\/h2>\r\n<p>Unser Degustationsmen\u00fc beinhaltet:<\/p>\r\n\r\n<ul>\r\n  <li>Gef\u00fchrte Verkostung von 3 ausgew\u00e4hlten Weinen: Chianti DOCG, Chianti Riserva und IGT Rotwein<\/li>\r\n  <li>Passt hervorragend zu exklusiven Borgunto-Produkten: 100 % italienisches Oliven\u00f6l extra vergine, handgemachte Marmeladen und Tr\u00fcffel.<\/li>\r\n  <li>Ein Bericht aus erster Hand \u00fcber unsere Produktionsmethode und unsere Verbindung zur Region Arezzo.<\/li>\r\n  <li>Optionale Besichtigung der Weinberge und des Weinkellers (nach vorheriger Reservierung)<\/li>\r\n<\/ul>\r\n\r\n<p><em>Die vollst\u00e4ndige Speisekarte finden Sie unten:<\/em><\/p>\r\n\r\n<img decoding=\"async\" src=\"https:\/\/borgunto.com\/wp-content\/uploads\/2025\/07\/paginawinetasting1.webp\" alt=\"Men\u00f9 degustazione Borgunto \u2013 vini, olio e specialit\u00e0\" loading=\"lazy\" \/>\r\n<img decoding=\"async\" src=\"https:\/\/borgunto.com\/wp-content\/uploads\/2025\/07\/paginawinetasting2.webp\" alt=\"Dettaglio esperienza enogastronomica Borgunto \u2013 Arezzo\" loading=\"lazy\" \/>\r\n\r\n<h2>Buchen Sie Ihre Verkostung<\/h2>\r\n<p>T\u00e4glich nach Voranmeldung verf\u00fcgbar. Ideal f\u00fcr Paare, Freunde oder private Touren, um authentisches italienisches Handwerk zu entdecken.<\/p>\r\n\r\n<div class=\"cta-buttons translation-block\" style=\"margin: 20px 0;\"><a href=\"tel:+393922380541\" class=\"button\" target=\"_self\">Jetzt anrufen<\/a> \n<a href=\"https:\/\/wa.me\/393922380541\" target=\"_blank\" rel=\"noopener\" class=\"button\">Schreiben Sie uns auf WhatsApp<\/a><\/div>\r\n\r\n<p class=\"translation-block\">\ud83d\udccd Lage: Arezzo, Toskana\n\n\ud83d\udd52 \u00d6ffnungszeiten: 10:00\u201319:00 Uhr (Reservierung erforderlich)<\/p>\r\n\r\n<p>Verpassen Sie nicht die Gelegenheit, das Beste der italienischen Weintradition direkt aus unserem Weinkeller zu genie\u00dfen.<\/p>\n\t\t<\/div>\n\t<\/div>\n<\/div><\/div><\/div><\/div>\n<\/div>","protected":false},"excerpt":{"rendered":"Esperienza di Degustazione Vini \u2013 Borgunto Vivi un momento unico tra i sapori autentici della Toscana con il nostro percorso","protected":false},"author":3,"featured_media":0,"parent":0,"menu_order":0,"comment_status":"closed","ping_status":"closed","template":"","meta":{"footnotes":""},"class_list":["post-32266","page","type-page","status-publish","hentry"],"yoast_head":"<!-- This site is optimized with the Yoast SEO Premium plugin v24.0 (Yoast SEO v27.2) - https:\/\/yoast.com\/product\/yoast-seo-premium-wordpress\/ -->\n<title>Azienda Agricola Arezzo | Wine Tasting Experience | Borgunto<\/title>\n<meta name=\"description\" content=\"Prenota la tua degustazione vini nei Colli Aretini: Chianti DOCG, Riserva e specialit\u00e0 al tartufo. Esperienza autentica ad Arezzo.\" \/>\n<meta name=\"robots\" content=\"index, follow, max-snippet:-1, max-image-preview:large, max-video-preview:-1\" \/>\n<link rel=\"canonical\" href=\"https:\/\/borgunto.com\/de\/wine-tasting-2\/\" \/>\n<meta property=\"og:locale\" content=\"de_DE\" \/>\n<meta property=\"og:type\" content=\"article\" \/>\n<meta property=\"og:title\" content=\"Wine tasting\" \/>\n<meta property=\"og:description\" content=\"Prenota la tua degustazione vini nei Colli Aretini: Chianti DOCG, Riserva e specialit\u00e0 al tartufo. Esperienza autentica ad Arezzo.\" \/>\n<meta property=\"og:url\" content=\"https:\/\/borgunto.com\/de\/wine-tasting-2\/\" \/>\n<meta property=\"og:site_name\" content=\"Azienda Agricola Borgunto - I nostri vini Chianti\" \/>\n<meta property=\"article:publisher\" content=\"https:\/\/www.facebook.com\/borguntooilwinetuscany\" \/>\n<meta property=\"article:modified_time\" content=\"2026-01-11T12:06:10+00:00\" \/>\n<meta name=\"twitter:card\" content=\"summary_large_image\" \/>\n<meta name=\"twitter:label1\" content=\"Gesch\u00e4tzte Lesezeit\" \/>\n\t<meta name=\"twitter:data1\" content=\"1\u00a0Minute\" \/>\n<script type=\"application\/ld+json\" class=\"yoast-schema-graph\">{\"@context\":\"https:\/\/schema.org\",\"@graph\":[{\"@type\":\"WebPage\",\"@id\":\"https:\/\/borgunto.com\/wine-tasting-2\/\",\"url\":\"https:\/\/borgunto.com\/wine-tasting-2\/\",\"name\":\"Azienda Agricola Arezzo | Wine Tasting Experience | Borgunto\",\"isPartOf\":{\"@id\":\"https:\/\/borgunto.com\/#website\"},\"datePublished\":\"2024-05-19T21:13:41+00:00\",\"dateModified\":\"2026-01-11T12:06:10+00:00\",\"description\":\"Prenota la tua degustazione vini nei Colli Aretini: Chianti DOCG, Riserva e specialit\u00e0 al tartufo. Esperienza autentica ad Arezzo.\",\"breadcrumb\":{\"@id\":\"https:\/\/borgunto.com\/wine-tasting-2\/#breadcrumb\"},\"inLanguage\":\"de\",\"potentialAction\":[{\"@type\":\"ReadAction\",\"target\":[\"https:\/\/borgunto.com\/wine-tasting-2\/\"]}]},{\"@type\":\"BreadcrumbList\",\"@id\":\"https:\/\/borgunto.com\/wine-tasting-2\/#breadcrumb\",\"itemListElement\":[{\"@type\":\"ListItem\",\"position\":1,\"name\":\"Home\",\"item\":\"https:\/\/borgunto.com\/\"},{\"@type\":\"ListItem\",\"position\":2,\"name\":\"Wine tasting\"}]},{\"@type\":\"WebSite\",\"@id\":\"https:\/\/borgunto.com\/#website\",\"url\":\"https:\/\/borgunto.com\/\",\"name\":\"Azienda Agricola Borgunto - Olio, Chianti e Tartufo Italiano\",\"description\":\"\",\"publisher\":{\"@id\":\"https:\/\/borgunto.com\/#organization\"},\"potentialAction\":[{\"@type\":\"SearchAction\",\"target\":{\"@type\":\"EntryPoint\",\"urlTemplate\":\"https:\/\/borgunto.com\/?s={search_term_string}\"},\"query-input\":{\"@type\":\"PropertyValueSpecification\",\"valueRequired\":true,\"valueName\":\"search_term_string\"}}],\"inLanguage\":\"de\"},{\"@type\":\"Organization\",\"@id\":\"https:\/\/borgunto.com\/#organization\",\"name\":\"Azienda Agricola Borgunto - Olio, Chianti e Tartufo Italiano\",\"url\":\"https:\/\/borgunto.com\/\",\"logo\":{\"@type\":\"ImageObject\",\"inLanguage\":\"de\",\"@id\":\"https:\/\/borgunto.com\/#\/schema\/logo\/image\/\",\"url\":\"https:\/\/borgunto.com\/wp-content\/uploads\/2021\/04\/cropped-Logo-Borgunto.png\",\"contentUrl\":\"https:\/\/borgunto.com\/wp-content\/uploads\/2021\/04\/cropped-Logo-Borgunto.png\",\"width\":562,\"height\":354,\"caption\":\"Azienda Agricola Borgunto - Olio, Chianti e Tartufo Italiano\"},\"image\":{\"@id\":\"https:\/\/borgunto.com\/#\/schema\/logo\/image\/\"},\"sameAs\":[\"https:\/\/www.facebook.com\/borguntooilwinetuscany\"]}]}<\/script>\n<!-- \/ Yoast SEO Premium plugin. -->","yoast_head_json":{"title":"Azienda Agricola Arezzo | Wine Tasting Experience | Borgunto","description":"Prenota la tua degustazione vini nei Colli Aretini: Chianti DOCG, Riserva e specialit\u00e0 al tartufo. Esperienza autentica ad Arezzo.","robots":{"index":"index","follow":"follow","max-snippet":"max-snippet:-1","max-image-preview":"max-image-preview:large","max-video-preview":"max-video-preview:-1"},"canonical":"https:\/\/borgunto.com\/de\/wine-tasting-2\/","og_locale":"de_DE","og_type":"article","og_title":"Wine tasting","og_description":"Prenota la tua degustazione vini nei Colli Aretini: Chianti DOCG, Riserva e specialit\u00e0 al tartufo. Esperienza autentica ad Arezzo.","og_url":"https:\/\/borgunto.com\/de\/wine-tasting-2\/","og_site_name":"Azienda Agricola Borgunto - I nostri vini Chianti","article_publisher":"https:\/\/www.facebook.com\/borguntooilwinetuscany","article_modified_time":"2026-01-11T12:06:10+00:00","twitter_card":"summary_large_image","twitter_misc":{"Gesch\u00e4tzte Lesezeit":"1\u00a0Minute"},"schema":{"@context":"https:\/\/schema.org","@graph":[{"@type":"WebPage","@id":"https:\/\/borgunto.com\/wine-tasting-2\/","url":"https:\/\/borgunto.com\/wine-tasting-2\/","name":"Azienda Agricola Arezzo | Wine Tasting Experience | Borgunto","isPartOf":{"@id":"https:\/\/borgunto.com\/#website"},"datePublished":"2024-05-19T21:13:41+00:00","dateModified":"2026-01-11T12:06:10+00:00","description":"Prenota la tua degustazione vini nei Colli Aretini: Chianti DOCG, Riserva e specialit\u00e0 al tartufo. Esperienza autentica ad Arezzo.","breadcrumb":{"@id":"https:\/\/borgunto.com\/wine-tasting-2\/#breadcrumb"},"inLanguage":"de","potentialAction":[{"@type":"ReadAction","target":["https:\/\/borgunto.com\/wine-tasting-2\/"]}]},{"@type":"BreadcrumbList","@id":"https:\/\/borgunto.com\/wine-tasting-2\/#breadcrumb","itemListElement":[{"@type":"ListItem","position":1,"name":"Home","item":"https:\/\/borgunto.com\/"},{"@type":"ListItem","position":2,"name":"Wine tasting"}]},{"@type":"WebSite","@id":"https:\/\/borgunto.com\/#website","url":"https:\/\/borgunto.com\/","name":"Azienda Agricola Borgunto - Olio, Chianti e Tartufo Italiano","description":"","publisher":{"@id":"https:\/\/borgunto.com\/#organization"},"potentialAction":[{"@type":"SearchAction","target":{"@type":"EntryPoint","urlTemplate":"https:\/\/borgunto.com\/?s={search_term_string}"},"query-input":{"@type":"PropertyValueSpecification","valueRequired":true,"valueName":"search_term_string"}}],"inLanguage":"de"},{"@type":"Organization","@id":"https:\/\/borgunto.com\/#organization","name":"Azienda Agricola Borgunto - Olio, Chianti e Tartufo Italiano","url":"https:\/\/borgunto.com\/","logo":{"@type":"ImageObject","inLanguage":"de","@id":"https:\/\/borgunto.com\/#\/schema\/logo\/image\/","url":"https:\/\/borgunto.com\/wp-content\/uploads\/2021\/04\/cropped-Logo-Borgunto.png","contentUrl":"https:\/\/borgunto.com\/wp-content\/uploads\/2021\/04\/cropped-Logo-Borgunto.png","width":562,"height":354,"caption":"Azienda Agricola Borgunto - Olio, Chianti e Tartufo Italiano"},"image":{"@id":"https:\/\/borgunto.com\/#\/schema\/logo\/image\/"},"sameAs":["https:\/\/www.facebook.com\/borguntooilwinetuscany"]}]}},"jetpack_sharing_enabled":true,"_links":{"self":[{"href":"https:\/\/borgunto.com\/de\/wp-json\/wp\/v2\/pages\/32266","targetHints":{"allow":["GET"]}}],"collection":[{"href":"https:\/\/borgunto.com\/de\/wp-json\/wp\/v2\/pages"}],"about":[{"href":"https:\/\/borgunto.com\/de\/wp-json\/wp\/v2\/types\/page"}],"author":[{"embeddable":true,"href":"https:\/\/borgunto.com\/de\/wp-json\/wp\/v2\/users\/3"}],"replies":[{"embeddable":true,"href":"https:\/\/borgunto.com\/de\/wp-json\/wp\/v2\/comments?post=32266"}],"version-history":[{"count":12,"href":"https:\/\/borgunto.com\/de\/wp-json\/wp\/v2\/pages\/32266\/revisions"}],"predecessor-version":[{"id":38033,"href":"https:\/\/borgunto.com\/de\/wp-json\/wp\/v2\/pages\/32266\/revisions\/38033"}],"wp:attachment":[{"href":"https:\/\/borgunto.com\/de\/wp-json\/wp\/v2\/media?parent=32266"}],"curies":[{"name":"wp","href":"https:\/\/api.w.org\/{rel}","templated":true}]}}